{"id":936,"date":"2023-04-10T15:34:10","date_gmt":"2023-04-10T07:34:10","guid":{"rendered":"https:\/\/fsportsnet.com\/?post_type=product&#038;p=936"},"modified":"2023-04-10T15:36:06","modified_gmt":"2023-04-10T07:36:06","slug":"baseball-and-softball-ball-caddy","status":"publish","type":"product","link":"https:\/\/fsportsnet.com\/de\/product\/baseball-and-softball-ball-caddy\/","title":{"rendered":"Baseball und Softball Ball Caddy"},"content":{"rendered":"<p>1. Polyester knotenloses Netz: 7 Lagen 1,75\u2033.<br \/>\n2. Stahlrohr: \u03a619mm<br \/>\n3. Dicke: 0,8 mm<br \/>\n4. Gewebebindung: 210D, 420D<br \/>\n5. G.W 1,53kg; N.W 1,28kg<br \/>\n6. Verpacken: Jedes Set in einem K=K-Karton, 107x8x8cm<\/p>\n<ul class=\"a-unordered-list a-vertical a-spacing-mini\">\n<li><span class=\"a-list-item\">\u26be\u3010Gro\u00dfe Kapazit\u00e4t Caddy\u3011Die gro\u00dfe Kapazit\u00e4t Baseball Caddys k\u00f6nnen 100+ Baseballs oder 50+ Softballs, mit einer Tragf\u00e4higkeit von etwa 40lbs, verwenden Sie f\u00fcr Praxis und Wettbewerb.<\/span><\/li>\n<li><span class=\"a-list-item\">\ud83e\udd4e\u3010Faltbar &amp; Tragbar\u3011Der Baseball-Caddy kann in 2 Minuten einfach zusammengebaut werden, faltbar und leichtes Gewicht erm\u00f6glicht es Ihnen, den Caddy leicht zu jedem Trainingsplatz zu tragen.<\/span><\/li>\n<li><span class=\"a-list-item\">\u26be\u3010No Bending Over\u3011Der Baseball-Caddy f\u00fcr B\u00e4lle ist 36 Zoll hoch, was Ihren R\u00fccken schonen kann. Es gibt keine Notwendigkeit, sich zu b\u00fccken, um den Ball aus dem Eimer w\u00e4hrend der langfristigen Praxis zu nehmen.<\/span><\/li>\n<li><span class=\"a-list-item\">\ud83e\udd4e\u3010Stabile Struktur\u3011Die doppelte X-Struktur macht den Ball Caddy ausgewogener, nicht leicht zu fallen, und stabiler und langlebiger. es kann in einer Vielzahl von Veranstaltungsorten (wie Rasen, Beton, Strand, unebenen Boden) verwendet werden.<\/span><\/li>\n<li><span class=\"a-list-item\">\u26be\u3010Professionelles Baseball\/Softball Trainingsger\u00e4t\u3011Jeder Anf\u00e4nger und Spieler sollte einen Ball Caddy mit gro\u00dfer Kapazit\u00e4t haben, der f\u00fcr Baseball\/Softball und andere B\u00e4lle verwendet werden kann.<\/span><\/li>\n<\/ul>","protected":false},"excerpt":{"rendered":"<h5 class=\"a-spacing-mini a-color-secondary\">Merkmale:<\/h5>\n<p class=\"a-spacing-base\">* Gro\u00dfes Fassungsverm\u00f6gen f\u00fcr 100+ Baseballs oder 50+ Softballs.<\/p>\n<p class=\"a-spacing-base\">* X-Struktur f\u00fcr mehr Robustheit und Stabilit\u00e4t.<\/p>\n<p class=\"a-spacing-base\">* Schnell aufgebaut und leicht zusammenklappbar.<\/p>","protected":false},"featured_media":907,"template":"","meta":{"_gspb_post_css":""},"product_brand":[],"product_cat":[25],"product_tag":[],"class_list":{"0":"post-936","1":"product","2":"type-product","3":"status-publish","4":"has-post-thumbnail","6":"product_cat-baseball-net","8":"first","9":"instock","10":"shipping-taxable","11":"product-type-simple"},"_links":{"self":[{"href":"https:\/\/fsportsnet.com\/de\/wp-json\/wp\/v2\/product\/936","targetHints":{"allow":["GET"]}}],"collection":[{"href":"https:\/\/fsportsnet.com\/de\/wp-json\/wp\/v2\/product"}],"about":[{"href":"https:\/\/fsportsnet.com\/de\/wp-json\/wp\/v2\/types\/product"}],"wp:featuredmedia":[{"embeddable":true,"href":"https:\/\/fsportsnet.com\/de\/wp-json\/wp\/v2\/media\/907"}],"wp:attachment":[{"href":"https:\/\/fsportsnet.com\/de\/wp-json\/wp\/v2\/media?parent=936"}],"wp:term":[{"taxonomy":"product_brand","embeddable":true,"href":"https:\/\/fsportsnet.com\/de\/wp-json\/wp\/v2\/product_brand?post=936"},{"taxonomy":"product_cat","embeddable":true,"href":"https:\/\/fsportsnet.com\/de\/wp-json\/wp\/v2\/product_cat?post=936"},{"taxonomy":"product_tag","embeddable":true,"href":"https:\/\/fsportsnet.com\/de\/wp-json\/wp\/v2\/product_tag?post=936"}],"curies":[{"name":"wp","href":"https:\/\/api.w.org\/{rel}","templated":true}]}}