{"id":937,"date":"2023-04-10T15:38:54","date_gmt":"2023-04-10T07:38:54","guid":{"rendered":"https:\/\/fsportsnet.com\/?post_type=product&#038;p=937"},"modified":"2023-04-10T15:41:12","modified_gmt":"2023-04-10T07:41:12","slug":"baseball-tee-softball-travel-portable-tee","status":"publish","type":"product","link":"https:\/\/fsportsnet.com\/de\/product\/baseball-tee-softball-travel-portable-tee\/","title":{"rendered":"Baseball Tee Softball Travel Portable Tee"},"content":{"rendered":"<p>1. Gr\u00f6\u00dfe: H28\u2033\/71cm<br \/>\n2. Material: Metallstange, Kunststoff<br \/>\n3. Inhalt: Verl\u00e4ngerungstee<br \/>\n4. Verpacken: Jeder Satz in einem K=K-Karton, 10*10*53cm\/1 Satz, G.W 1.2Kg, N.W 1.05kg<\/p>\n<ul class=\"a-unordered-list a-vertical a-spacing-mini\">\n<li><span class=\"a-list-item\">1.\u3010STURDY TRIPOD STAND\u3011batting tee ,baseball tee ,softball tee, Sturdy tripod configuration provides stability and collapses for hitting or batting.Tee holders.<\/span><\/li>\n<li><span class=\"a-list-item\">2.\u3010DURABLE-HIGH QUALITY WRAPPED RUBBER\u3011Jedes Fsports Tee top ist handgerollt, stark und langlebig, die f\u00fcr Arten von B\u00e4llen geeignet ist, mit guter Elastizit\u00e4t, wie Baseball, Softball, Training Ball und das echte Schlagen Gef\u00fchle mit speziellen Gr\u00f6\u00dfe Design haben.<\/span><\/li>\n<li><span class=\"a-list-item\">3. \u3010EINFACH EINZURICHTEN\u3011 Die H\u00f6he des Abschlagtees l\u00e4sst sich leicht von 27,5 bis 48 Zoll durch Kinderh\u00e4nde einstellen, ohne Werkzeug! perfekt f\u00fcr Spieler vom Anf\u00e4nger bis zum Profi.<\/span><\/li>\n<li><span class=\"a-list-item\">4.\u3010PORTABLE ZU NEHMEN\u3011 Neue Verbesserung mit Tragetasche, einfach zu falten f\u00fcr den Abschlag und nehmen durch Tasche. Geeignet f\u00fcr innen und au\u00dfen.<\/span><\/li>\n<li><span class=\"a-list-item\">5.\u3010HIGH VALUABLE\u3011Handcrafted in den USA mit inl\u00e4ndischen und einige importierte Material, haben akzeptiert und empfohlen von vielen professionellen und Anf\u00e4nger. Es ist w\u00fcrdig, es zu haben!<\/span><\/li>\n<\/ul>","protected":false},"excerpt":{"rendered":"<h5 class=\"a-spacing-mini a-color-secondary\">Merkmale:<\/h5>\n<p class=\"a-spacing-base\">* Gro\u00dfes Fassungsverm\u00f6gen f\u00fcr 100+ Baseballs oder 50+ Softballs.<\/p>\n<p class=\"a-spacing-base\">* X-Struktur f\u00fcr mehr Robustheit und Stabilit\u00e4t.<\/p>\n<p class=\"a-spacing-base\">* Schnell aufgebaut und leicht zusammenklappbar.<\/p>","protected":false},"featured_media":908,"template":"","meta":{"_gspb_post_css":""},"product_brand":[],"product_cat":[25],"product_tag":[],"class_list":{"0":"post-937","1":"product","2":"type-product","3":"status-publish","4":"has-post-thumbnail","6":"product_cat-baseball-net","8":"first","9":"instock","10":"shipping-taxable","11":"product-type-simple"},"_links":{"self":[{"href":"https:\/\/fsportsnet.com\/de\/wp-json\/wp\/v2\/product\/937","targetHints":{"allow":["GET"]}}],"collection":[{"href":"https:\/\/fsportsnet.com\/de\/wp-json\/wp\/v2\/product"}],"about":[{"href":"https:\/\/fsportsnet.com\/de\/wp-json\/wp\/v2\/types\/product"}],"wp:featuredmedia":[{"embeddable":true,"href":"https:\/\/fsportsnet.com\/de\/wp-json\/wp\/v2\/media\/908"}],"wp:attachment":[{"href":"https:\/\/fsportsnet.com\/de\/wp-json\/wp\/v2\/media?parent=937"}],"wp:term":[{"taxonomy":"product_brand","embeddable":true,"href":"https:\/\/fsportsnet.com\/de\/wp-json\/wp\/v2\/product_brand?post=937"},{"taxonomy":"product_cat","embeddable":true,"href":"https:\/\/fsportsnet.com\/de\/wp-json\/wp\/v2\/product_cat?post=937"},{"taxonomy":"product_tag","embeddable":true,"href":"https:\/\/fsportsnet.com\/de\/wp-json\/wp\/v2\/product_tag?post=937"}],"curies":[{"name":"wp","href":"https:\/\/api.w.org\/{rel}","templated":true}]}}