{"id":939,"date":"2023-04-10T15:59:48","date_gmt":"2023-04-10T07:59:48","guid":{"rendered":"https:\/\/fsportsnet.com\/?post_type=product&#038;p=939"},"modified":"2023-04-10T16:41:29","modified_gmt":"2023-04-10T08:41:29","slug":"football-trainer-throwing-net","status":"publish","type":"product","link":"https:\/\/fsportsnet.com\/de\/product\/football-trainer-throwing-net\/","title":{"rendered":"Fu\u00dfballtrainer Wurfnetz"},"content":{"rendered":"<ul class=\"a-unordered-list a-vertical a-spacing-mini\">\n<li><span class=\"a-list-item\">ULTIMATIVE TRAININGSHILFE: Perfektes \u00dcbungsnetz f\u00fcr Fu\u00dfballspieler aller Leistungsklassen f\u00fcr Snapping-, Wurf-, Kurzpass-, Langpass\u00fcbungen und mehr!<\/span><\/li>\n<li><span class=\"a-list-item\">WURFNETZ: 6 ft, 7ft, 8ft.QB-Trainingsnetz mit 3 Zieltaschen, die erstklassige Empfangsbereiche simulieren<\/span><\/li>\n<li><span class=\"a-list-item\">GENAUIGKEIT VERBESSERN: Entwickelt die F\u00e4higkeiten des Quarterbacks und der Spieler, mit P\u00e4ssen ihren Standort zu treffen, um die Abschlussquote im Spiel zu verbessern.<\/span><\/li>\n<li><span class=\"a-list-item\">SCHNELLER AUFBAU: Verst\u00e4rkte faltbare Bogen Typ Rahmen mit hoher Dichte Polyester Netz und tragbare Tragetasche; Ideal f\u00fcr Fu\u00dfballspieler, Trainer und Lager<\/span><\/li>\n<\/ul>","protected":false},"excerpt":{"rendered":"<p id=\"title\" class=\"a-size-large a-spacing-none\"><span id=\"productTitle\" class=\"a-size-large product-title-word-break\">W\u00e4hlen Sie zwischen 8 ft x 8 ft oder 6 ft x 6 ft Netzen - Verbessern Sie die QB-Wurfgenauigkeit - Inklusive faltbarem Bogenrahmen und tragbarer Tragetasche<\/span><\/p>","protected":false},"featured_media":704,"template":"","meta":{"_gspb_post_css":""},"product_brand":[],"product_cat":[25,30],"product_tag":[],"class_list":{"0":"post-939","1":"product","2":"type-product","3":"status-publish","4":"has-post-thumbnail","6":"product_cat-baseball-net","7":"product_cat-football-goal","9":"first","10":"instock","11":"shipping-taxable","12":"product-type-simple"},"_links":{"self":[{"href":"https:\/\/fsportsnet.com\/de\/wp-json\/wp\/v2\/product\/939","targetHints":{"allow":["GET"]}}],"collection":[{"href":"https:\/\/fsportsnet.com\/de\/wp-json\/wp\/v2\/product"}],"about":[{"href":"https:\/\/fsportsnet.com\/de\/wp-json\/wp\/v2\/types\/product"}],"wp:featuredmedia":[{"embeddable":true,"href":"https:\/\/fsportsnet.com\/de\/wp-json\/wp\/v2\/media\/704"}],"wp:attachment":[{"href":"https:\/\/fsportsnet.com\/de\/wp-json\/wp\/v2\/media?parent=939"}],"wp:term":[{"taxonomy":"product_brand","embeddable":true,"href":"https:\/\/fsportsnet.com\/de\/wp-json\/wp\/v2\/product_brand?post=939"},{"taxonomy":"product_cat","embeddable":true,"href":"https:\/\/fsportsnet.com\/de\/wp-json\/wp\/v2\/product_cat?post=939"},{"taxonomy":"product_tag","embeddable":true,"href":"https:\/\/fsportsnet.com\/de\/wp-json\/wp\/v2\/product_tag?post=939"}],"curies":[{"name":"wp","href":"https:\/\/api.w.org\/{rel}","templated":true}]}}