{"id":942,"date":"2023-04-10T16:49:01","date_gmt":"2023-04-10T08:49:01","guid":{"rendered":"https:\/\/fsportsnet.com\/?post_type=product&#038;p=942"},"modified":"2023-04-10T22:05:43","modified_gmt":"2023-04-10T14:05:43","slug":"golf-net-basics-portable-driving-practice-net","status":"publish","type":"product","link":"https:\/\/fsportsnet.com\/de\/product\/golf-net-basics-portable-driving-practice-net\/","title":{"rendered":"Golf Net Basics Tragbares \u00dcbungsnetz"},"content":{"rendered":"<ul class=\"a-unordered-list a-vertical a-spacing-mini\">\n<li>GOLF NET<br \/>\n1. Gr\u00f6\u00dfe: 10 x 7 x 3\u2032<br \/>\n2. Rahmen: \u03a61 \u201ddia 1.0mm Dicke Metallrohr &amp; schwarze Pulverbeschichtung<br \/>\n3. Stange: \u03a614mm solides schwarzes Glasfaserkabel<br \/>\n4. Netz: 4 Lagen 1\u2033 schwarzes knotenloses Polyesternetz mit 420D Gewebeeinband<br \/>\n5. Tasche: 600D Oxford-Gewebe<br \/>\n6. Verpacken: Jeder Satz in einem K=K-Karton, 14,8*14,8*114cm\/1 Satz<br \/>\n7. Gewicht: 7,76 kg; Gewicht: 7,26 kg<\/li>\n<li><span class=\"a-list-item\">100% Polyester<\/span><\/li>\n<li><span class=\"a-list-item\">Eingef\u00fchrt<\/span><\/li>\n<li><span class=\"a-list-item\">Golfnetz mit gro\u00dfer Abschlagfl\u00e4che f\u00fcr sicheres \u00dcben des Golfschwungs; f\u00fcr den Innen- und Au\u00dfenbereich geeignet<\/span><\/li>\n<li><span class=\"a-list-item\">Strapazierf\u00e4higes Schlagnetz f\u00e4ngt B\u00e4lle auf und bewahrt sie ordentlich an der Basis auf, um sie praktisch und zeitsparend wiederzufinden<\/span><\/li>\n<li><span class=\"a-list-item\">Robustes, aber leichtes Design aus Metall und Fiberglas; bequem zu transportieren, um \u00fcberall und jederzeit zu \u00fcben<\/span><\/li>\n<li><span class=\"a-list-item\">Schneller, einfacher Auf- und Abbau; 4 Metallpfl\u00f6cke und eine Tragetasche f\u00fcr Lagerung und Transport sind im Lieferumfang enthalten<\/span><\/li>\n<\/ul>","protected":false},"excerpt":{"rendered":"<p id=\"title\" class=\"a-size-large a-spacing-none\"><span id=\"productTitle\" class=\"a-size-large product-title-word-break\">Golf Netz Bundle Golf Praxis Netz 10\u00d77 Fu\u00df mit Golf Chipping Nets Golf Hitting Mat &amp; Golfb\u00e4lle in Tragetasche verpackt f\u00fcr Hinterhof Driving Indoor Outdoor<\/span><\/p>","protected":false},"featured_media":948,"template":"","meta":{"_gspb_post_css":""},"product_brand":[],"product_cat":[26],"product_tag":[],"class_list":{"0":"post-942","1":"product","2":"type-product","3":"status-publish","4":"has-post-thumbnail","6":"product_cat-golf-net","8":"first","9":"instock","10":"shipping-taxable","11":"product-type-simple"},"_links":{"self":[{"href":"https:\/\/fsportsnet.com\/de\/wp-json\/wp\/v2\/product\/942","targetHints":{"allow":["GET"]}}],"collection":[{"href":"https:\/\/fsportsnet.com\/de\/wp-json\/wp\/v2\/product"}],"about":[{"href":"https:\/\/fsportsnet.com\/de\/wp-json\/wp\/v2\/types\/product"}],"wp:featuredmedia":[{"embeddable":true,"href":"https:\/\/fsportsnet.com\/de\/wp-json\/wp\/v2\/media\/948"}],"wp:attachment":[{"href":"https:\/\/fsportsnet.com\/de\/wp-json\/wp\/v2\/media?parent=942"}],"wp:term":[{"taxonomy":"product_brand","embeddable":true,"href":"https:\/\/fsportsnet.com\/de\/wp-json\/wp\/v2\/product_brand?post=942"},{"taxonomy":"product_cat","embeddable":true,"href":"https:\/\/fsportsnet.com\/de\/wp-json\/wp\/v2\/product_cat?post=942"},{"taxonomy":"product_tag","embeddable":true,"href":"https:\/\/fsportsnet.com\/de\/wp-json\/wp\/v2\/product_tag?post=942"}],"curies":[{"name":"wp","href":"https:\/\/api.w.org\/{rel}","templated":true}]}}