{"id":957,"date":"2023-04-10T22:05:52","date_gmt":"2023-04-10T14:05:52","guid":{"rendered":"https:\/\/fsportsnet.com\/?post_type=product&#038;p=957"},"modified":"2023-04-10T22:11:27","modified_gmt":"2023-04-10T14:11:27","slug":"golf-practice-net-10x7-feet-golf-hitting-mat-for-backyard-driving","status":"publish","type":"product","link":"https:\/\/fsportsnet.com\/de\/product\/golf-practice-net-10x7-feet-golf-hitting-mat-for-backyard-driving\/","title":{"rendered":"Golf Practice Net 10\u00d77 Fu\u00df Golf Hitting Mat f\u00fcr Hinterhof Driving"},"content":{"rendered":"<ul class=\"a-unordered-list a-vertical a-spacing-mini\">\n<li>GOLF NET<br \/>\n1. Gr\u00f6\u00dfe: 10 x 7 x 3\u2032<br \/>\n2. Rahmen: \u03a61 \u201ddia 1.0mm Dicke Metallrohr &amp; schwarze Pulverbeschichtung<br \/>\n3. Stange: \u03a614mm solides schwarzes Glasfaserkabel<br \/>\n4. Netz: 4 Lagen 1\u2033 schwarzes knotenloses Polyesternetz mit 420D Gewebeeinband<br \/>\n5. Tasche: 600D Oxford-Gewebe<br \/>\n6. Verpacken: Jeder Satz in einem K=K-Karton, 14,8*14,8*114cm\/1 Satz<br \/>\n7. Gewicht: 7,76 kg; Gewicht: 7,26 kg<\/li>\n<li><span class=\"a-list-item\">Pers\u00f6nliche Driving Range: Verbessern Sie Ihren Schwung drinnen oder drau\u00dfen mit diesem tragbaren Golfschl\u00e4gernetz f\u00fcr zu Hause (Matte nicht enthalten)<\/span><\/li>\n<li><span class=\"a-list-item\">Langlebiges Material: Das strapazierf\u00e4hige Netz besteht aus verst\u00e4rktem 4-lagigem knotenlosem Netz und solide Fiberglas-St\u00fctzstangen mit bogenf\u00f6rmigem Rahmendesign sorgen f\u00fcr mehr Stabilit\u00e4t<\/span><\/li>\n<li><span class=\"a-list-item\">Schnelle und einfache Montage: Bauen Sie Ihre Driving Range in nur wenigen Minuten auf! Sie k\u00f6nnen den Spa\u00df am Golfschwung zu Hause, im Hinterhof, in einem Park, in einer Garage, im Keller, am Pool oder mit jedem Schl\u00e4ger genie\u00dfen<\/span><\/li>\n<li><span class=\"a-list-item\">Tragbar und faltbar: Das Golf-Trainingsger\u00e4t wird mit einer Tragetasche geliefert, die es Ihnen erm\u00f6glicht, es leicht zu packen und \u00fcberall hin mitzunehmen<\/span><\/li>\n<\/ul>","protected":false},"excerpt":{"rendered":"<p id=\"title\" class=\"a-size-large a-spacing-none\"><span id=\"productTitle\" class=\"a-size-large product-title-word-break\">Golf Netz Bundle Golf Praxis Netz 10\u00d77 Fu\u00df mit Golf Chipping Nets Golf Hitting Mat &amp; Golfb\u00e4lle in Tragetasche verpackt f\u00fcr Hinterhof Driving Indoor Outdoor<\/span><\/p>","protected":false},"featured_media":953,"template":"","meta":{"_gspb_post_css":""},"product_brand":[],"product_cat":[26],"product_tag":[],"class_list":{"0":"post-957","1":"product","2":"type-product","3":"status-publish","4":"has-post-thumbnail","6":"product_cat-golf-net","8":"first","9":"instock","10":"shipping-taxable","11":"product-type-simple"},"_links":{"self":[{"href":"https:\/\/fsportsnet.com\/de\/wp-json\/wp\/v2\/product\/957","targetHints":{"allow":["GET"]}}],"collection":[{"href":"https:\/\/fsportsnet.com\/de\/wp-json\/wp\/v2\/product"}],"about":[{"href":"https:\/\/fsportsnet.com\/de\/wp-json\/wp\/v2\/types\/product"}],"wp:featuredmedia":[{"embeddable":true,"href":"https:\/\/fsportsnet.com\/de\/wp-json\/wp\/v2\/media\/953"}],"wp:attachment":[{"href":"https:\/\/fsportsnet.com\/de\/wp-json\/wp\/v2\/media?parent=957"}],"wp:term":[{"taxonomy":"product_brand","embeddable":true,"href":"https:\/\/fsportsnet.com\/de\/wp-json\/wp\/v2\/product_brand?post=957"},{"taxonomy":"product_cat","embeddable":true,"href":"https:\/\/fsportsnet.com\/de\/wp-json\/wp\/v2\/product_cat?post=957"},{"taxonomy":"product_tag","embeddable":true,"href":"https:\/\/fsportsnet.com\/de\/wp-json\/wp\/v2\/product_tag?post=957"}],"curies":[{"name":"wp","href":"https:\/\/api.w.org\/{rel}","templated":true}]}}