{"id":967,"date":"2023-04-14T11:24:16","date_gmt":"2023-04-14T03:24:16","guid":{"rendered":"https:\/\/fsportsnet.com\/?post_type=product&#038;p=967"},"modified":"2023-04-15T11:41:37","modified_gmt":"2023-04-15T03:41:37","slug":"golf-net-shank-net-attachment-for-golf-hitting-nets","status":"publish","type":"product","link":"https:\/\/fsportsnet.com\/de\/product\/golf-net-shank-net-attachment-for-golf-hitting-nets\/","title":{"rendered":"GOLF NET Schaftnetzbefestigung f\u00fcr Golf-Schlagnetze"},"content":{"rendered":"<ul>\n<li>GOLF NET Schaftnetzbefestigung f\u00fcr Golf-Schlagnetze<\/li>\n<li>SHANK-NETZ: Wird an 10\u00d77 und 7\u00d77 Golfschl\u00e4gernetzen befestigt, um ein zweites Netz zu schaffen, das hilft, seitliche Fehlschl\u00e4ge (die gef\u00fcrchtete Schaft- oder Hosel-Rakete) abzufangen.<\/li>\n<li>LINKS- ODER RECHTH\u00c4NDIG: Kann an beiden Seiten des Golfnetzes befestigt werden, so dass es sowohl f\u00fcr Links- als auch f\u00fcr Rechtsh\u00e4nder geeignet ist. Es m\u00fcssen 2 Netze gekauft werden, wenn Sie den Schutz auf beiden Seiten gleichzeitig ben\u00f6tigen.<\/li>\n<li>VERWENDUNG IM INNEN- ODER AUSSENBEREICH: Der beschwerte Sandsack (Sand nicht im Lieferumfang enthalten) kann drinnen oder drau\u00dfen auf jeder Oberfl\u00e4che verwendet werden.<\/li>\n<li>EINFACHES CLIP-ON-NETZ: In Sekundenschnelle aufgebaut, kein Werkzeug erforderlich<\/li>\n<\/ul>","protected":false},"excerpt":{"rendered":"<p id=\"title\" class=\"a-size-large a-spacing-none\"><span id=\"productTitle\" class=\"a-size-large product-title-word-break\">Golf Net Bundle Golf Practice Net 10x8feet mit Golf Chipping Nets Golf Hitting Mat &amp; Golfb\u00e4lle verpackt in Tragetasche f\u00fcr Hinterhof Driving Indoor Outdoor<\/span><\/p>","protected":false},"featured_media":1003,"template":"","meta":{"_gspb_post_css":""},"product_brand":[],"product_cat":[26],"product_tag":[],"class_list":{"0":"post-967","1":"product","2":"type-product","3":"status-publish","4":"has-post-thumbnail","6":"product_cat-golf-net","8":"first","9":"instock","10":"shipping-taxable","11":"product-type-simple"},"_links":{"self":[{"href":"https:\/\/fsportsnet.com\/de\/wp-json\/wp\/v2\/product\/967","targetHints":{"allow":["GET"]}}],"collection":[{"href":"https:\/\/fsportsnet.com\/de\/wp-json\/wp\/v2\/product"}],"about":[{"href":"https:\/\/fsportsnet.com\/de\/wp-json\/wp\/v2\/types\/product"}],"wp:featuredmedia":[{"embeddable":true,"href":"https:\/\/fsportsnet.com\/de\/wp-json\/wp\/v2\/media\/1003"}],"wp:attachment":[{"href":"https:\/\/fsportsnet.com\/de\/wp-json\/wp\/v2\/media?parent=967"}],"wp:term":[{"taxonomy":"product_brand","embeddable":true,"href":"https:\/\/fsportsnet.com\/de\/wp-json\/wp\/v2\/product_brand?post=967"},{"taxonomy":"product_cat","embeddable":true,"href":"https:\/\/fsportsnet.com\/de\/wp-json\/wp\/v2\/product_cat?post=967"},{"taxonomy":"product_tag","embeddable":true,"href":"https:\/\/fsportsnet.com\/de\/wp-json\/wp\/v2\/product_tag?post=967"}],"curies":[{"name":"wp","href":"https:\/\/api.w.org\/{rel}","templated":true}]}}