{"id":968,"date":"2023-04-14T16:19:43","date_gmt":"2023-04-14T08:19:43","guid":{"rendered":"https:\/\/fsportsnet.com\/?post_type=product&#038;p=968"},"modified":"2023-04-15T11:31:56","modified_gmt":"2023-04-15T03:31:56","slug":"golf-practice-hitting-net-choose-between-huge-10x7-or-7x7-nets","status":"publish","type":"product","link":"https:\/\/fsportsnet.com\/de\/product\/golf-practice-hitting-net-choose-between-huge-10x7-or-7x7-nets\/","title":{"rendered":"Golf Practice Hitting Net W\u00e4hlen Sie zwischen riesigen 10\u2019x7\u2032 oder 7\u2019x7\u2032 Netzen"},"content":{"rendered":"<ul class=\"a-unordered-list a-vertical a-spacing-mini\">\n<li>GOLF NET<br \/>\n10 ft x 7 ft PRO NET: Das ultimative Overkill-Netz f\u00fcr alle Ihre Trainingsbed\u00fcrfnisse und mehr; Wir haben unser #1 verkaufsstarkes 10 ftx7 ft Golfnetz genommen und es mit einem 2x st\u00e4rkeren Netz f\u00fcr Golfer, die das h\u00f6chstwertige Netz wollen, noch einen Tick besser gemacht<br \/>\nHEX POCKET: Unverwechselbare sechseckige Tasche, die sich von der Masse abhebt und die Golfb\u00e4lle w\u00e4hrend des Trainings ordentlich auff\u00e4ngt; perfekt f\u00fcr Golfer aller Spielst\u00e4rken zum \u00dcben zu Hause<br \/>\nSCHNELLER AUFBAU: Der mitgelieferte Bogenrahmen l\u00e4sst sich in 90 Sekunden zu einem riesigen Netz mit den Ma\u00dfen 10 Fu\u00df x 7 Fu\u00df aufstellen und mit Metallpf\u00e4hlen verankern (optional), was das Netz unglaublich robust und stabil macht; f\u00fcr den Transport l\u00e4sst es sich leicht in einer Tragetasche zerlegen<br \/>\nBUILT TO LAST: Das Netz ist 2x st\u00e4rker als die f\u00fchrenden Golfnetze f\u00fcr ultimative Haltbarkeit<\/li>\n<\/ul>","protected":false},"excerpt":{"rendered":"<p id=\"title\" class=\"a-size-large a-spacing-none\"><span id=\"productTitle\" class=\"a-size-large product-title-word-break\">Golfnetz-B\u00fcndel Golf-\u00dcbungsnetz Pers\u00f6nliche Driving Range f\u00fcr den Innen- oder Au\u00dfeneinsatz f\u00fcr Golfer<\/span><\/p>","protected":false},"featured_media":961,"template":"","meta":{"_gspb_post_css":""},"product_brand":[],"product_cat":[26],"product_tag":[],"class_list":{"0":"post-968","1":"product","2":"type-product","3":"status-publish","4":"has-post-thumbnail","6":"product_cat-golf-net","8":"first","9":"instock","10":"shipping-taxable","11":"product-type-simple"},"_links":{"self":[{"href":"https:\/\/fsportsnet.com\/de\/wp-json\/wp\/v2\/product\/968","targetHints":{"allow":["GET"]}}],"collection":[{"href":"https:\/\/fsportsnet.com\/de\/wp-json\/wp\/v2\/product"}],"about":[{"href":"https:\/\/fsportsnet.com\/de\/wp-json\/wp\/v2\/types\/product"}],"wp:featuredmedia":[{"embeddable":true,"href":"https:\/\/fsportsnet.com\/de\/wp-json\/wp\/v2\/media\/961"}],"wp:attachment":[{"href":"https:\/\/fsportsnet.com\/de\/wp-json\/wp\/v2\/media?parent=968"}],"wp:term":[{"taxonomy":"product_brand","embeddable":true,"href":"https:\/\/fsportsnet.com\/de\/wp-json\/wp\/v2\/product_brand?post=968"},{"taxonomy":"product_cat","embeddable":true,"href":"https:\/\/fsportsnet.com\/de\/wp-json\/wp\/v2\/product_cat?post=968"},{"taxonomy":"product_tag","embeddable":true,"href":"https:\/\/fsportsnet.com\/de\/wp-json\/wp\/v2\/product_tag?post=968"}],"curies":[{"name":"wp","href":"https:\/\/api.w.org\/{rel}","templated":true}]}}