{"id":1027,"date":"2023-04-15T11:48:20","date_gmt":"2023-04-15T03:48:20","guid":{"rendered":"https:\/\/fsportsnet.com\/?post_type=product&#038;p=1027"},"modified":"2023-04-15T11:52:25","modified_gmt":"2023-04-15T03:52:25","slug":"masters-golf-net-cage-with-complete-frame","status":"publish","type":"product","link":"https:\/\/fsportsnet.com\/es\/product\/masters-golf-net-cage-with-complete-frame\/","title":{"rendered":"Jaula de red de golf Masters con marco completo"},"content":{"rendered":"<ul class=\"a-unordered-list a-vertical a-spacing-mini\">\n<li>1. Tama\u00f1o: 3mx3mx3m<br \/>\n2. Red: Red de poli\u00e9ster de 3 capas de 1<br \/>\n3. Tubo de acero: 31.8mmx0.8mm<br \/>\n4. Red objetivo: 420D oxford<br \/>\n5. Con EVA<\/li>\n<li>Golf Cage Net - 10x10x10ft, Golf Hitting Net and Personal Driving Range for Indoor and Outdoor Practice, with Storage Bag and Golf Mat, Hang for Ceiling, Garage, Basement, or The Frame You Made.<\/li>\n<li>Red de jaula de golf de una pieza: Construcci\u00f3n de malla sin nudos, cord\u00f3n de poli\u00e9ster de 3 mm de di\u00e1metro, malla cuadrada de 20 mm y borde reforzado de 7 mm, el tama\u00f1o es de 10 x 10 x 10 pies (ancho*alto*fondo). No incluye los postes o los accesorios del marco.<\/li>\n<li>Red de golpeo de golf duradera: Dise\u00f1ada para atrapar pelotas de golf, y puede absorber el alto impacto de pelotas de golf reales. Tambi\u00e9n se utiliza para la pr\u00e1ctica de bateo seguro como el b\u00e9isbol, softbol, etc. Ideal para equipos de entrenamiento de golf en interiores y exteriores en todas las condiciones clim\u00e1ticas.<\/li>\n<li>Red de pr\u00e1ctica de golf port\u00e1til: Viene con una bolsa de transporte, f\u00e1cil de almacenar y transportar a cualquier lugar que desee. Con una alfombra de golf extra de 12\u2033 X 24\u2033 para un mejor swing.<\/li>\n<li>Campo de pr\u00e1cticas personal: Gran receptor de pelotas de golf y libertad para practicar en cualquier lugar y en cualquier momento. Usted puede mejorar sus habilidades de swing por golpear pelotas de golf en la red de golpeo, se puede ahorrar el tiempo de perseguir pelotas para m\u00e1s pr\u00e1ctica. La pr\u00e1ctica hace al maestro - sigue practicando.<\/li>\n<li>Amplia aplicaci\u00f3n: Ofrece una amplia zona de golpeo para golfistas principiantes y profesionales. Se puede colgar de un techo, garaje, s\u00f3tano, o el marco que hizo, se puede aplicar en casa, en el patio trasero, en un parque, en un campo de pr\u00e1cticas, y m\u00e1s.<\/li>\n<li>Red de jaula de una sola pieza con ambos lados, la parte superior y la parte posterior cosidos juntos, cuerda de borde overlocked en todos los bordes.<\/li>\n<\/ul>","protected":false},"excerpt":{"rendered":"<p id=\"title\" class=\"a-size-large a-spacing-none\">Red de golpeo de golf y campo de pr\u00e1cticas personal para interiores y exteriores, con bolsa de almacenamiento y alfombrilla de golf, colgar para el techo, garaje, s\u00f3tano, o el marco que usted hizo<\/p>","protected":false},"featured_media":966,"template":"","meta":{"_gspb_post_css":""},"product_brand":[],"product_cat":[26],"product_tag":[],"class_list":{"0":"post-1027","1":"product","2":"type-product","3":"status-publish","4":"has-post-thumbnail","6":"product_cat-golf-net","8":"first","9":"instock","10":"shipping-taxable","11":"product-type-simple"},"_links":{"self":[{"href":"https:\/\/fsportsnet.com\/es\/wp-json\/wp\/v2\/product\/1027","targetHints":{"allow":["GET"]}}],"collection":[{"href":"https:\/\/fsportsnet.com\/es\/wp-json\/wp\/v2\/product"}],"about":[{"href":"https:\/\/fsportsnet.com\/es\/wp-json\/wp\/v2\/types\/product"}],"wp:featuredmedia":[{"embeddable":true,"href":"https:\/\/fsportsnet.com\/es\/wp-json\/wp\/v2\/media\/966"}],"wp:attachment":[{"href":"https:\/\/fsportsnet.com\/es\/wp-json\/wp\/v2\/media?parent=1027"}],"wp:term":[{"taxonomy":"product_brand","embeddable":true,"href":"https:\/\/fsportsnet.com\/es\/wp-json\/wp\/v2\/product_brand?post=1027"},{"taxonomy":"product_cat","embeddable":true,"href":"https:\/\/fsportsnet.com\/es\/wp-json\/wp\/v2\/product_cat?post=1027"},{"taxonomy":"product_tag","embeddable":true,"href":"https:\/\/fsportsnet.com\/es\/wp-json\/wp\/v2\/product_tag?post=1027"}],"curies":[{"name":"wp","href":"https:\/\/api.w.org\/{rel}","templated":true}]}}