{"id":1028,"date":"2023-04-15T11:52:35","date_gmt":"2023-04-15T03:52:35","guid":{"rendered":"https:\/\/fsportsnet.com\/?post_type=product&#038;p=1028"},"modified":"2023-04-15T13:46:42","modified_gmt":"2023-04-15T05:46:42","slug":"durable-golf-hitting-net-cage-driving-range-for-indoor-and-outdoor","status":"publish","type":"product","link":"https:\/\/fsportsnet.com\/es\/product\/durable-golf-hitting-net-cage-driving-range-for-indoor-and-outdoor\/","title":{"rendered":"Red de golpeo de golf duradera Jaula de pr\u00e1cticas para interior y exterior"},"content":{"rendered":"<ul class=\"a-unordered-list a-vertical a-spacing-mini\">\n<li>Red de pr\u00e1ctica de golf Red de entrenamiento de golpeo con diana<br \/>\nMalla de nailon y poli\u00e9ster, varillas de fibra de vidrio de 0,4 pulgadas y tejido Oxford 420D<br \/>\nDise\u00f1ado por expertos en redes deportivas y de golf<br \/>\nRed de golf todo en uno - Este equipo de entrenamiento de golf incluye una red de pr\u00e1ctica de golf con una alfombra de golf tri-turf, 1 diana de golf de impacto, 10 pelotas de pr\u00e1ctica de golf, 7 tees de golf y 2 tees de goma de golf. Nuestra red de pr\u00e1ctica de golf con alfombra de golpeo es un equipo de entrenamiento de golf ideal para los golfistas de todos los niveles de habilidad para mejorar su t\u00e9cnica de golf de conducci\u00f3n y chipping. La red de golf de 10x7 pies para uso en interiores es lo suficientemente grande como para atrapar todos los tiros. Un regalo de golf perfecto para hombres.<br \/>\nRed de golf incre\u00edblemente duradera - Nuestra red duradera puede soportar f\u00e1cilmente velocidades de bola de hasta 200 mph. Esta red de golpeo de golf est\u00e1 fabricada con red sin nudos de 5 capas y tela Oxford 420D para una mayor durabilidad. Dise\u00f1ada por expertos en redes para golf y deportes, nuestra red el\u00e1stica y resistente permite un campo de pr\u00e1cticas de alta intensidad en interiores y exteriores. Nuestra ayuda de entrenamiento de golf tambi\u00e9n cuenta con fuertes postes de fibra de vidrio y estacas de tierra para una construcci\u00f3n robusta y s\u00f3lida.<br \/>\nConstruida para durar - En comparaci\u00f3n con las redes de nylon que se encogen y se pudren, esta red de golf HDPE de alta densidad es resistente a la putrefacci\u00f3n y tratada contra los rayos UV. Nuestra red de golf para interiores es adecuada para uso en interiores y exteriores. Adem\u00e1s, los postes de fibra de vidrio resistentes a la corrosi\u00f3n proporcionan una larga durabilidad.<br \/>\nMontaje o desmontaje en 90 segundos - Nuestra red de golf se puede montar y desmontar en s\u00f3lo 90 segundos con un manual de instrucciones claro, ya que todos los postes est\u00e1n conectados con el\u00e1stico. La bolsa f\u00e1cil de llevar significa que este campo de pr\u00e1cticas de golf port\u00e1til se puede tomar en cualquier lugar que desee practicar.<\/li>\n<\/ul>","protected":false},"excerpt":{"rendered":"<p id=\"title\" class=\"a-size-large a-spacing-none\">Red de golpeo de golf y campo de pr\u00e1cticas personal para interiores y exteriores, con bolsa de almacenamiento y alfombrilla de golf, colgar para el techo, garaje, s\u00f3tano, o el marco que usted hizo<\/p>","protected":false},"featured_media":970,"template":"","meta":{"_gspb_post_css":""},"product_brand":[],"product_cat":[26],"product_tag":[],"class_list":{"0":"post-1028","1":"product","2":"type-product","3":"status-publish","4":"has-post-thumbnail","6":"product_cat-golf-net","8":"first","9":"instock","10":"shipping-taxable","11":"product-type-simple"},"_links":{"self":[{"href":"https:\/\/fsportsnet.com\/es\/wp-json\/wp\/v2\/product\/1028","targetHints":{"allow":["GET"]}}],"collection":[{"href":"https:\/\/fsportsnet.com\/es\/wp-json\/wp\/v2\/product"}],"about":[{"href":"https:\/\/fsportsnet.com\/es\/wp-json\/wp\/v2\/types\/product"}],"wp:featuredmedia":[{"embeddable":true,"href":"https:\/\/fsportsnet.com\/es\/wp-json\/wp\/v2\/media\/970"}],"wp:attachment":[{"href":"https:\/\/fsportsnet.com\/es\/wp-json\/wp\/v2\/media?parent=1028"}],"wp:term":[{"taxonomy":"product_brand","embeddable":true,"href":"https:\/\/fsportsnet.com\/es\/wp-json\/wp\/v2\/product_brand?post=1028"},{"taxonomy":"product_cat","embeddable":true,"href":"https:\/\/fsportsnet.com\/es\/wp-json\/wp\/v2\/product_cat?post=1028"},{"taxonomy":"product_tag","embeddable":true,"href":"https:\/\/fsportsnet.com\/es\/wp-json\/wp\/v2\/product_tag?post=1028"}],"curies":[{"name":"wp","href":"https:\/\/api.w.org\/{rel}","templated":true}]}}