{"id":1030,"date":"2023-04-15T13:47:01","date_gmt":"2023-04-15T05:47:01","guid":{"rendered":"https:\/\/fsportsnet.com\/?post_type=product&#038;p=1030"},"modified":"2023-04-15T13:50:10","modified_gmt":"2023-04-15T05:50:10","slug":"golf-practice-net-golf-hitting-training-aids-nets-with-target","status":"publish","type":"product","link":"https:\/\/fsportsnet.com\/es\/product\/golf-practice-net-golf-hitting-training-aids-nets-with-target\/","title":{"rendered":"Red de pr\u00e1ctica de golf Red de entrenamiento de golpeo con diana"},"content":{"rendered":"<ul class=\"a-unordered-list a-vertical a-spacing-mini\">\n<li>Red de pr\u00e1ctica de golf Red de entrenamiento de golpeo con diana<br \/>\nMalla de nailon y poli\u00e9ster, varillas de fibra de vidrio de 0,4 pulgadas y tejido Oxford 420D<br \/>\nDise\u00f1ado por expertos en redes deportivas y de golf<br \/>\nSet de red 5 en 1: La red de pr\u00e1ctica cuenta con 1 blanco grande y 3 bolsillos de destino de astillado para practicar sus habilidades como Swing, Golpe y Chipping, etc. Una excelente manera de practicar todos los palos de su bolsa de golf f\u00e1cilmente en casa \/ al aire libre, ahorrando dinero y tiempo.<br \/>\nRed de tama\u00f1o s\u00faper grande: Swing con confianza, 10 * 8 * 6ft (W * H * P) gran \u00e1rea de golpeo le proporciona suficiente espacio para practicar continuamente y mejorar su precisi\u00f3n y habilidades de conducci\u00f3n y chipping, ayud\u00e1ndole a convertirse en un golfista m\u00e1s confiado. No m\u00e1s pelotas de golf desordenadas o perdidas.<br \/>\nMateriales de calidad superior para mayor durabilidad y seguridad: Si\u00e9ntase libre de usar pelotas y palos de golf reales porque la red reforzada puede absorber el impacto de las pelotas. El marco de fibra de vidrio asegurar la red y le permiten estar firmemente en el suelo.<br \/>\nMontaje r\u00e1pido y sencillo: Marcos pre-fijados y una hoja de tierra incorporada s\u00f3lo requieren un montaje \/ desmontaje de 90 segundos. Perfecto para uso interior \/ exterior. Traiga el campo de pr\u00e1cticas a su casa, puede practicar en su jard\u00edn, patio trasero o s\u00f3tano.<br \/>\nPlegable y port\u00e1til: Esta red de pr\u00e1ctica de golpeo viene con una bolsa y se puede plegar en un tama\u00f1o compacto para un f\u00e1cil almacenamiento y transporte. \u00a1No hay limitaci\u00f3n para la pr\u00e1ctica del golf m\u00e1s!<\/li>\n<\/ul>","protected":false},"excerpt":{"rendered":"<p id=\"title\" class=\"a-size-large a-spacing-none\">\u00a0En comparaci\u00f3n con la red de nailon, que se encoge y se pudre, esta red de golf de HDPE de alta densidad es resistente a la putrefacci\u00f3n y est\u00e1 tratada contra los rayos UV. Nuestra red de golf de interior es adecuada para uso en interiores y exteriores. Adem\u00e1s, los postes de fibra de vidrio resistentes a la corrosi\u00f3n proporcionan una larga durabilidad.<\/p>","protected":false},"featured_media":972,"template":"","meta":{"_gspb_post_css":""},"product_brand":[],"product_cat":[26],"product_tag":[],"class_list":{"0":"post-1030","1":"product","2":"type-product","3":"status-publish","4":"has-post-thumbnail","6":"product_cat-golf-net","8":"first","9":"instock","10":"shipping-taxable","11":"product-type-simple"},"_links":{"self":[{"href":"https:\/\/fsportsnet.com\/es\/wp-json\/wp\/v2\/product\/1030","targetHints":{"allow":["GET"]}}],"collection":[{"href":"https:\/\/fsportsnet.com\/es\/wp-json\/wp\/v2\/product"}],"about":[{"href":"https:\/\/fsportsnet.com\/es\/wp-json\/wp\/v2\/types\/product"}],"wp:featuredmedia":[{"embeddable":true,"href":"https:\/\/fsportsnet.com\/es\/wp-json\/wp\/v2\/media\/972"}],"wp:attachment":[{"href":"https:\/\/fsportsnet.com\/es\/wp-json\/wp\/v2\/media?parent=1030"}],"wp:term":[{"taxonomy":"product_brand","embeddable":true,"href":"https:\/\/fsportsnet.com\/es\/wp-json\/wp\/v2\/product_brand?post=1030"},{"taxonomy":"product_cat","embeddable":true,"href":"https:\/\/fsportsnet.com\/es\/wp-json\/wp\/v2\/product_cat?post=1030"},{"taxonomy":"product_tag","embeddable":true,"href":"https:\/\/fsportsnet.com\/es\/wp-json\/wp\/v2\/product_tag?post=1030"}],"curies":[{"name":"wp","href":"https:\/\/api.w.org\/{rel}","templated":true}]}}