{"id":1032,"date":"2023-04-15T13:51:40","date_gmt":"2023-04-15T05:51:40","guid":{"rendered":"https:\/\/fsportsnet.com\/?post_type=product&#038;p=1032"},"modified":"2023-04-15T14:09:33","modified_gmt":"2023-04-15T06:09:33","slug":"sports-golf-chipping-net-pop-up-golf-chipping-net-with-mat","status":"publish","type":"product","link":"https:\/\/fsportsnet.com\/es\/product\/sports-golf-chipping-net-pop-up-golf-chipping-net-with-mat\/","title":{"rendered":"Sports Golf Chipping Net Pop Up Golf Chipping Net with Mat"},"content":{"rendered":"<ul class=\"a-unordered-list a-vertical a-spacing-mini\">\n<li>Red cuadrada para astillas<br \/>\n1. Tama\u00f1o: 24\u201d<br \/>\n2. Red: poli\u00e9ster 210D<br \/>\n3. Estructura: Alambre de acero de \u03a63mm, fibra de vidrio de 7mm.<br \/>\n4. Embalaje: 1 juego en bolsa oxford, 20 juegos en una (caja de cart\u00f3n)<\/li>\n<li>\u2705 Tama\u00f1o ideal: 24\u2033 espacio necesario para practicar, jugar y divertirse; se puede utilizar en interiores o al aire libre - ideal para el hogar o la oficina, c\u00e9sped o patio trasero y hasta para tailgating - viene con una bolsa de transporte de nylon para su conveniencia del recorrido.<br \/>\nF\u00e1cil de usar: Dise\u00f1o pop up f\u00e1cil de usar para una configuraci\u00f3n r\u00e1pida y f\u00e1cil - no requiere ninguna herramienta, mientras que el cierre de velcro \u00fanico asegura las pelotas de golf; util\u00edcelo para el ocio con amigos y familiares o para sesiones de pr\u00e1ctica profesional, al instante.<br \/>\n\u2705 3 Objetivos: Ayuda a mejorar - la precisi\u00f3n de chipping a corta distancia, la posici\u00f3n del cuerpo, el equilibrio y la postura para la pr\u00e1ctica de su swing; viene con una red lateral que atrapa las bolas perdidas, por lo que no tiene que preocuparse de perder sus chips o perder el tiempo recogiendo las bolas de golf despu\u00e9s de sus sesiones<br \/>\nAlta calidad: Hecho con material de alta resistencia de primera calidad, es resistente y duradero, pero ligero, port\u00e1til y plegable - no se mella, astilla o se desgasta f\u00e1cilmente; resiste los elementos - adecuado para jugar todo el a\u00f1o.<\/li>\n<\/ul>","protected":false},"excerpt":{"rendered":"<p id=\"title\" class=\"a-size-large a-spacing-none\">Organice una partida o un partido amistoso utilizando los tres bolsillos para dianas con su familia, amigos o compa\u00f1eros. Fsports es un regalo perfecto para los amantes del golf.<\/p>","protected":false},"featured_media":1001,"template":"","meta":{"_gspb_post_css":""},"product_brand":[],"product_cat":[26],"product_tag":[],"class_list":{"0":"post-1032","1":"product","2":"type-product","3":"status-publish","4":"has-post-thumbnail","6":"product_cat-golf-net","8":"first","9":"instock","10":"shipping-taxable","11":"product-type-simple"},"_links":{"self":[{"href":"https:\/\/fsportsnet.com\/es\/wp-json\/wp\/v2\/product\/1032","targetHints":{"allow":["GET"]}}],"collection":[{"href":"https:\/\/fsportsnet.com\/es\/wp-json\/wp\/v2\/product"}],"about":[{"href":"https:\/\/fsportsnet.com\/es\/wp-json\/wp\/v2\/types\/product"}],"wp:featuredmedia":[{"embeddable":true,"href":"https:\/\/fsportsnet.com\/es\/wp-json\/wp\/v2\/media\/1001"}],"wp:attachment":[{"href":"https:\/\/fsportsnet.com\/es\/wp-json\/wp\/v2\/media?parent=1032"}],"wp:term":[{"taxonomy":"product_brand","embeddable":true,"href":"https:\/\/fsportsnet.com\/es\/wp-json\/wp\/v2\/product_brand?post=1032"},{"taxonomy":"product_cat","embeddable":true,"href":"https:\/\/fsportsnet.com\/es\/wp-json\/wp\/v2\/product_cat?post=1032"},{"taxonomy":"product_tag","embeddable":true,"href":"https:\/\/fsportsnet.com\/es\/wp-json\/wp\/v2\/product_tag?post=1032"}],"curies":[{"name":"wp","href":"https:\/\/api.w.org\/{rel}","templated":true}]}}