{"id":1034,"date":"2023-04-15T14:03:02","date_gmt":"2023-04-15T06:03:02","guid":{"rendered":"https:\/\/fsportsnet.com\/?post_type=product&#038;p=1034"},"modified":"2023-04-21T16:48:14","modified_gmt":"2023-04-21T08:48:14","slug":"baseball-softball-and-golf-hanging-net-for-hitting-pitching-and-driving-practice","status":"publish","type":"product","link":"https:\/\/fsportsnet.com\/es\/product\/baseball-softball-and-golf-hanging-net-for-hitting-pitching-and-driving-practice\/","title":{"rendered":"Red colgante de b\u00e9isbol, softball y golf para pr\u00e1cticas de bateo, lanzamiento y conducci\u00f3n"},"content":{"rendered":"<ul>\n<li>Red de golf Ez<br \/>\nTama\u00f1o: 7 x 7\u2032<br \/>\nRed: Red sin nudos de poli\u00e9ster blanco de 3 capas de 1\u2033 con ribete de tejido 420D.<br \/>\nEstructura: Tubo de acero de 7\/8\u201d de di\u00e1metro y 0,8 mm de grosor con revestimiento en polvo negro<br \/>\nM\u00e1stil: \u03a612,7 mm de fibra de vidrio negro s\u00f3lido.<br \/>\nBolso: PU negro 420D tela oxford<br \/>\nAccesorios: estacas+instrucciones A4<br \/>\nEmbalaje: Cada juego en una caja de cart\u00f3n K=K, 87cm X 14.6cm X 14.6cm\uff0cGW 5.5kg<\/li>\n<li>La gran red de pr\u00e1cticas de 2 metros de ancho se cuelga de las aberturas de las puertas de garaje u otros espacios amplios<br \/>\nPermite a los jugadores practicar el bateo desde un tee de b\u00e9isbol o de golf en casa<br \/>\nEl poste inferior de fibra de vidrio proporciona estructura a la red, reduce el retroceso y recoge los balones durante la pr\u00e1ctica<br \/>\nSe enrolla f\u00e1cilmente y se aparta, permitiendo que las puertas del garaje funcionen con normalidad<br \/>\nPuntos de fijaci\u00f3n de conexi\u00f3n r\u00e1pida para facilitar el montaje y desmontaje<\/li>\n<\/ul>","protected":false},"excerpt":{"rendered":"<p id=\"title\" class=\"a-size-large a-spacing-none\">. F\u00e1cil de montar Golf Net con s\u00f3lo 2 minutos para configurar la red de pr\u00e1ctica de golf y desmontar en 2 minutos. La Red de Golf es ideal para mejorar sus habilidades sin importar si llueve o hace sol. Elija la red de golf Fsports, coja sus palos de golf y \u00a1sienta la diversi\u00f3n de jugar al golf con sus amigos y su familia! \u00a1Cada red de golf tiene una bolsa de transporte duradera para ayudarle a almacenar y tomar f\u00e1cilmente!<\/p>","protected":false},"featured_media":980,"template":"","meta":{"_gspb_post_css":""},"product_brand":[],"product_cat":[26],"product_tag":[],"class_list":{"0":"post-1034","1":"product","2":"type-product","3":"status-publish","4":"has-post-thumbnail","6":"product_cat-golf-net","8":"first","9":"instock","10":"shipping-taxable","11":"product-type-simple"},"_links":{"self":[{"href":"https:\/\/fsportsnet.com\/es\/wp-json\/wp\/v2\/product\/1034","targetHints":{"allow":["GET"]}}],"collection":[{"href":"https:\/\/fsportsnet.com\/es\/wp-json\/wp\/v2\/product"}],"about":[{"href":"https:\/\/fsportsnet.com\/es\/wp-json\/wp\/v2\/types\/product"}],"wp:featuredmedia":[{"embeddable":true,"href":"https:\/\/fsportsnet.com\/es\/wp-json\/wp\/v2\/media\/980"}],"wp:attachment":[{"href":"https:\/\/fsportsnet.com\/es\/wp-json\/wp\/v2\/media?parent=1034"}],"wp:term":[{"taxonomy":"product_brand","embeddable":true,"href":"https:\/\/fsportsnet.com\/es\/wp-json\/wp\/v2\/product_brand?post=1034"},{"taxonomy":"product_cat","embeddable":true,"href":"https:\/\/fsportsnet.com\/es\/wp-json\/wp\/v2\/product_cat?post=1034"},{"taxonomy":"product_tag","embeddable":true,"href":"https:\/\/fsportsnet.com\/es\/wp-json\/wp\/v2\/product_tag?post=1034"}],"curies":[{"name":"wp","href":"https:\/\/api.w.org\/{rel}","templated":true}]}}