{"id":1035,"date":"2023-04-15T14:19:32","date_gmt":"2023-04-15T06:19:32","guid":{"rendered":"https:\/\/fsportsnet.com\/?post_type=product&#038;p=1035"},"modified":"2023-04-15T14:24:18","modified_gmt":"2023-04-15T06:24:18","slug":"extra-large-golf-chipping-net-with-complete-setup-accessories","status":"publish","type":"product","link":"https:\/\/fsportsnet.com\/es\/product\/extra-large-golf-chipping-net-with-complete-setup-accessories\/","title":{"rendered":"Red de chipping de golf extra grande con accesorios de instalaci\u00f3n completos"},"content":{"rendered":"<ul>\n<li><span class=\"a-list-item\">Juegue al golf en el jard\u00edn - Practicar sus golpes y su precisi\u00f3n es f\u00e1cil y c\u00f3modo con esta red de pr\u00e1cticas de golf extra grande. Nuestra red de golpeo de golf es ideal para uso en exteriores\/interiores. La hemos dise\u00f1ado con 4 blancos de colores, para que pueda golpear desde diferentes \u00e1ngulos.<\/span><\/li>\n<li><span class=\"a-list-item\">Su juego completo de red de entrenamiento de golf - Instale este equipo de ayuda al golf en un abrir y cerrar de ojos. Cada juego incluye piquetas, varillas, una bolsa de transporte y un manual de instrucciones. Divi\u00e9rtase y practique golf al aire libre\/indoor con sus amigos y familiares, en cualquier momento.<\/span><\/li>\n<li><span class=\"a-list-item\">Duradera Y Funcional - El tejido resistente y el material de red de golf que utilizamos en nuestras redes de golf se mantienen fuertes a pesar del uso regular. Cada red de golf de 50 pulgadas de ancho x 35 pulgadas de largo tambi\u00e9n tiene bolsillos incorporados para recoger pelotas, por lo que no tendr\u00e1 que recoger pelotas de golf en el patio.<\/span><\/li>\n<li><span class=\"a-list-item\">F\u00e1cil de montar y guardar: monte nuestra ligera red de golpeo de golf para su patio en cuesti\u00f3n de minutos. Cada red de golf para exterior\/interior viene con una elegante bolsa, para que puedas guardarla f\u00e1cilmente despu\u00e9s de usarla.<\/span><\/li>\n<li><span class=\"a-list-item\">Regalo ideal para golfistas y entusiastas del golf - \u00bfBusca un regalo pr\u00e1ctico? No busque m\u00e1s: \u00a1nuestras redes de golpeo de golf! Estos accesorios de golf para hombre y mujer har\u00e1n las delicias de cualquiera que quiera mejorar su precisi\u00f3n y convertirse en un profesional del chipping.<\/span><\/li>\n<li><\/li>\n<\/ul>","protected":false},"excerpt":{"rendered":"<p class=\"a-size-large a-spacing-none\">. La red de pr\u00e1ctica de golf se monta f\u00e1cilmente en s\u00f3lo 2 minutos y se desmonta en 2 minutos.<\/p>\n<p id=\"title\" class=\"a-size-large a-spacing-none\"><span id=\"productTitle\" class=\"a-size-medium product-title-word-break product-title-resize\">Big Strike Golf - Red de Chipping de Golf Extra Grande. Red de pr\u00e1ctica de golf con 4 dianas de colores, equipo de entrenamiento de golf para interior y exterior, red de chipping de golf duradera con accesorios de instalaci\u00f3n completos.<\/span><\/p>","protected":false},"featured_media":1009,"template":"","meta":{"_gspb_post_css":""},"product_brand":[],"product_cat":[26],"product_tag":[],"class_list":{"0":"post-1035","1":"product","2":"type-product","3":"status-publish","4":"has-post-thumbnail","6":"product_cat-golf-net","8":"first","9":"instock","10":"shipping-taxable","11":"product-type-simple"},"_links":{"self":[{"href":"https:\/\/fsportsnet.com\/es\/wp-json\/wp\/v2\/product\/1035","targetHints":{"allow":["GET"]}}],"collection":[{"href":"https:\/\/fsportsnet.com\/es\/wp-json\/wp\/v2\/product"}],"about":[{"href":"https:\/\/fsportsnet.com\/es\/wp-json\/wp\/v2\/types\/product"}],"wp:featuredmedia":[{"embeddable":true,"href":"https:\/\/fsportsnet.com\/es\/wp-json\/wp\/v2\/media\/1009"}],"wp:attachment":[{"href":"https:\/\/fsportsnet.com\/es\/wp-json\/wp\/v2\/media?parent=1035"}],"wp:term":[{"taxonomy":"product_brand","embeddable":true,"href":"https:\/\/fsportsnet.com\/es\/wp-json\/wp\/v2\/product_brand?post=1035"},{"taxonomy":"product_cat","embeddable":true,"href":"https:\/\/fsportsnet.com\/es\/wp-json\/wp\/v2\/product_cat?post=1035"},{"taxonomy":"product_tag","embeddable":true,"href":"https:\/\/fsportsnet.com\/es\/wp-json\/wp\/v2\/product_tag?post=1035"}],"curies":[{"name":"wp","href":"https:\/\/api.w.org\/{rel}","templated":true}]}}