{"id":1036,"date":"2023-04-15T14:24:32","date_gmt":"2023-04-15T06:24:32","guid":{"rendered":"https:\/\/fsportsnet.com\/?post_type=product&#038;p=1036"},"modified":"2023-04-15T14:31:28","modified_gmt":"2023-04-15T06:31:28","slug":"home-golf-driving-range-kit-with-net-golf-balls-launch-pad-and-tees","status":"publish","type":"product","link":"https:\/\/fsportsnet.com\/es\/product\/home-golf-driving-range-kit-with-net-golf-balls-launch-pad-and-tees\/","title":{"rendered":"Home Golf Driving Range Kit con Red, Bolas de Golf, Plataforma de Lanzamiento y Tees"},"content":{"rendered":"<ul>\n<li>El kit de pr\u00e1cticas para utilizar en casa incluye una red de pr\u00e1cticas, bolas de golf Impact de vuelo limitado, una plataforma de lanzamiento y dos tees de goma.<\/li>\n<li>F\u00e1cil de instalar en el jard\u00edn, el garaje o el s\u00f3tano para practicar drives, hierros, wedges y chips sin tener que desplazarse al campo de golf.<\/li>\n<li>La red de pr\u00e1cticas de 2,5 m cuenta con postes con cuerdas de choque para un montaje y desmontaje r\u00e1pidos; la plataforma de lanzamiento tiene posiciones de rough y fairway para una mejor simulaci\u00f3n del campo.<\/li>\n<li>Incluye 12 bolas de golf de impacto de vuelo limitado que son duraderas, resistentes a las abolladuras y seguras, lo que permite practicar en espacios reducidos; da el primer golpe con un tee de goma de 1 \u00f3 2 pulgadas.<\/li>\n<li>El kit duradero y de alto rendimiento es ideal para todos los golpes excepto el putt; optimice el tiempo de pr\u00e1ctica del swing sin preocuparse por el mal tiempo o el coste de las pelotas de pr\u00e1cticas.<\/li>\n<\/ul>","protected":false},"excerpt":{"rendered":"<p class=\"a-size-large a-spacing-none\">. La red de pr\u00e1ctica de golf se monta f\u00e1cilmente en s\u00f3lo 2 minutos y se desmonta en 2 minutos.<\/p>\n<p id=\"title\" class=\"a-size-large a-spacing-none\">","protected":false},"featured_media":1006,"template":"","meta":{"_gspb_post_css":""},"product_brand":[],"product_cat":[26],"product_tag":[],"class_list":{"0":"post-1036","1":"product","2":"type-product","3":"status-publish","4":"has-post-thumbnail","6":"product_cat-golf-net","8":"first","9":"instock","10":"shipping-taxable","11":"product-type-simple"},"_links":{"self":[{"href":"https:\/\/fsportsnet.com\/es\/wp-json\/wp\/v2\/product\/1036","targetHints":{"allow":["GET"]}}],"collection":[{"href":"https:\/\/fsportsnet.com\/es\/wp-json\/wp\/v2\/product"}],"about":[{"href":"https:\/\/fsportsnet.com\/es\/wp-json\/wp\/v2\/types\/product"}],"wp:featuredmedia":[{"embeddable":true,"href":"https:\/\/fsportsnet.com\/es\/wp-json\/wp\/v2\/media\/1006"}],"wp:attachment":[{"href":"https:\/\/fsportsnet.com\/es\/wp-json\/wp\/v2\/media?parent=1036"}],"wp:term":[{"taxonomy":"product_brand","embeddable":true,"href":"https:\/\/fsportsnet.com\/es\/wp-json\/wp\/v2\/product_brand?post=1036"},{"taxonomy":"product_cat","embeddable":true,"href":"https:\/\/fsportsnet.com\/es\/wp-json\/wp\/v2\/product_cat?post=1036"},{"taxonomy":"product_tag","embeddable":true,"href":"https:\/\/fsportsnet.com\/es\/wp-json\/wp\/v2\/product_tag?post=1036"}],"curies":[{"name":"wp","href":"https:\/\/api.w.org\/{rel}","templated":true}]}}