{"id":1038,"date":"2023-04-15T14:32:10","date_gmt":"2023-04-15T06:32:10","guid":{"rendered":"https:\/\/fsportsnet.com\/?post_type=product&#038;p=1038"},"modified":"2023-04-15T14:40:14","modified_gmt":"2023-04-15T06:40:14","slug":"golf-catch-all-net-extra-large-golf-hitting-net-for-your-backyard-or-home-range","status":"publish","type":"product","link":"https:\/\/fsportsnet.com\/es\/product\/golf-catch-all-net-extra-large-golf-hitting-net-for-your-backyard-or-home-range\/","title":{"rendered":"Golf Catch All Net Red de golpeo de golf extragrande para su patio trasero o campo de golf dom\u00e9stico"},"content":{"rendered":"<ul>\n<li>La red est\u00e1 dise\u00f1ada para devolver con seguridad la pelota de golf a la parte inferior de la red en la cuenca de captura de todo<br \/>\nRed duradera capaz de soportar velocidades del bal\u00f3n de hasta 240 km\/h<br \/>\nLa red de golpeo de golf de gran tama\u00f1o viene en 12\u2032 x 10\u2032, 10\u2032 x 8\u2032 y 8\u2032 x 7\u2032.<br \/>\nCuenta con postes de fibra de vidrio duraderos que proporcionan un soporte resistente para que la red nunca se doble<br \/>\nLas redes Fsports Catch All se montan y desmontan f\u00e1cilmente en cuesti\u00f3n de minutos.<\/li>\n<\/ul>","protected":false},"excerpt":{"rendered":"<p class=\"a-size-large a-spacing-none\">. La red de pr\u00e1ctica de golf se monta f\u00e1cilmente en s\u00f3lo 2 minutos y se desmonta en 2 minutos.<\/p>\n<p id=\"title\" class=\"a-size-large a-spacing-none\">","protected":false},"featured_media":1017,"template":"","meta":{"_gspb_post_css":""},"product_brand":[],"product_cat":[26],"product_tag":[],"class_list":{"0":"post-1038","1":"product","2":"type-product","3":"status-publish","4":"has-post-thumbnail","6":"product_cat-golf-net","8":"first","9":"instock","10":"shipping-taxable","11":"product-type-simple"},"_links":{"self":[{"href":"https:\/\/fsportsnet.com\/es\/wp-json\/wp\/v2\/product\/1038","targetHints":{"allow":["GET"]}}],"collection":[{"href":"https:\/\/fsportsnet.com\/es\/wp-json\/wp\/v2\/product"}],"about":[{"href":"https:\/\/fsportsnet.com\/es\/wp-json\/wp\/v2\/types\/product"}],"wp:featuredmedia":[{"embeddable":true,"href":"https:\/\/fsportsnet.com\/es\/wp-json\/wp\/v2\/media\/1017"}],"wp:attachment":[{"href":"https:\/\/fsportsnet.com\/es\/wp-json\/wp\/v2\/media?parent=1038"}],"wp:term":[{"taxonomy":"product_brand","embeddable":true,"href":"https:\/\/fsportsnet.com\/es\/wp-json\/wp\/v2\/product_brand?post=1038"},{"taxonomy":"product_cat","embeddable":true,"href":"https:\/\/fsportsnet.com\/es\/wp-json\/wp\/v2\/product_cat?post=1038"},{"taxonomy":"product_tag","embeddable":true,"href":"https:\/\/fsportsnet.com\/es\/wp-json\/wp\/v2\/product_tag?post=1038"}],"curies":[{"name":"wp","href":"https:\/\/api.w.org\/{rel}","templated":true}]}}