{"id":1039,"date":"2023-04-15T14:40:46","date_gmt":"2023-04-15T06:40:46","guid":{"rendered":"https:\/\/fsportsnet.com\/?post_type=product&#038;p=1039"},"modified":"2023-04-15T15:06:57","modified_gmt":"2023-04-15T07:06:57","slug":"golf-practice-net-golf-net-golf-nets-for-backyard-driving-golf-net","status":"publish","type":"product","link":"https:\/\/fsportsnet.com\/es\/product\/golf-practice-net-golf-net-golf-nets-for-backyard-driving-golf-net\/","title":{"rendered":"Red de pr\u00e1ctica de golf Red de pr\u00e1ctica de golf Red de pr\u00e1ctica de golf"},"content":{"rendered":"<ul>\n<li>TAMA\u00d1O ABIERTO 7ft(H)X8ft(W) . F\u00e1cil de montar Golf Net con s\u00f3lo 2 minutos para configurar la pr\u00e1ctica de golf Net y romper en 2 minutos. Elige la red FSports, coge tus palos de golf y siente la diversi\u00f3n de jugar al golf con tus amigos y tu familia. \u00a1Cada red de golf tiene una bolsa de transporte duradera para ayudarle a almacenar y tomar f\u00e1cilmente!\n<p>SWING SEGURO<br \/>\nLa Galileo Golf Net es la mejor opci\u00f3n si quiere practicar el golf en cualquier momento y en cualquier lugar,no importa en su sal\u00f3n,en su jard\u00edn o en su garaje como quiera. Incluso los entusiastas del golf m\u00e1s dedicados no pueden estar en el campo de golf durante el a\u00f1o,usted puede hacerlo con nuestro Golf Hitting Net en casa.El Galileo Golf Net es ideal para principiantes y golfistas intermedios.<\/p>\n<p>MEJORAR LA PUNTER\u00cdA<br \/>\nEl Galileo Driving Range con un gran objetivo Hitting Golf 40x30in, lo que hace posible la celebraci\u00f3n de m\u00e1s bolas de golf.las barras de soporte est\u00e1n cubiertos por m\u00e1s tubos, por lo que la estructura de la red m\u00e1s estable y m\u00e1s seguro para golpear la ball.our objetivo de golpeo est\u00e1 hecho de terciopelo mercerizado material anti-huelga, puede estar seguro y disfrutar del golpe sin preocuparse golpear tirar el patio de su vecino.<\/p>\n<p>MATERIAL ANTIGOLPES<br \/>\nEste Backyard Golf est\u00e1 hecho de base de acero ponderado de alta calidad, resistente gruesa red de golf y postes de fibra de vidrio permiten una fuerza incre\u00edble, sino tambi\u00e9n la flexibilidad que hacen que la red de golf no se oxida o se deforma con el hierro reforzado en la parte inferior.estacas de tierra de acero, aseg\u00farese de que tiene la mejor experiencia de golpeo con mayor stability.Your muebles todos estar\u00e1n a salvo cuando se entrena el golf de interior.<\/li>\n<\/ul>","protected":false},"excerpt":{"rendered":"<p class=\"a-size-large a-spacing-none\">Elige la red FSports, coge tus palos de golf y siente la diversi\u00f3n de jugar al golf con tus amigos y tu familia. \u00a1Cada red de golf tiene una bolsa de transporte duradera para ayudarle a almacenar y tomar f\u00e1cilmente!<\/p>\n<p id=\"title\" class=\"a-size-large a-spacing-none\">","protected":false},"featured_media":1019,"template":"","meta":{"_gspb_post_css":""},"product_brand":[],"product_cat":[26],"product_tag":[],"class_list":{"0":"post-1039","1":"product","2":"type-product","3":"status-publish","4":"has-post-thumbnail","6":"product_cat-golf-net","8":"first","9":"instock","10":"shipping-taxable","11":"product-type-simple"},"_links":{"self":[{"href":"https:\/\/fsportsnet.com\/es\/wp-json\/wp\/v2\/product\/1039","targetHints":{"allow":["GET"]}}],"collection":[{"href":"https:\/\/fsportsnet.com\/es\/wp-json\/wp\/v2\/product"}],"about":[{"href":"https:\/\/fsportsnet.com\/es\/wp-json\/wp\/v2\/types\/product"}],"wp:featuredmedia":[{"embeddable":true,"href":"https:\/\/fsportsnet.com\/es\/wp-json\/wp\/v2\/media\/1019"}],"wp:attachment":[{"href":"https:\/\/fsportsnet.com\/es\/wp-json\/wp\/v2\/media?parent=1039"}],"wp:term":[{"taxonomy":"product_brand","embeddable":true,"href":"https:\/\/fsportsnet.com\/es\/wp-json\/wp\/v2\/product_brand?post=1039"},{"taxonomy":"product_cat","embeddable":true,"href":"https:\/\/fsportsnet.com\/es\/wp-json\/wp\/v2\/product_cat?post=1039"},{"taxonomy":"product_tag","embeddable":true,"href":"https:\/\/fsportsnet.com\/es\/wp-json\/wp\/v2\/product_tag?post=1039"}],"curies":[{"name":"wp","href":"https:\/\/api.w.org\/{rel}","templated":true}]}}