{"id":1040,"date":"2023-04-15T15:07:18","date_gmt":"2023-04-15T07:07:18","guid":{"rendered":"https:\/\/fsportsnet.com\/?post_type=product&#038;p=1040"},"modified":"2023-04-15T15:31:23","modified_gmt":"2023-04-15T07:31:23","slug":"elite-golf-practice-net-with-steel-frame","status":"publish","type":"product","link":"https:\/\/fsportsnet.com\/es\/product\/elite-golf-practice-net-with-steel-frame\/","title":{"rendered":"Red de pr\u00e1ctica de golf Elite con marco de acero"},"content":{"rendered":"<ul>\n<li>ELITE PRACTICE: Red de pr\u00e1ctica de golf de primer nivel para los golfistas que quieren lo mejor; la red de alta resistencia de 3 m x 2,5 m est\u00e1 dise\u00f1ada para m\u00e1s de 10.000 golpes a cualquier velocidad de swing.<br \/>\nGRADO COMERCIAL: Fabricada con un robusto marco de acero y una red de alta tensi\u00f3n de primera calidad que es 3 veces m\u00e1s resistente que nuestra red de golf m\u00e1s vendida actualmente.<br \/>\nDISE\u00d1O MODERNO: Estructura de acero con recubrimiento en polvo y un elegante acabado negro satinado que queda genial en cualquier hogar, oficina o jard\u00edn; Medidas de montaje: 2,5 m de alto x 2,5 m de ancho x 2,5 m de profundidad<br \/>\nF\u00c1CIL MONTAJE: montaje y desmontaje sin complicaciones en menos de 5 minutos con funda de transporte incluida para guardarlo o transportarlo; compatibilidad perfecta con la pantalla de simulaci\u00f3n de golf FSports (se vende por separado) para su uso con simuladores y proyectores de golf<br \/>\nUSO EN INTERIORES Y EXTERIORES: Configure su campo de pr\u00e1cticas personal en su casa, oficina, garaje o patio trasero; La red tambi\u00e9n es un backstop vers\u00e1til para el entrenamiento multideportivo, como b\u00e9isbol, softball, lacrosse y m\u00e1s<\/li>\n<\/ul>","protected":false},"excerpt":{"rendered":"<p class=\"a-size-large a-spacing-none\">Elige la red FSports, coge tus palos de golf y siente la diversi\u00f3n de jugar al golf con tus amigos y tu familia. \u00a1Cada red de golf tiene una bolsa de transporte duradera para ayudarle a almacenar y tomar f\u00e1cilmente!<\/p>\n<p id=\"title\" class=\"a-size-large a-spacing-none\">","protected":false},"featured_media":1041,"template":"","meta":{"_gspb_post_css":""},"product_brand":[],"product_cat":[26],"product_tag":[],"class_list":{"0":"post-1040","1":"product","2":"type-product","3":"status-publish","4":"has-post-thumbnail","6":"product_cat-golf-net","8":"first","9":"instock","10":"shipping-taxable","11":"product-type-simple"},"_links":{"self":[{"href":"https:\/\/fsportsnet.com\/es\/wp-json\/wp\/v2\/product\/1040","targetHints":{"allow":["GET"]}}],"collection":[{"href":"https:\/\/fsportsnet.com\/es\/wp-json\/wp\/v2\/product"}],"about":[{"href":"https:\/\/fsportsnet.com\/es\/wp-json\/wp\/v2\/types\/product"}],"wp:featuredmedia":[{"embeddable":true,"href":"https:\/\/fsportsnet.com\/es\/wp-json\/wp\/v2\/media\/1041"}],"wp:attachment":[{"href":"https:\/\/fsportsnet.com\/es\/wp-json\/wp\/v2\/media?parent=1040"}],"wp:term":[{"taxonomy":"product_brand","embeddable":true,"href":"https:\/\/fsportsnet.com\/es\/wp-json\/wp\/v2\/product_brand?post=1040"},{"taxonomy":"product_cat","embeddable":true,"href":"https:\/\/fsportsnet.com\/es\/wp-json\/wp\/v2\/product_cat?post=1040"},{"taxonomy":"product_tag","embeddable":true,"href":"https:\/\/fsportsnet.com\/es\/wp-json\/wp\/v2\/product_tag?post=1040"}],"curies":[{"name":"wp","href":"https:\/\/api.w.org\/{rel}","templated":true}]}}