{"id":1042,"date":"2023-04-15T15:31:41","date_gmt":"2023-04-15T07:31:41","guid":{"rendered":"https:\/\/fsportsnet.com\/?post_type=product&#038;p=1042"},"modified":"2023-04-15T17:12:21","modified_gmt":"2023-04-15T09:12:21","slug":"sport-nets-portable-soccer-goal-bow-frame-soccer-net-with-carry-bag","status":"publish","type":"product","link":"https:\/\/fsportsnet.com\/es\/product\/sport-nets-portable-soccer-goal-bow-frame-soccer-net-with-carry-bag\/","title":{"rendered":"Redes Deportivas Porter\u00eda de F\u00fatbol Port\u00e1til Red de F\u00fatbol con Arco y Bolsa de Transporte"},"content":{"rendered":"<p>1. Tama\u00f1o: 3\u00d75\u2032, 4\u00d76\u2032, 4\u00d78\u2032, 4\u00d712\u2032, 4\u00d716\u2032, 5\u00d710\u2032, 6\u00d712\u2032, 7\u00d714\u2032, 6\u20196 \u201dx18\u20196\u201d, 7\u00d716\u2032, 7\u00d721\u2032, 8\u00d724\u2032.<br \/>\n2. Red: Red de poli\u00e9ster sin nudos de 5 cabos de 4\u201d, 8 cabos de 4\u201d, 22 cabos de 4\u201d.\u201d<br \/>\n3. Tubo de acero: \u03c625mmx25mm, \u03c630mmx30mm<br \/>\n4. Fibra de vidrio: \u03c612.7mm, \u03c614mm, \u03c616mm, \u03c619mm<\/p>\n<p>Incluye una porter\u00eda de f\u00fatbol con marco rectangular (marco doblado para que no toque el suelo), estacas de acero y una bolsa de transporte con cremallera y correa.<br \/>\nDisponible en varios tama\u00f1os de porter\u00eda, para todas las edades, ni\u00f1os peque\u00f1os, ni\u00f1os, j\u00f3venes, adultos o entrenadores. Uso para el juego de la liga, la escuela, torneos o entrenamientos en solitario.<br \/>\nFsports Red de porter\u00eda de f\u00fatbol puede utilizar f\u00e1cilmente pesos de estabilidad para las superficies de suelo de interior, gimnasios, instalaciones de f\u00fatbol sala y mucho m\u00e1s.<br \/>\nLas redes de f\u00fatbol para patio trasero incluyen estacas met\u00e1licas para mayor estabilidad para jugar en superficies de hierba, arena o c\u00e9sped.<br \/>\nFabricada con nuestra duradera red de polietileno anudado resistente al desgaste para todo tipo de clima y estructura de acero revestido de negro con varillas flexibles de fibra de vidrio de alta resistencia.<br \/>\nPorter\u00edas de f\u00fatbol para el patio trasero, partidos de recogida, escaramuzas, ejercicios, en el parque, en casa, en el campo o en la playa. Para llevar a cualquier parte, port\u00e1til y ligera<br \/>\nF\u00e1cil de montar y desmontar sin necesidad de herramientas. La duradera estructura met\u00e1lica de la base se extiende f\u00e1cilmente para entrenar al f\u00fatbol o jugar fuera de casa. Prefecto para cualquier tipo de terreno con el marco de base dise\u00f1ado para ser en \u00e1ngulo para la separaci\u00f3n del suelo.<br \/>\nLas porter\u00edas de f\u00fatbol port\u00e1tiles Fsports caben f\u00e1cilmente en nuestra bolsa de transporte con cremallera reforzada y asa. Incluye una red de velcro duradera que est\u00e1 hecha para durar.<br \/>\nGu\u00e1rdelo en el garaje, en casa, en un cobertizo o ll\u00e9velo a cualquier parte de forma r\u00e1pida y sencilla. Dise\u00f1o de almacenamiento compacto port\u00e1til para caber en cualquier maletero del coche o en el asiento trasero.<br \/>\nUtilice balones de f\u00fatbol reglamentarios de tama\u00f1o 3, 4 \u00f3 5. Lleve su juego al siguiente nivel con nuestro equipo de f\u00fatbol de viaje plegable.<\/p>","protected":false},"excerpt":{"rendered":"<p>Porter\u00eda de F\u00fatbol Port\u00e1til para Patio,Red Deportiva de F\u00fatbol Port\u00e1til Instant\u00e1nea, Para Todas las Edades y Niveles&amp;En Cualquier Lugar, Para Entrenamientos y Partidas,1 Porter\u00eda + 1 Bolsa de Transporte,Disponible en Varios Tama\u00f1os<\/p>","protected":false},"featured_media":1047,"template":"","meta":{"_gspb_post_css":""},"product_brand":[],"product_cat":[29],"product_tag":[],"class_list":{"0":"post-1042","1":"product","2":"type-product","3":"status-publish","4":"has-post-thumbnail","6":"product_cat-soccer-goal","8":"first","9":"instock","10":"shipping-taxable","11":"product-type-simple"},"_links":{"self":[{"href":"https:\/\/fsportsnet.com\/es\/wp-json\/wp\/v2\/product\/1042","targetHints":{"allow":["GET"]}}],"collection":[{"href":"https:\/\/fsportsnet.com\/es\/wp-json\/wp\/v2\/product"}],"about":[{"href":"https:\/\/fsportsnet.com\/es\/wp-json\/wp\/v2\/types\/product"}],"wp:featuredmedia":[{"embeddable":true,"href":"https:\/\/fsportsnet.com\/es\/wp-json\/wp\/v2\/media\/1047"}],"wp:attachment":[{"href":"https:\/\/fsportsnet.com\/es\/wp-json\/wp\/v2\/media?parent=1042"}],"wp:term":[{"taxonomy":"product_brand","embeddable":true,"href":"https:\/\/fsportsnet.com\/es\/wp-json\/wp\/v2\/product_brand?post=1042"},{"taxonomy":"product_cat","embeddable":true,"href":"https:\/\/fsportsnet.com\/es\/wp-json\/wp\/v2\/product_cat?post=1042"},{"taxonomy":"product_tag","embeddable":true,"href":"https:\/\/fsportsnet.com\/es\/wp-json\/wp\/v2\/product_tag?post=1042"}],"curies":[{"name":"wp","href":"https:\/\/api.w.org\/{rel}","templated":true}]}}