{"id":1054,"date":"2023-04-15T17:13:17","date_gmt":"2023-04-15T09:13:17","guid":{"rendered":"https:\/\/fsportsnet.com\/?post_type=product&#038;p=1054"},"modified":"2023-04-15T17:16:19","modified_gmt":"2023-04-15T09:16:19","slug":"portable-soccer-goal-net-for-backyard","status":"publish","type":"product","link":"https:\/\/fsportsnet.com\/es\/product\/portable-soccer-goal-net-for-backyard\/","title":{"rendered":"Porter\u00eda de f\u00fatbol port\u00e1til"},"content":{"rendered":"<p>1. Tama\u00f1o: 3\u00d75\u2032, 4\u00d76\u2032, 4\u00d78\u2032, 4\u00d712\u2032, 4\u00d716\u2032, 5\u00d710\u2032, 6\u00d712\u2032, 7\u00d714\u2032, 6\u20196 \u201dx18\u20196\u201d, 7\u00d716\u2032, 7\u00d721\u2032, 8\u00d724\u2032.<br \/>\n2. Red: Red de poli\u00e9ster sin nudos de 5 cabos de 4\u201d, 8 cabos de 4\u201d, 22 cabos de 4\u201d.\u201d<br \/>\n3. Tubo de acero: \u03c625mmx25mm, \u03c630mmx30mm<br \/>\n4. Fibra de vidrio: \u03c612.7mm, \u03c614mm, \u03c616mm, \u03c619mm<\/p>\n<ul class=\"a-unordered-list a-vertical a-spacing-mini\">\n<li><span class=\"a-list-item\">\u3010Multiple Choices\u3011Portable red de f\u00fatbol duradera est\u00e1 disponible en tres tama\u00f1os de porter\u00eda y es adecuado para todas las edades, lo que significa que puede elegir la porter\u00eda de f\u00fatbol adecuada para sus necesidades, para la liga, la escuela, el campeonato o los entrenamientos individuales. El dise\u00f1o de gradiente tambi\u00e9n es \u00fanico.<\/span><\/li>\n<li><span class=\"a-list-item\">\u3010Quick Setup\u3011Esta red de porter\u00eda de f\u00fatbol es muy f\u00e1cil de instalar y quitar, al igual que el montaje de una tienda de campa\u00f1a. A pesar de que puede ser dif\u00edcil para empezar, consulte el v\u00eddeo de instalaci\u00f3n que acompa\u00f1a y las instrucciones de instalaci\u00f3n, una vez que usted consigue la ca\u00edda de la misma, s\u00f3lo se necesitan 80 segundos. juventud toma 2-6 minutos.<\/span><\/li>\n<li><span class=\"a-list-item\">\u3010Removable\u3011La porter\u00eda de f\u00fatbol de entrenamiento Fsports se pliega r\u00e1pida y f\u00e1cilmente para una movilidad y portabilidad instant\u00e1neas. La puerta del f\u00fatbol es conveniente para los patios traseros, garajes, revuelve, los taladros, entrenamiento; cuando se utiliza en el patio trasero, usted tambi\u00e9n no cortar\u00e1 la hierba alrededor de ella o no dejar\u00e1 un manojo de puntos muertos en el c\u00e9sped.un dispositivo del entrenamiento del f\u00fatbol que se puede mover en cualquier momento, dondequiera.<\/span><\/li>\n<li><span class=\"a-list-item\">\u3010Super Durable\u3011Con el apoyo de super durable de 8 hebras de malla multi-drag\u00f3n sin nudos y cuadrado de metal resistente y tubos de fibra de vidrio, la porter\u00eda de f\u00fatbol es durable; base telesc\u00f3pica curvada para la estabilidad en terrenos dif\u00edciles, clavos de tierra en forma de U se utilizan para la estabilizaci\u00f3n. Tama\u00f1o de la rejilla de 4 pulgadas, la pelota no es f\u00e1cil salir volando.<\/span><\/li>\n<li><span class=\"a-list-item\">\u3010Full Accessories\u3011Usted obtiene 1 red de f\u00fatbol y el marco, 4 tacos de suelo en forma de U, 1 bolsa de almacenamiento con cremallera port\u00e1til elegante y resistente. Se empaqueta en una bolsa de transporte para almacenamiento y transporte a largo plazo, y se puede utilizar en casi cualquier veh\u00edculo. Se puede utilizar tanto en exteriores como en interiores, en el parque, en casa, en la cancha o en la playa.<\/span><\/li>\n<\/ul>","protected":false},"excerpt":{"rendered":"<p>Las porter\u00edas de f\u00fatbol port\u00e1tiles caben f\u00e1cilmente en nuestra bolsa de transporte con cremallera reforzada y asa. Incluye una red de velcro resistente hecha para durar.<br \/>\nGu\u00e1rdelo en el garaje, en casa, en un cobertizo o ll\u00e9velo a cualquier parte de forma r\u00e1pida y sencilla. Dise\u00f1o de almacenamiento compacto port\u00e1til para caber en cualquier maletero del coche o en el asiento trasero.<\/p>","protected":false},"featured_media":1048,"template":"","meta":{"_gspb_post_css":""},"product_brand":[],"product_cat":[29],"product_tag":[],"class_list":{"0":"post-1054","1":"product","2":"type-product","3":"status-publish","4":"has-post-thumbnail","6":"product_cat-soccer-goal","8":"first","9":"instock","10":"shipping-taxable","11":"product-type-simple"},"_links":{"self":[{"href":"https:\/\/fsportsnet.com\/es\/wp-json\/wp\/v2\/product\/1054","targetHints":{"allow":["GET"]}}],"collection":[{"href":"https:\/\/fsportsnet.com\/es\/wp-json\/wp\/v2\/product"}],"about":[{"href":"https:\/\/fsportsnet.com\/es\/wp-json\/wp\/v2\/types\/product"}],"wp:featuredmedia":[{"embeddable":true,"href":"https:\/\/fsportsnet.com\/es\/wp-json\/wp\/v2\/media\/1048"}],"wp:attachment":[{"href":"https:\/\/fsportsnet.com\/es\/wp-json\/wp\/v2\/media?parent=1054"}],"wp:term":[{"taxonomy":"product_brand","embeddable":true,"href":"https:\/\/fsportsnet.com\/es\/wp-json\/wp\/v2\/product_brand?post=1054"},{"taxonomy":"product_cat","embeddable":true,"href":"https:\/\/fsportsnet.com\/es\/wp-json\/wp\/v2\/product_cat?post=1054"},{"taxonomy":"product_tag","embeddable":true,"href":"https:\/\/fsportsnet.com\/es\/wp-json\/wp\/v2\/product_tag?post=1054"}],"curies":[{"name":"wp","href":"https:\/\/api.w.org\/{rel}","templated":true}]}}