{"id":1055,"date":"2023-04-17T09:19:58","date_gmt":"2023-04-17T01:19:58","guid":{"rendered":"https:\/\/fsportsnet.com\/?post_type=product&#038;p=1055"},"modified":"2023-04-17T13:36:09","modified_gmt":"2023-04-17T05:36:09","slug":"quickster-portable-soccer-goal-and-net","status":"publish","type":"product","link":"https:\/\/fsportsnet.com\/es\/product\/quickster-portable-soccer-goal-and-net\/","title":{"rendered":"Porter\u00eda de f\u00fatbol port\u00e1til para ni\u00f1os Red de f\u00fatbol 6 x 4 pies"},"content":{"rendered":"<p>PORTER\u00cdA JUVENIL: Esta porter\u00eda de f\u00fatbol juvenil de 6\u2032 x 4\u2032 es la herramienta perfecta para ayudar a construir habilidades fundamentales de f\u00fatbol en el patio trasero<br \/>\nRED TODO TIEMPO: Red construida para resistir todas las estaciones<br \/>\nF\u00c1CIL DE MONTAR: La construcci\u00f3n de red de mangas permite un montaje r\u00e1pido para que los ni\u00f1os puedan levantarse y empezar a jugar en un santiam\u00e9n.<br \/>\nPLEGABLE: Simplemente retira los tubos de soporte amarillos y pli\u00e9galos para guardarlos f\u00e1cilmente utilizando las juntas de esquina de plegado r\u00e1pido que se pliegan y bloquean en los postes delanteros de la porter\u00eda<br \/>\nDURADERA: Esta porter\u00eda est\u00e1 fabricada con pl\u00e1sticos duraderos con la nueva tecnolog\u00eda de cierre a presi\u00f3n dise\u00f1ada y probada para proporcionar la durabilidad necesaria para soportar balones de f\u00fatbol de tama\u00f1o normal. Adem\u00e1s, las estacas de suelo en forma de \u201cU\u201d mantienen la porter\u00eda anclada al suelo frente a potentes disparos.<\/p>","protected":false},"excerpt":{"rendered":"<p>Esta porter\u00eda de f\u00fatbol juvenil de 6\u2032 x 4\u2032 es la herramienta perfecta para ayudar a desarrollar sus habilidades fundamentales de f\u00fatbol en el patio trasero. Esta porter\u00eda est\u00e1 fabricada con tubo de acero resistente y cuenta con una tecnolog\u00eda de cierre a presi\u00f3n que ha sido recientemente renovada para proporcionar una durabilidad superior para soportar un bal\u00f3n de f\u00fatbol real. Se instala r\u00e1pidamente, cuenta con una red para todo tipo de clima y se pliega para facilitar su almacenamiento. Se incluyen estacas met\u00e1licas para anclar el equipo en su sitio frente a potentes disparos.Caracter\u00edsticas: Dimensiones: 6\u2032 Ancho x 4\u2032 Alto Marco ligero para un f\u00e1cil reposicionamiento. Las estacas met\u00e1licas de tierra anclan la porter\u00eda en su lugar en el campo. El marco de la porter\u00eda se pliega para un almacenamiento f\u00e1cil y compacto. Montaje sin herramientas.<\/p>","protected":false},"featured_media":1059,"template":"","meta":{"_gspb_post_css":""},"product_brand":[],"product_cat":[29],"product_tag":[],"class_list":{"0":"post-1055","1":"product","2":"type-product","3":"status-publish","4":"has-post-thumbnail","6":"product_cat-soccer-goal","8":"first","9":"instock","10":"shipping-taxable","11":"product-type-simple"},"_links":{"self":[{"href":"https:\/\/fsportsnet.com\/es\/wp-json\/wp\/v2\/product\/1055","targetHints":{"allow":["GET"]}}],"collection":[{"href":"https:\/\/fsportsnet.com\/es\/wp-json\/wp\/v2\/product"}],"about":[{"href":"https:\/\/fsportsnet.com\/es\/wp-json\/wp\/v2\/types\/product"}],"wp:featuredmedia":[{"embeddable":true,"href":"https:\/\/fsportsnet.com\/es\/wp-json\/wp\/v2\/media\/1059"}],"wp:attachment":[{"href":"https:\/\/fsportsnet.com\/es\/wp-json\/wp\/v2\/media?parent=1055"}],"wp:term":[{"taxonomy":"product_brand","embeddable":true,"href":"https:\/\/fsportsnet.com\/es\/wp-json\/wp\/v2\/product_brand?post=1055"},{"taxonomy":"product_cat","embeddable":true,"href":"https:\/\/fsportsnet.com\/es\/wp-json\/wp\/v2\/product_cat?post=1055"},{"taxonomy":"product_tag","embeddable":true,"href":"https:\/\/fsportsnet.com\/es\/wp-json\/wp\/v2\/product_tag?post=1055"}],"curies":[{"name":"wp","href":"https:\/\/api.w.org\/{rel}","templated":true}]}}