{"id":1065,"date":"2023-04-17T13:37:51","date_gmt":"2023-04-17T05:37:51","guid":{"rendered":"https:\/\/fsportsnet.com\/?post_type=product&#038;p=1065"},"modified":"2023-04-17T13:50:44","modified_gmt":"2023-04-17T05:50:44","slug":"soccer-goals-for-backyard-kids-portable-soccer-net","status":"publish","type":"product","link":"https:\/\/fsportsnet.com\/es\/product\/soccer-goals-for-backyard-kids-portable-soccer-net\/","title":{"rendered":"Porter\u00edas de f\u00fatbol para patio Red de f\u00fatbol port\u00e1til para ni\u00f1os"},"content":{"rendered":"<p>\u26bd\u3010Product Includes\u3011El juego de red de f\u00fatbol incluye 1 red, 4 clavos de tierra, 22 hebillas en forma de ocho y un manual de instalaci\u00f3n.<br \/>\n\u26bd\u3010Installation Tips\u3011Primero, encuentre las dos marcas rojas en la parte superior de la red antes de la instalaci\u00f3n, que se instala en la parte superior del marco de la bola. Adem\u00e1s, puede instalar primero los dos lados de la estructura del marco de la bola, y finalmente conectar la parte media, lo que ahorra m\u00e1s tiempo muy r\u00e1pidamente.<br \/>\n\u26bd\u3010Excelente Dise\u00f1o\u3011La red de f\u00fatbol est\u00e1 hecha de material de poli\u00e9ster, que es m\u00e1s resistente al desgaste. El di\u00e1metro de la puerta de f\u00fatbol es de 40 mm y el espesor del pl\u00e1stico es de 1,3 mm, que se puede colocar al aire libre durante todo el a\u00f1o sin tener miedo del viento y el sol. El dise\u00f1o de la hebilla en forma de ocho puede hacer que la elasticidad de las porter\u00edas de f\u00fatbol para ni\u00f1os sea ajustable, el dise\u00f1o de refuerzo inferior y los clavos para el suelo en forma de J permiten que su hijo juegue al f\u00fatbol con m\u00e1s libertad.<br \/>\n\u26bd\u3010Easy to Assemble &amp; Portable\u3011Nuestras porter\u00edas de f\u00fatbol para ni\u00f1os para el patio trasero y viene con una instrucci\u00f3n de instalaci\u00f3n para que incluso un ni\u00f1o puede mover f\u00e1cilmente y montar y desmontar la red de f\u00fatbol en tiempo efectivo hecho, no se pierde tiempo extra en absoluto, y se puede integrar r\u00e1pidamente en el entretenimiento.<br \/>\n\u26bd\u3010Practice Habilidades y Entretenimiento\u3011Este deporte puede ser una buena manera de promover la comunicaci\u00f3n entre los ni\u00f1os y sus familias. Las porter\u00edas de f\u00fatbol para patio trasero pueden movilizar la fuerza de todo el cuerpo del ni\u00f1o para aumentar la coordinaci\u00f3n del cuerpo. Permiten que los ni\u00f1os saquen buenas notas al tiempo que alivian la presi\u00f3n psicol\u00f3gica adecuada en las competiciones escolares. La red de f\u00fatbol es f\u00e1cil de instalar y es un proyecto de entretenimiento muy adecuado para adultos y ni\u00f1os.<br \/>\n\u26bd\u3010A Wide Range of Scenarios\u3011Esta red de f\u00fatbol para patio trasero es perfecta para ni\u00f1os, j\u00f3venes y adultos al aire libre. La porter\u00eda de f\u00fatbol port\u00e1til le permite a su hijo usarla con seguridad en el patio de la escuela, deportes al aire libre, recreaci\u00f3n en la playa, patio trasero y juegos profesionales. Red de f\u00fatbol son los mejores amigos para el entrenamiento de f\u00fatbol de los ni\u00f1os y puede ser una gran opci\u00f3n de vacaciones y regalo de cumplea\u00f1os.<\/p>","protected":false},"excerpt":{"rendered":"<p>Esta porter\u00eda de f\u00fatbol juvenil de 6\u2032 x 4\u2032 es la herramienta perfecta para ayudar a desarrollar sus habilidades fundamentales de f\u00fatbol en el patio trasero. Esta porter\u00eda est\u00e1 fabricada con tubo de acero resistente y cuenta con una tecnolog\u00eda de cierre a presi\u00f3n que ha sido recientemente renovada para proporcionar una durabilidad superior para soportar un bal\u00f3n de f\u00fatbol real. Se instala r\u00e1pidamente, cuenta con una red para todo tipo de clima y se pliega para facilitar su almacenamiento. Se incluyen estacas met\u00e1licas para anclar el equipo en su sitio frente a potentes disparos.Caracter\u00edsticas: Dimensiones: 6\u2032 Ancho x 4\u2032 Alto Marco ligero para un f\u00e1cil reposicionamiento. Las estacas met\u00e1licas de tierra anclan la porter\u00eda en su lugar en el campo. El marco de la porter\u00eda se pliega para un almacenamiento f\u00e1cil y compacto. Montaje sin herramientas.<\/p>","protected":false},"featured_media":1060,"template":"","meta":{"_gspb_post_css":""},"product_brand":[],"product_cat":[29],"product_tag":[],"class_list":{"0":"post-1065","1":"product","2":"type-product","3":"status-publish","4":"has-post-thumbnail","6":"product_cat-soccer-goal","8":"first","9":"instock","10":"shipping-taxable","11":"product-type-simple"},"_links":{"self":[{"href":"https:\/\/fsportsnet.com\/es\/wp-json\/wp\/v2\/product\/1065","targetHints":{"allow":["GET"]}}],"collection":[{"href":"https:\/\/fsportsnet.com\/es\/wp-json\/wp\/v2\/product"}],"about":[{"href":"https:\/\/fsportsnet.com\/es\/wp-json\/wp\/v2\/types\/product"}],"wp:featuredmedia":[{"embeddable":true,"href":"https:\/\/fsportsnet.com\/es\/wp-json\/wp\/v2\/media\/1060"}],"wp:attachment":[{"href":"https:\/\/fsportsnet.com\/es\/wp-json\/wp\/v2\/media?parent=1065"}],"wp:term":[{"taxonomy":"product_brand","embeddable":true,"href":"https:\/\/fsportsnet.com\/es\/wp-json\/wp\/v2\/product_brand?post=1065"},{"taxonomy":"product_cat","embeddable":true,"href":"https:\/\/fsportsnet.com\/es\/wp-json\/wp\/v2\/product_cat?post=1065"},{"taxonomy":"product_tag","embeddable":true,"href":"https:\/\/fsportsnet.com\/es\/wp-json\/wp\/v2\/product_tag?post=1065"}],"curies":[{"name":"wp","href":"https:\/\/api.w.org\/{rel}","templated":true}]}}