{"id":1066,"date":"2023-04-17T13:50:53","date_gmt":"2023-04-17T05:50:53","guid":{"rendered":"https:\/\/fsportsnet.com\/?post_type=product&#038;p=1066"},"modified":"2025-02-15T15:53:32","modified_gmt":"2025-02-15T07:53:32","slug":"goalshot-soccer-goal-target-training-aide-for-scoring-and-finishing","status":"publish","type":"product","link":"https:\/\/fsportsnet.com\/es\/product\/goalshot-soccer-goal-target-training-aide-for-scoring-and-finishing\/","title":{"rendered":"Ayuda de entrenamiento para marcar y rematar goles de f\u00fatbol Goalhot"},"content":{"rendered":"<p>VISUALIZAR EL GOL. El tiro a puerta hace cosas que los conos, las dianas y los porteros suplentes no pueden hacer: crea un enfoque visual en las zonas espec\u00edficas en las que los jugadores tienen cuatro veces m\u00e1s probabilidades de marcar.<br \/>\nCONSIGUE QUE LOS JUGADORES ENTREN EN LA ZONA. Respaldado por investigaciones y probado por atletas. El tiro a puerta presenta las cuatro zonas de gol en las que se marca a los porteros de las mejores ligas de f\u00fatbol.<br \/>\nRECHAZA TODO LO QUE NO SEA LO MEJOR. Las zonas de tiro de Goal obligan a los jugadores a visualizar sus tiros. Bloquea autom\u00e1ticamente los tiros que est\u00e1n fuera de las zonas de puntuaci\u00f3n designadas.<br \/>\nM\u00c1S TIEMPO CON EL BAL\u00d3N. Dise\u00f1ado para adaptarse al marco de cualquier porter\u00eda de f\u00fatbol, el Goal shot se monta f\u00e1cilmente en cuesti\u00f3n de minutos, se desmonta r\u00e1pidamente y se guarda en su propia bolsa de transporte.<br \/>\nINVIERTE EN TI. Invertir en equipamiento deportivo de calidad significa invertir en tu entrenamiento y en tus objetivos deportivos. Lleva tu entrenamiento de f\u00fatbol al siguiente nivel con el Goal shot.<\/p>","protected":false},"excerpt":{"rendered":"<p>GARANT\u00cdA TLIFETIME - Esta red de f\u00fatbol de primera calidad est\u00e1 hecha para durar. Red de malla fuerte puede tomar su mejor tiro en cualquier condici\u00f3n clim\u00e1tica. Los anillos de ojo duraderos prevendr\u00e1n rasgones a lo largo de los bordes. Las cuerdas el\u00e1sticas permiten flexibilidad durante los golpes duros. Si la red se le rompe, cumpliremos nuestra promesa Kick It y le enviaremos una nueva.<br \/>\nENTRENA COMO UN PROFESIONAL - Mejora la precisi\u00f3n enfocando tus tiros en las esquinas donde el portero no puede bloquearlos. Ideal para practicar en solitario cuando no tienes un compa\u00f1ero con el que entrenar. Tambi\u00e9n es ideal para los entrenamientos en equipo, ya que permite anotar r\u00e1pidamente sin esperar a que el portero se restablezca. La repetici\u00f3n crea memoria muscular.<\/p>","protected":false},"featured_media":1068,"template":"","meta":{"_gspb_post_css":""},"product_brand":[],"product_cat":[29],"product_tag":[],"class_list":{"0":"post-1066","1":"product","2":"type-product","3":"status-publish","4":"has-post-thumbnail","6":"product_cat-soccer-goal","8":"first","9":"instock","10":"shipping-taxable","11":"product-type-simple"},"_links":{"self":[{"href":"https:\/\/fsportsnet.com\/es\/wp-json\/wp\/v2\/product\/1066","targetHints":{"allow":["GET"]}}],"collection":[{"href":"https:\/\/fsportsnet.com\/es\/wp-json\/wp\/v2\/product"}],"about":[{"href":"https:\/\/fsportsnet.com\/es\/wp-json\/wp\/v2\/types\/product"}],"wp:featuredmedia":[{"embeddable":true,"href":"https:\/\/fsportsnet.com\/es\/wp-json\/wp\/v2\/media\/1068"}],"wp:attachment":[{"href":"https:\/\/fsportsnet.com\/es\/wp-json\/wp\/v2\/media?parent=1066"}],"wp:term":[{"taxonomy":"product_brand","embeddable":true,"href":"https:\/\/fsportsnet.com\/es\/wp-json\/wp\/v2\/product_brand?post=1066"},{"taxonomy":"product_cat","embeddable":true,"href":"https:\/\/fsportsnet.com\/es\/wp-json\/wp\/v2\/product_cat?post=1066"},{"taxonomy":"product_tag","embeddable":true,"href":"https:\/\/fsportsnet.com\/es\/wp-json\/wp\/v2\/product_tag?post=1066"}],"curies":[{"name":"wp","href":"https:\/\/api.w.org\/{rel}","templated":true}]}}