{"id":1097,"date":"2023-04-17T14:49:43","date_gmt":"2023-04-17T06:49:43","guid":{"rendered":"https:\/\/fsportsnet.com\/?post_type=product&#038;p=1097"},"modified":"2023-04-17T14:56:49","modified_gmt":"2023-04-17T06:56:49","slug":"basics-pop-up-soccer-goal-net-set-with-carrying-case","status":"publish","type":"product","link":"https:\/\/fsportsnet.com\/es\/product\/basics-pop-up-soccer-goal-net-set-with-carrying-case\/","title":{"rendered":"Set de porter\u00eda de f\u00fatbol desplegable Basics con funda de transporte"},"content":{"rendered":"<p>Porter\u00edas de f\u00fatbol desplegables port\u00e1tiles para uso en exteriores; tama\u00f1o ideal para ni\u00f1os y adolescentes; seguras para jugadores a partir de 3 a\u00f1os.<br \/>\nIncluye (2) redes de porter\u00eda de f\u00fatbol azules de 1,2 m, estacas para el suelo y bolsa de transporte<br \/>\nPostes de fibra de vidrio maciza para un rendimiento ligero pero estable; tejido y red oxford reforzados para una resistencia duradera<br \/>\nSe despliega con un simple giro para abrirlo y montarlo r\u00e1pidamente; no se necesitan herramientas; las estacas s\u00f3lo deben utilizarse en terrenos blandos.<br \/>\nNOTA: No est\u00e1 hecho para tiros r\u00e1pidos e intensos a la red; est\u00e1 dise\u00f1ado para dar simples patadas al bal\u00f3n en el patio trasero por diversi\u00f3n o para entrenar.<\/p>","protected":false},"excerpt":{"rendered":"<p>Incluye un juego de 2 redes de porter\u00eda de f\u00fatbol port\u00e1tiles desplegables con 3 postes de tierra por porter\u00eda y una bolsa de transporte.<br \/>\nNo requiere montaje: \u00a1listo para jugar en segundos! Simplemente g\u00edrelo para abrirlo y jugar al instante, luego g\u00edrelo para aplanarlo y guardarlo y transportarlo f\u00e1cilmente en la bolsa de transporte incluida.<br \/>\nNuevo armaz\u00f3n indestructible con una red ultrarreflectante, duradera y resistente a la intemperie para a\u00f1os de diversi\u00f3n y juego.<br \/>\nPerfecto para jugadores y equipos de todas las edades y niveles: j\u00f3venes, adolescentes y adultos.<br \/>\nIdeal para entrenamientos, partidos de entrenamiento, torneos, partidos uno contra uno, 3 contra 3, entrenamientos de habilidades, clubes, equipos, partidos en el patio, parque, campo, playa o dondequiera que te lleve el juego.<\/p>","protected":false},"featured_media":1072,"template":"","meta":{"_gspb_post_css":""},"product_brand":[],"product_cat":[29],"product_tag":[],"class_list":{"0":"post-1097","1":"product","2":"type-product","3":"status-publish","4":"has-post-thumbnail","6":"product_cat-soccer-goal","8":"first","9":"instock","10":"shipping-taxable","11":"product-type-simple"},"_links":{"self":[{"href":"https:\/\/fsportsnet.com\/es\/wp-json\/wp\/v2\/product\/1097","targetHints":{"allow":["GET"]}}],"collection":[{"href":"https:\/\/fsportsnet.com\/es\/wp-json\/wp\/v2\/product"}],"about":[{"href":"https:\/\/fsportsnet.com\/es\/wp-json\/wp\/v2\/types\/product"}],"wp:featuredmedia":[{"embeddable":true,"href":"https:\/\/fsportsnet.com\/es\/wp-json\/wp\/v2\/media\/1072"}],"wp:attachment":[{"href":"https:\/\/fsportsnet.com\/es\/wp-json\/wp\/v2\/media?parent=1097"}],"wp:term":[{"taxonomy":"product_brand","embeddable":true,"href":"https:\/\/fsportsnet.com\/es\/wp-json\/wp\/v2\/product_brand?post=1097"},{"taxonomy":"product_cat","embeddable":true,"href":"https:\/\/fsportsnet.com\/es\/wp-json\/wp\/v2\/product_cat?post=1097"},{"taxonomy":"product_tag","embeddable":true,"href":"https:\/\/fsportsnet.com\/es\/wp-json\/wp\/v2\/product_tag?post=1097"}],"curies":[{"name":"wp","href":"https:\/\/api.w.org\/{rel}","templated":true}]}}