{"id":1098,"date":"2023-04-17T14:57:00","date_gmt":"2023-04-17T06:57:00","guid":{"rendered":"https:\/\/fsportsnet.com\/?post_type=product&#038;p=1098"},"modified":"2023-04-17T15:02:41","modified_gmt":"2023-04-17T07:02:41","slug":"portable-soccer-goal-instant-pop-up-net-backyard-kids","status":"publish","type":"product","link":"https:\/\/fsportsnet.com\/es\/product\/portable-soccer-goal-instant-pop-up-net-backyard-kids\/","title":{"rendered":"Porter\u00eda de f\u00fatbol port\u00e1til Instant Pop up Net Backyard Kids"},"content":{"rendered":"<ul class=\"a-unordered-list a-vertical a-spacing-mini\">\n<li><span class=\"a-list-item\">La diversi\u00f3n nunca se detiene - \u00a1La porter\u00eda de f\u00fatbol infantil de Fsports es la actividad de patio definitiva para toda la familia! Con un dise\u00f1o duradero y pr\u00e1ctico, estas redes de f\u00fatbol te permiten crear tu propio campo de juego para que los m\u00e1s peque\u00f1os corran y se diviertan lejos de las pantallas y la televisi\u00f3n.<\/span><\/li>\n<li><span class=\"a-list-item\">Pr\u00e1ctico Pack and Play: cada pedido incluye 8 piquetas de acero inoxidable para mantener las redes en su sitio, instrucciones f\u00e1ciles de seguir con ilustraciones fotogr\u00e1ficas para ayudarle a montarlas y una bolsa de almacenamiento port\u00e1til para que pueda llevarlas a cualquier parte.<\/span><\/li>\n<li><span class=\"a-list-item\">Super duraderas, hechas para durar a\u00f1os - Las mini porter\u00edas de f\u00fatbol cuentan con una red resistente y extra fuerte hecha de Dacron duradero que no se da\u00f1ar\u00e1 con los tiros fuertes. La red puede soportar incluso los tiros m\u00e1s fuertes sin romperse o rasgarse.<\/span><\/li>\n<li><span class=\"a-list-item\">Tama\u00f1o port\u00e1til perfecto para ni\u00f1os y j\u00f3venes - Cada red de porter\u00eda de f\u00fatbol mide 4\u2019 x 3\u2019 x 3\u2019 para ofrecer espacio suficiente para practicar diferentes tiros sin ocupar demasiado espacio.<\/span><\/li>\n<\/ul>","protected":false},"excerpt":{"rendered":"<p>No requiere montaje: \u00a1listo para jugar en segundos! Simplemente g\u00edrelo para abrirlo y jugar al instante, luego g\u00edrelo para aplanarlo y guardarlo y transportarlo f\u00e1cilmente en la bolsa de transporte incluida.<br \/>\nNuevo armaz\u00f3n indestructible con una red ultrarreflectante, duradera y resistente a la intemperie para a\u00f1os de diversi\u00f3n y juego.<br \/>\nPerfecto para jugadores y equipos de todas las edades y niveles: j\u00f3venes, adolescentes y adultos.<br \/>\nIdeal para entrenamientos, partidos de entrenamiento, torneos, partidos uno contra uno, 3 contra 3, entrenamientos de habilidades, clubes, equipos, partidos en el patio, parque, campo, playa o dondequiera que te lleve el juego.<\/p>","protected":false},"featured_media":1092,"template":"","meta":{"_gspb_post_css":""},"product_brand":[],"product_cat":[29],"product_tag":[],"class_list":{"0":"post-1098","1":"product","2":"type-product","3":"status-publish","4":"has-post-thumbnail","6":"product_cat-soccer-goal","8":"first","9":"instock","10":"shipping-taxable","11":"product-type-simple"},"_links":{"self":[{"href":"https:\/\/fsportsnet.com\/es\/wp-json\/wp\/v2\/product\/1098","targetHints":{"allow":["GET"]}}],"collection":[{"href":"https:\/\/fsportsnet.com\/es\/wp-json\/wp\/v2\/product"}],"about":[{"href":"https:\/\/fsportsnet.com\/es\/wp-json\/wp\/v2\/types\/product"}],"wp:featuredmedia":[{"embeddable":true,"href":"https:\/\/fsportsnet.com\/es\/wp-json\/wp\/v2\/media\/1092"}],"wp:attachment":[{"href":"https:\/\/fsportsnet.com\/es\/wp-json\/wp\/v2\/media?parent=1098"}],"wp:term":[{"taxonomy":"product_brand","embeddable":true,"href":"https:\/\/fsportsnet.com\/es\/wp-json\/wp\/v2\/product_brand?post=1098"},{"taxonomy":"product_cat","embeddable":true,"href":"https:\/\/fsportsnet.com\/es\/wp-json\/wp\/v2\/product_cat?post=1098"},{"taxonomy":"product_tag","embeddable":true,"href":"https:\/\/fsportsnet.com\/es\/wp-json\/wp\/v2\/product_tag?post=1098"}],"curies":[{"name":"wp","href":"https:\/\/api.w.org\/{rel}","templated":true}]}}