{"id":1099,"date":"2023-04-17T15:02:51","date_gmt":"2023-04-17T07:02:51","guid":{"rendered":"https:\/\/fsportsnet.com\/?post_type=product&#038;p=1099"},"modified":"2023-04-17T15:10:19","modified_gmt":"2023-04-17T07:10:19","slug":"portable-soccer-goal-net-set-pop-up-training-soccer-goals","status":"publish","type":"product","link":"https:\/\/fsportsnet.com\/es\/product\/portable-soccer-goal-net-set-pop-up-training-soccer-goals\/","title":{"rendered":"Set de porter\u00edas de f\u00fatbol port\u00e1tiles Pop Up Training Soccer Goals"},"content":{"rendered":"<ul class=\"a-unordered-list a-vertical a-spacing-mini\">\n<li>F\u00daTBOL PARA LLEVAR: Porter\u00edas de f\u00fatbol ligeras, port\u00e1tiles y plegables, perfectas para jugar espont\u00e1neamente al f\u00fatbol en cualquier lugar. Se monta f\u00e1cilmente para un partido o entrenamiento r\u00e1pido y luego se guarda de forma compacta en su bolsa de transporte.<br \/>\nPR\u00c1CTICA Y USO RECREATIVO: La red de f\u00fatbol port\u00e1til perfecta para entrenar, practicar ejercicios o divertirse con los amigos en el patio, el parque o incluso la playa. Lleve su juego al siguiente nivel con este set de porter\u00eda de f\u00fatbol.<br \/>\nINCLUYE: Dos porter\u00edas de f\u00fatbol emergentes de 4\u2032 x 32\u2033 pies, estacas de acero de soporte resistente y duradero y una bolsa de transporte compacta. Se recomienda jugar con balones de f\u00fatbol reglamentarios o balones de f\u00fatbol de entrenamiento para ni\u00f1os.<br \/>\n100% GARANT\u00cdA DE SATISFACCI\u00d3N: FSports escucha y aprende de sus comentarios para crear equipos de sala de juegos de calidad para ni\u00f1os y adultos. Si no est\u00e1 100% satisfecho o tiene sugerencias sobre el producto, nuestro equipo de atenci\u00f3n al cliente est\u00e1 disponible para ayudarle.<br \/>\nFSports - JUNTAR A LA FAMILIA Y A LOS AMIGOS: Como empresa con sede en China, FSports aporta una nueva innovaci\u00f3n al juego en interiores y al aire libre mediante la introducci\u00f3n en el mercado de juegos deportivos, de c\u00e9sped, de puerta trasera, de carnaval y de sala de juegos asequibles y de calidad.<\/li>\n<\/ul>","protected":false},"excerpt":{"rendered":"<p>No requiere montaje: \u00a1listo para jugar en segundos! Simplemente g\u00edrelo para abrirlo y jugar al instante, luego g\u00edrelo para aplanarlo y guardarlo y transportarlo f\u00e1cilmente en la bolsa de transporte incluida.<br \/>\nNuevo armaz\u00f3n indestructible con una red ultrarreflectante, duradera y resistente a la intemperie para a\u00f1os de diversi\u00f3n y juego.<br \/>\nPerfecto para jugadores y equipos de todas las edades y niveles: j\u00f3venes, adolescentes y adultos.<br \/>\nIdeal para entrenamientos, partidos de entrenamiento, torneos, partidos uno contra uno, 3 contra 3, entrenamientos de habilidades, clubes, equipos, partidos en el patio, parque, campo, playa o dondequiera que te lleve el juego.<\/p>","protected":false},"featured_media":1090,"template":"","meta":{"_gspb_post_css":""},"product_brand":[],"product_cat":[29],"product_tag":[],"class_list":{"0":"post-1099","1":"product","2":"type-product","3":"status-publish","4":"has-post-thumbnail","6":"product_cat-soccer-goal","8":"first","9":"instock","10":"shipping-taxable","11":"product-type-simple"},"_links":{"self":[{"href":"https:\/\/fsportsnet.com\/es\/wp-json\/wp\/v2\/product\/1099","targetHints":{"allow":["GET"]}}],"collection":[{"href":"https:\/\/fsportsnet.com\/es\/wp-json\/wp\/v2\/product"}],"about":[{"href":"https:\/\/fsportsnet.com\/es\/wp-json\/wp\/v2\/types\/product"}],"wp:featuredmedia":[{"embeddable":true,"href":"https:\/\/fsportsnet.com\/es\/wp-json\/wp\/v2\/media\/1090"}],"wp:attachment":[{"href":"https:\/\/fsportsnet.com\/es\/wp-json\/wp\/v2\/media?parent=1099"}],"wp:term":[{"taxonomy":"product_brand","embeddable":true,"href":"https:\/\/fsportsnet.com\/es\/wp-json\/wp\/v2\/product_brand?post=1099"},{"taxonomy":"product_cat","embeddable":true,"href":"https:\/\/fsportsnet.com\/es\/wp-json\/wp\/v2\/product_cat?post=1099"},{"taxonomy":"product_tag","embeddable":true,"href":"https:\/\/fsportsnet.com\/es\/wp-json\/wp\/v2\/product_tag?post=1099"}],"curies":[{"name":"wp","href":"https:\/\/api.w.org\/{rel}","templated":true}]}}