{"id":1102,"date":"2023-04-17T15:24:57","date_gmt":"2023-04-17T07:24:57","guid":{"rendered":"https:\/\/fsportsnet.com\/?post_type=product&#038;p=1102"},"modified":"2023-04-17T15:28:32","modified_gmt":"2023-04-17T07:28:32","slug":"foldable-portable-football-goal-2-in-1-childrens-soccer-net","status":"publish","type":"product","link":"https:\/\/fsportsnet.com\/es\/product\/foldable-portable-football-goal-2-in-1-childrens-soccer-net\/","title":{"rendered":"Porter\u00eda de f\u00fatbol port\u00e1til plegable 2 en 1 Red de f\u00fatbol para ni\u00f1os"},"content":{"rendered":"<ul class=\"a-unordered-list a-vertical a-spacing-mini\">\n<li>Porter\u00eda multifuncional: dise\u00f1o 2 en 1 (porter\u00eda de f\u00fatbol de doble uso), un lado es la porter\u00eda normal, no s\u00f3lo para el f\u00fatbol, el f\u00fatbol, sino tambi\u00e9n para el b\u00e9isbol, el hockey y m\u00e1s. El otro lado tiene 5 \u00e1reas de destino para la precisi\u00f3n de tiro de esquina. 2 en 1 red de f\u00fatbol puede aprender los fundamentos del f\u00fatbol que puede mejorar las habilidades motoras, regalo perfecto para los ni\u00f1os.<br \/>\nFacilidad de uso: tama\u00f1o de montaje: 120*81*81 cm, tama\u00f1o plegado: 16\u2033*16\u2033. Ahorrar m\u00e1s espacio para llevar por nuestra bolsa de almacenamiento redondo libre. Dise\u00f1o pop up instant\u00e1neo y desmontaje sin herramientas. Siempre listo para que usted comience training.Lightweight y f\u00e1cil de llevar, se embala en 13ft bolsa de transporte con 1.9pounds. Plegable y un segundo para liberar, iniciar su formaci\u00f3n \/ pr\u00e1ctica en cuesti\u00f3n de segundos con el dise\u00f1o pop-up.<br \/>\nMaterial duradero : Nuestra porter\u00eda de f\u00fatbol est\u00e1 hecha de tela oxford 210D de alta calidad actualizada, resistente al desgarro, f\u00e1cil de limpiar y mucho m\u00e1s duradera.El uso de clavos especiales para el c\u00e9sped puede hacer que la estructura general de la porter\u00eda de f\u00fatbol sea m\u00e1s fuerte,M\u00e1s alegr\u00eda, menos preocupaciones.<br \/>\nBonito regalo para ni\u00f1os : Bonito regalo para ni\u00f1os interesados en el deporte. Jugar al f\u00fatbol no s\u00f3lo trae felicidad a los ni\u00f1os, sino que tambi\u00e9n ayuda a desarrollar su esp\u00edritu de equipo y habilidades sociales.<\/li>\n<\/ul>","protected":false},"excerpt":{"rendered":"<p>No requiere montaje: \u00a1listo para jugar en segundos! Simplemente g\u00edrelo para abrirlo y jugar al instante, luego g\u00edrelo para aplanarlo y guardarlo y transportarlo f\u00e1cilmente en la bolsa de transporte incluida.<br \/>\nNuevo armaz\u00f3n indestructible con una red ultrarreflectante, duradera y resistente a la intemperie para a\u00f1os de diversi\u00f3n y juego.<br \/>\nPerfecto para jugadores y equipos de todas las edades y niveles: j\u00f3venes, adolescentes y adultos.<br \/>\nIdeal para entrenamientos, partidos de entrenamiento, torneos, partidos uno contra uno, 3 contra 3, entrenamientos de habilidades, clubes, equipos, partidos en el patio, parque, campo, playa o dondequiera que te lleve el juego.<\/p>","protected":false},"featured_media":1085,"template":"","meta":{"_gspb_post_css":""},"product_brand":[],"product_cat":[29],"product_tag":[],"class_list":{"0":"post-1102","1":"product","2":"type-product","3":"status-publish","4":"has-post-thumbnail","6":"product_cat-soccer-goal","8":"first","9":"instock","10":"shipping-taxable","11":"product-type-simple"},"_links":{"self":[{"href":"https:\/\/fsportsnet.com\/es\/wp-json\/wp\/v2\/product\/1102","targetHints":{"allow":["GET"]}}],"collection":[{"href":"https:\/\/fsportsnet.com\/es\/wp-json\/wp\/v2\/product"}],"about":[{"href":"https:\/\/fsportsnet.com\/es\/wp-json\/wp\/v2\/types\/product"}],"wp:featuredmedia":[{"embeddable":true,"href":"https:\/\/fsportsnet.com\/es\/wp-json\/wp\/v2\/media\/1085"}],"wp:attachment":[{"href":"https:\/\/fsportsnet.com\/es\/wp-json\/wp\/v2\/media?parent=1102"}],"wp:term":[{"taxonomy":"product_brand","embeddable":true,"href":"https:\/\/fsportsnet.com\/es\/wp-json\/wp\/v2\/product_brand?post=1102"},{"taxonomy":"product_cat","embeddable":true,"href":"https:\/\/fsportsnet.com\/es\/wp-json\/wp\/v2\/product_cat?post=1102"},{"taxonomy":"product_tag","embeddable":true,"href":"https:\/\/fsportsnet.com\/es\/wp-json\/wp\/v2\/product_tag?post=1102"}],"curies":[{"name":"wp","href":"https:\/\/api.w.org\/{rel}","templated":true}]}}