{"id":1103,"date":"2023-04-17T16:06:32","date_gmt":"2023-04-17T08:06:32","guid":{"rendered":"https:\/\/fsportsnet.com\/?post_type=product&#038;p=1103"},"modified":"2023-04-17T16:06:33","modified_gmt":"2023-04-17T08:06:33","slug":"pickleball-nets-portable-outdoor-22-ft-pickleball-net-usapa-regulation-size","status":"publish","type":"product","link":"https:\/\/fsportsnet.com\/es\/product\/pickleball-nets-portable-outdoor-22-ft-pickleball-net-usapa-regulation-size\/","title":{"rendered":"Red de Pickleball Port\u00e1til de 22 FT al aire libre USAPA Tama\u00f1o reglamentario"},"content":{"rendered":"<p>1. Tama\u00f1o: 22\u2032 x 36\u201d, altura central 34\u201d.\u201d<br \/>\n2. Red: Malla de poli\u00e9ster sin anudar de 5 capas de 1,75<br \/>\n3. Tubo de acero redondo: Tubo met\u00e1lico de 1\u201d de di\u00e1metro y 1,0 mm de grosor<br \/>\n4. Tubo cuadrado de acero: 1\u00d72\u201d de di\u00e1metro, 1,0 m de grosor<br \/>\n5. Poste: \u03a612,7mm fibra de vidrio negro s\u00f3lido.<br \/>\n6. Manguito: 600D<br \/>\n6. Bolsa: tejido oxford 600D y PVC<br \/>\n7. Embalaje: Cada uno en una caja de cart\u00f3n K=K, 94x24x14cm,<br \/>\n8. G.W 9.9kg<\/p>\n<p>\ud83c\udfbeFUERTE. SIN ROZAMIENTO. F\u00c1CIL AJUSTE DE LA RED. SIN PUNZONES. Marco de metal reforzado para mantener la red de pickle ball robusta incluso bajo fuertes vientos. Marco de acero con recubrimiento en polvo sin \u00f3xido. RED SIN NUDOS que no se desgasta. Bolsa de transporte ligera. Utilice la correa de gancho y bucle F\u00c1CIL TENSADO de la red.<br \/>\nRED LIGERA Y PORT\u00c1TIL Con s\u00f3lo 22 libras, es f\u00e1cil transportar la red en una bolsa de transporte y montarla en cualquier lugar con nuestro sistema de red de pickleball port\u00e1til.<br \/>\n\ud83c\udfbe \u00a1HAZ UNA PISTA EN CUALQUIER SITIO! Incluyendo pista cubierta y al aire libre, y m\u00e1s. Nuestro conjunto de red de pickleball cumple con el tama\u00f1o oficial de regulaci\u00f3n en 22 pies de ancho x 36 pulgadas de alto en las l\u00edneas laterales, 34 pulgadas de alto en el centro.<br \/>\n\ud83c\udfbeEASY SET UP INDER 5 minutes. Empieza a jugar en s\u00f3lo unos minutos. Utilice nuestro manual de instrucciones visual para un proceso de configuraci\u00f3n paso a paso.<br \/>\n\ud83c\udfbeEn el improbable caso de que no est\u00e9s encantado con nuestra red de pickleball port\u00e1til, puedes devolverla para obtener un reembolso completo o un reemplazo.<\/p>","protected":false},"excerpt":{"rendered":"<p>La belleza de esta red de Pickleball es que es f\u00e1cil de montar, port\u00e1til, sin embargo, la naturaleza extremadamente durable le permite jugar al pickleball en cualquier superficie plana. La estructura completamente independiente es muy f\u00e1cil de montar y viene con una bolsa de transporte resistente 620D Oxford.base de goma de actualizaci\u00f3n innovadora hace que la red de pickleball port\u00e1til m\u00e1s antideslizante.<\/p>","protected":false},"featured_media":1106,"template":"","meta":{"_gspb_post_css":""},"product_brand":[],"product_cat":[27],"product_tag":[],"class_list":{"0":"post-1103","1":"product","2":"type-product","3":"status-publish","4":"has-post-thumbnail","6":"product_cat-pickleball-net","8":"first","9":"instock","10":"shipping-taxable","11":"product-type-simple"},"_links":{"self":[{"href":"https:\/\/fsportsnet.com\/es\/wp-json\/wp\/v2\/product\/1103","targetHints":{"allow":["GET"]}}],"collection":[{"href":"https:\/\/fsportsnet.com\/es\/wp-json\/wp\/v2\/product"}],"about":[{"href":"https:\/\/fsportsnet.com\/es\/wp-json\/wp\/v2\/types\/product"}],"wp:featuredmedia":[{"embeddable":true,"href":"https:\/\/fsportsnet.com\/es\/wp-json\/wp\/v2\/media\/1106"}],"wp:attachment":[{"href":"https:\/\/fsportsnet.com\/es\/wp-json\/wp\/v2\/media?parent=1103"}],"wp:term":[{"taxonomy":"product_brand","embeddable":true,"href":"https:\/\/fsportsnet.com\/es\/wp-json\/wp\/v2\/product_brand?post=1103"},{"taxonomy":"product_cat","embeddable":true,"href":"https:\/\/fsportsnet.com\/es\/wp-json\/wp\/v2\/product_cat?post=1103"},{"taxonomy":"product_tag","embeddable":true,"href":"https:\/\/fsportsnet.com\/es\/wp-json\/wp\/v2\/product_tag?post=1103"}],"curies":[{"name":"wp","href":"https:\/\/api.w.org\/{rel}","templated":true}]}}