{"id":1136,"date":"2023-04-17T22:29:22","date_gmt":"2023-04-17T14:29:22","guid":{"rendered":"https:\/\/fsportsnet.com\/?post_type=product&#038;p=1136"},"modified":"2023-04-18T14:50:13","modified_gmt":"2023-04-18T06:50:13","slug":"pickleball-2-in-1-regulation-size-portable-net","status":"publish","type":"product","link":"https:\/\/fsportsnet.com\/es\/product\/pickleball-2-in-1-regulation-size-portable-net\/","title":{"rendered":"Red port\u00e1til Pickleball 2 en 1 de tama\u00f1o reglamentario"},"content":{"rendered":"<p>1. Tama\u00f1o: 3,0 m<br \/>\n2. Red: Red sin nudos de poli\u00e9ster de 3 capas de 1,5<br \/>\n3. Tubo de acero: \u03c622*0.6mm<br \/>\n4. Bolsa: 210D tela oxford con 1pcs LOGO<br \/>\n5. Embalaje: Cada uno en una caja de cart\u00f3n K=K, 88,5x21x12cm<br \/>\n6.G.W 4.2kg, N.W 3.3kg<\/p>\n<p>La FSports Half Court Net es la red de pr\u00e1ctica perfecta dise\u00f1ada para caber en espacios m\u00e1s peque\u00f1os, pero al mismo tiempo le da todas las herramientas necesarias para aprender el deporte por primera vez o para perfeccionar las habilidades ya dominadas. El paquete incluye (1) red de 10 pies de ancho (10 pies x 3 pies) hecha con una robusta construcci\u00f3n de postes de acero. Es el conjunto perfecto para iniciarse en este deporte, se puede empaquetar y transportar f\u00e1cilmente y es f\u00e1cil de montar. \u00a1Multiusos para un juego r\u00e1pido de pickleball o mini tenis!<br \/>\nEl tama\u00f1o de media cancha (10 pies de ancho) es perfecto para entrenar y practicar el deporte del pickleball. Este conjunto se monta r\u00e1pidamente y se puede transportar f\u00e1cilmente a dondequiera que le lleve el deporte del pickleball.<br \/>\nLos robustos postes de acero de la red proporcionan estabilidad. El tama\u00f1o completo ensamblado es de 10 pies de ancho por 3 pies de alto.<br \/>\nMULTI - SPORT - \u00a1Util\u00edcelo para perfeccionar su juego de pickleball o incluso un mini partido de tenis!<br \/>\n\u00a1F\u00c1CIL montaje, F\u00c1CIL transporte!<br \/>\n\u00a1PERFECTO para solteros delgados!<\/p>","protected":false},"excerpt":{"rendered":"<p>\u3010Just Enjoy the Upcoming Summer Day\u3011: No puede esperar para estimular sus c\u00e9lulas motoras dormidas con su deporte favorito de pickleball despu\u00e9s de un largo d\u00eda de invierno o nieve? Simplemente empaque esta red de pickleball en la espaciosa bolsa de transporte incluida. Comience su juego en cualquier lugar como el camino de entrada, cancha de baloncesto, cancha de tenis, callej\u00f3n sin salida, patio trasero, pista cubierta, o en la calle. Es un deporte maravilloso e interesante para todos.<\/p>","protected":false},"featured_media":1120,"template":"","meta":{"_gspb_post_css":""},"product_brand":[],"product_cat":[27],"product_tag":[],"class_list":{"0":"post-1136","1":"product","2":"type-product","3":"status-publish","4":"has-post-thumbnail","6":"product_cat-pickleball-net","8":"first","9":"instock","10":"shipping-taxable","11":"product-type-simple"},"_links":{"self":[{"href":"https:\/\/fsportsnet.com\/es\/wp-json\/wp\/v2\/product\/1136","targetHints":{"allow":["GET"]}}],"collection":[{"href":"https:\/\/fsportsnet.com\/es\/wp-json\/wp\/v2\/product"}],"about":[{"href":"https:\/\/fsportsnet.com\/es\/wp-json\/wp\/v2\/types\/product"}],"wp:featuredmedia":[{"embeddable":true,"href":"https:\/\/fsportsnet.com\/es\/wp-json\/wp\/v2\/media\/1120"}],"wp:attachment":[{"href":"https:\/\/fsportsnet.com\/es\/wp-json\/wp\/v2\/media?parent=1136"}],"wp:term":[{"taxonomy":"product_brand","embeddable":true,"href":"https:\/\/fsportsnet.com\/es\/wp-json\/wp\/v2\/product_brand?post=1136"},{"taxonomy":"product_cat","embeddable":true,"href":"https:\/\/fsportsnet.com\/es\/wp-json\/wp\/v2\/product_cat?post=1136"},{"taxonomy":"product_tag","embeddable":true,"href":"https:\/\/fsportsnet.com\/es\/wp-json\/wp\/v2\/product_tag?post=1136"}],"curies":[{"name":"wp","href":"https:\/\/api.w.org\/{rel}","templated":true}]}}