{"id":1149,"date":"2023-04-18T14:52:46","date_gmt":"2023-04-18T06:52:46","guid":{"rendered":"https:\/\/fsportsnet.com\/?post_type=product&#038;p=1149"},"modified":"2023-04-18T15:26:34","modified_gmt":"2023-04-18T07:26:34","slug":"mini-portable-picklbeall-net-tennis-net-for-driveway-kids-soccer-tennis-net","status":"publish","type":"product","link":"https:\/\/fsportsnet.com\/es\/product\/mini-portable-picklbeall-net-tennis-net-for-driveway-kids-soccer-tennis-net\/","title":{"rendered":"Red Portable Picklbeall USAPA Tama\u00f1o reglamentario"},"content":{"rendered":"<p>1. Tama\u00f1o: 22\u2032 x 36\u201d, altura central 34\u201d.\u201d<br \/>\n2. Red: Malla de poli\u00e9ster sin anudar de 5 capas de 1,75<br \/>\n3. Tubo de acero redondo: Tubo met\u00e1lico de 1\u201d de di\u00e1metro y 1,0 mm de grosor<br \/>\n4. Tubo cuadrado de acero: 1\u00d72\u201d de di\u00e1metro, 1,0 m de grosor<br \/>\n5. Poste: \u03a612,7mm fibra de vidrio negro s\u00f3lido.<br \/>\n6. Manguito: 600D<br \/>\n7. Bolsa: tejido oxford 600D y PVC<br \/>\n8. Embalaje: Cada uno en una caja de cart\u00f3n K=K, 94x24x14cm<\/p>\n<ul class=\"a-unordered-list a-vertical a-spacing-mini\">\n<li><span class=\"a-list-item\">Tama\u00f1o reglamentario USAPA\uff1a La red de pickleball midi\u00f3 22 pies de ancho. La altura lateral es de 36 pulgadas y la altura central es de 34 pulgadas, lo que cumple con la normativa oficial de tama\u00f1o de pickleball.<\/span><\/li>\n<li><span class=\"a-list-item\">F\u00e1cil de montar\uff1a El juego de red de pickle ball es f\u00e1cil de montar en 5 minutos, no se necesitan herramientas de montaje. Simplemente ranura junto con Interlocking-Buckle System para montar una red de juego de pickleball super fuerte.<\/span><\/li>\n<li><span class=\"a-list-item\">Bolsa de transporte port\u00e1til: Nuestras redes de pickleball vienen con una resistente bolsa de transporte de tela Oxford 600D con cremallera para ahorrar espacio y transportarlas c\u00f3modamente. Tama\u00f1o de la bolsa de transporte: 37,4 x 5,5 x 6,7 pulgadas.<\/span><\/li>\n<li><span class=\"a-list-item\">Material duradero: Nuestro marco de soporte est\u00e1 hecho de acero para mayor resistencia, robustez y durabilidad.\u00a0<\/span><\/li>\n<\/ul>","protected":false},"excerpt":{"rendered":"<p>El FSports nueva red de Pickleball es la red de la pr\u00e1ctica perfecta dise\u00f1ada para caber en al aire libre, Disfrute de pickleball con este sistema de red port\u00e1til ligero perfecto para la pr\u00e1ctica \/ juego en un camino de entrada, callej\u00f3n sin salida, s\u00f3tano, garaje, etc.<\/p>","protected":false},"featured_media":1130,"template":"","meta":{"_gspb_post_css":""},"product_brand":[],"product_cat":[27],"product_tag":[],"class_list":{"0":"post-1149","1":"product","2":"type-product","3":"status-publish","4":"has-post-thumbnail","6":"product_cat-pickleball-net","8":"first","9":"instock","10":"shipping-taxable","11":"product-type-simple"},"_links":{"self":[{"href":"https:\/\/fsportsnet.com\/es\/wp-json\/wp\/v2\/product\/1149","targetHints":{"allow":["GET"]}}],"collection":[{"href":"https:\/\/fsportsnet.com\/es\/wp-json\/wp\/v2\/product"}],"about":[{"href":"https:\/\/fsportsnet.com\/es\/wp-json\/wp\/v2\/types\/product"}],"wp:featuredmedia":[{"embeddable":true,"href":"https:\/\/fsportsnet.com\/es\/wp-json\/wp\/v2\/media\/1130"}],"wp:attachment":[{"href":"https:\/\/fsportsnet.com\/es\/wp-json\/wp\/v2\/media?parent=1149"}],"wp:term":[{"taxonomy":"product_brand","embeddable":true,"href":"https:\/\/fsportsnet.com\/es\/wp-json\/wp\/v2\/product_brand?post=1149"},{"taxonomy":"product_cat","embeddable":true,"href":"https:\/\/fsportsnet.com\/es\/wp-json\/wp\/v2\/product_cat?post=1149"},{"taxonomy":"product_tag","embeddable":true,"href":"https:\/\/fsportsnet.com\/es\/wp-json\/wp\/v2\/product_tag?post=1149"}],"curies":[{"name":"wp","href":"https:\/\/api.w.org\/{rel}","templated":true}]}}