{"id":1151,"date":"2023-04-18T15:26:44","date_gmt":"2023-04-18T07:26:44","guid":{"rendered":"https:\/\/fsportsnet.com\/?post_type=product&#038;p=1151"},"modified":"2023-04-18T15:37:20","modified_gmt":"2023-04-18T07:37:20","slug":"picklenet-mini-portable-10-feet-long-pickleball-net","status":"publish","type":"product","link":"https:\/\/fsportsnet.com\/es\/product\/picklenet-mini-portable-10-feet-long-pickleball-net\/","title":{"rendered":"Red de Pickleball Port\u00e1til Picklenet Mini de 10 pies de largo"},"content":{"rendered":"<p>1. Tama\u00f1o: 3,0 m<br \/>\n2. Red: Red sin nudos de poli\u00e9ster de 3 capas de 1,5<br \/>\n3. Tubo de acero: \u03c622*0.6mm<br \/>\n4. Bolsa: 210D tela oxford con 1pcs LOGO<br \/>\n5. Embalaje: Cada uno en una caja de cart\u00f3n K=K, 88,5x21x12cm<br \/>\n6.G.W 4.2kg, N.W 3.3kg<\/p>\n<p>VERSION MINI: Nuestra PickleNet Mini es una versi\u00f3n m\u00e1s peque\u00f1a de nuestro popular sistema PickleNet y tiene la altura reglamentaria para pickleball a 34\u201d en el centro de la red.<br \/>\nTAMA\u00d1O: Con una longitud de 3 metros, es un sistema de red pr\u00e1ctico para utilizar en la pista o en cualquier \u00e1rea m\u00e1s peque\u00f1a de lo normal.<br \/>\nHECHO PARA DURAR: El PickleNet Mini tambi\u00e9n est\u00e1 fabricado con nuestro tubo ovalado patentado de alta calidad.<br \/>\nUTIL\u00cdCELO EN CUALQUIER LUGAR: Disfrute del pickleball con este ligero sistema de red port\u00e1til perfecto para practicar\/jugar en un camino de entrada, callej\u00f3n sin salida, s\u00f3tano, garaje, etc.<\/p>","protected":false},"excerpt":{"rendered":"<p>El FSports nueva red de Pickleball es la red de la pr\u00e1ctica perfecta dise\u00f1ada para caber en al aire libre, Disfrute de pickleball con este sistema de red port\u00e1til ligero perfecto para la pr\u00e1ctica \/ juego en un camino de entrada, callej\u00f3n sin salida, s\u00f3tano, garaje, etc.<\/p>","protected":false},"featured_media":1152,"template":"","meta":{"_gspb_post_css":""},"product_brand":[],"product_cat":[27],"product_tag":[],"class_list":{"0":"post-1151","1":"product","2":"type-product","3":"status-publish","4":"has-post-thumbnail","6":"product_cat-pickleball-net","8":"first","9":"instock","10":"shipping-taxable","11":"product-type-simple"},"_links":{"self":[{"href":"https:\/\/fsportsnet.com\/es\/wp-json\/wp\/v2\/product\/1151","targetHints":{"allow":["GET"]}}],"collection":[{"href":"https:\/\/fsportsnet.com\/es\/wp-json\/wp\/v2\/product"}],"about":[{"href":"https:\/\/fsportsnet.com\/es\/wp-json\/wp\/v2\/types\/product"}],"wp:featuredmedia":[{"embeddable":true,"href":"https:\/\/fsportsnet.com\/es\/wp-json\/wp\/v2\/media\/1152"}],"wp:attachment":[{"href":"https:\/\/fsportsnet.com\/es\/wp-json\/wp\/v2\/media?parent=1151"}],"wp:term":[{"taxonomy":"product_brand","embeddable":true,"href":"https:\/\/fsportsnet.com\/es\/wp-json\/wp\/v2\/product_brand?post=1151"},{"taxonomy":"product_cat","embeddable":true,"href":"https:\/\/fsportsnet.com\/es\/wp-json\/wp\/v2\/product_cat?post=1151"},{"taxonomy":"product_tag","embeddable":true,"href":"https:\/\/fsportsnet.com\/es\/wp-json\/wp\/v2\/product_tag?post=1151"}],"curies":[{"name":"wp","href":"https:\/\/api.w.org\/{rel}","templated":true}]}}