{"id":1153,"date":"2023-04-18T15:37:32","date_gmt":"2023-04-18T07:37:32","guid":{"rendered":"https:\/\/fsportsnet.com\/?post_type=product&#038;p=1153"},"modified":"2023-04-18T15:45:51","modified_gmt":"2023-04-18T07:45:51","slug":"portable-pickle-ball-net-and-practice-net-set-includes-carrying-case","status":"publish","type":"product","link":"https:\/\/fsportsnet.com\/es\/product\/portable-pickle-ball-net-and-practice-net-set-includes-carrying-case\/","title":{"rendered":"Juego port\u00e1til de red de Pickle ball y red de pr\u00e1ctica Incluye funda de transporte"},"content":{"rendered":"<p>1Tama\u00f1o: 10 pies, 12 pies<br \/>\nVERSION MINI: Nuestra PickleNet Mini es una versi\u00f3n m\u00e1s peque\u00f1a de nuestro popular sistema PickleNet y tiene la altura reglamentaria para pickleball a 34\u201d en el centro de la red.<br \/>\nTAMA\u00d1O: Con una longitud de 3 metros, es un sistema de red pr\u00e1ctico para utilizar en la pista o en cualquier \u00e1rea m\u00e1s peque\u00f1a de lo normal.<br \/>\nHECHO PARA DURAR: El PickleNet Mini tambi\u00e9n est\u00e1 fabricado con nuestro tubo ovalado patentado de alta calidad.<br \/>\nUTIL\u00cdCELO EN CUALQUIER LUGAR: Disfrute del pickleball con este ligero sistema de red port\u00e1til perfecto para practicar\/jugar en un camino de entrada, callej\u00f3n sin salida, s\u00f3tano, garaje, etc.<\/p>","protected":false},"excerpt":{"rendered":"<p>\u00a1Fsports es tu centro para practicar pickleball y tenis en casa! Ahora es el momento de hacer un ejercicio incre\u00edble y perfeccionar esas habilidades que anhelas... \u00a1todo sin salir de casa! No importa si su objetivo es ser un jugador de clase mundial, mantenerse al d\u00eda con su afici\u00f3n, o encontrar un nuevo juego para probar; \u00a1usted ha encontrado el lugar correcto!<\/p>","protected":false},"featured_media":1147,"template":"","meta":{"_gspb_post_css":""},"product_brand":[],"product_cat":[27],"product_tag":[],"class_list":{"0":"post-1153","1":"product","2":"type-product","3":"status-publish","4":"has-post-thumbnail","6":"product_cat-pickleball-net","8":"first","9":"instock","10":"shipping-taxable","11":"product-type-simple"},"_links":{"self":[{"href":"https:\/\/fsportsnet.com\/es\/wp-json\/wp\/v2\/product\/1153","targetHints":{"allow":["GET"]}}],"collection":[{"href":"https:\/\/fsportsnet.com\/es\/wp-json\/wp\/v2\/product"}],"about":[{"href":"https:\/\/fsportsnet.com\/es\/wp-json\/wp\/v2\/types\/product"}],"wp:featuredmedia":[{"embeddable":true,"href":"https:\/\/fsportsnet.com\/es\/wp-json\/wp\/v2\/media\/1147"}],"wp:attachment":[{"href":"https:\/\/fsportsnet.com\/es\/wp-json\/wp\/v2\/media?parent=1153"}],"wp:term":[{"taxonomy":"product_brand","embeddable":true,"href":"https:\/\/fsportsnet.com\/es\/wp-json\/wp\/v2\/product_brand?post=1153"},{"taxonomy":"product_cat","embeddable":true,"href":"https:\/\/fsportsnet.com\/es\/wp-json\/wp\/v2\/product_cat?post=1153"},{"taxonomy":"product_tag","embeddable":true,"href":"https:\/\/fsportsnet.com\/es\/wp-json\/wp\/v2\/product_tag?post=1153"}],"curies":[{"name":"wp","href":"https:\/\/api.w.org\/{rel}","templated":true}]}}