{"id":1154,"date":"2023-04-18T15:53:16","date_gmt":"2023-04-18T07:53:16","guid":{"rendered":"https:\/\/fsportsnet.com\/?post_type=product&#038;p=1154"},"modified":"2023-04-18T15:53:16","modified_gmt":"2023-04-18T07:53:16","slug":"4-square-volleyball-badminton-combo-and-pickleball-multiple-styles-available","status":"publish","type":"product","link":"https:\/\/fsportsnet.com\/es\/product\/4-square-volleyball-badminton-combo-and-pickleball-multiple-styles-available\/","title":{"rendered":"4 Cuadrados Combo Voleibol\/B\u00e1dminton y Pickleball M\u00faltiples Estilos Disponibles"},"content":{"rendered":"<p>EL PRIMER COMBO DE CUATRO JUGADORES DE LA HISTORIA - Lleve estos juegos cl\u00e1sicos al siguiente nivel de los partidos de 4 en raya. El juego completo incluye una red de 4 cuadros de 20\u2019 x 20\u2019, todos los postes, una pelota de voleibol, una bomba de aire, cuatro raquetas de b\u00e1dminton de acero, tres volantes, l\u00edmites, estacas y una bolsa de transporte.<br \/>\nJUEGO \u00daNICO - Esta red de 4 cuadros de 20\u2019 x 20\u2019 se eleva hasta la altura reglamentaria de la red de voleibol (7\u2019-4\u201d) y baja hasta la altura reglamentaria de la red de b\u00e1dminton (5\u2019-1\u201d). Transici\u00f3n entre juegos r\u00e1pidamente con conectores de clip de resorte f\u00e1cil para ajustes r\u00e1pidos de polo. Se incluye el montaje completo y las reglas de juego.<br \/>\nCONVENIENTE MONTAJE Y DESMONTAJE - S\u00f3lo se tarda unos minutos en montar y desmontar utilizando los clips de resorte de f\u00e1cil conexi\u00f3n y las correas de velcro. No necesita herramientas. Dedique menos tiempo a montarlo y m\u00e1s a jugar en su playa de arena favorita, jard\u00edn con hierba o cualquier superficie blanda.<br \/>\nDIVERSI\u00d3N PARA TODOS - Perfecto para la playa, el lago, el parque y el patio trasero en cualquier ocasi\u00f3n. Este conjunto completo tiene todo lo necesario para horas de diversi\u00f3n con la familia y amigos en su pr\u00f3xima fiesta.<br \/>\nREGALA JUEGOS AL AIRE LIBRE - Haz que tu familia salga al aire libre y se mueva con este juego altamente activo que proporciona diversi\u00f3n, ejercicio y emoci\u00f3n para toda la familia.<\/p>\n<p>1. Tama\u00f1o: 20x20ft<br \/>\n2. Tubo de acero: \u03a622\u00d71.0mm<br \/>\n3. Poste: \u03a612.7mm fibra de vidrio<br \/>\n4. Red: Red sin nudos de poli\u00e9ster de 3 capas de 1,5<br \/>\n5. Manga: tejido oxford 420D<br \/>\n6 Bolsa: tejido oxford 600D<br \/>\n7. Embalaje: Cada uno en una caja de cart\u00f3n K=K, 89x22x14cm<br \/>\n8. NW 10.5kg, GW 11.5kg<\/p>","protected":false},"excerpt":{"rendered":"<p>Perfecto para la playa, lago, parque y patio trasero para cualquier ocasi\u00f3n. Este juego completo tiene todo lo que necesita para horas de diversi\u00f3n con la familia y amigos en su pr\u00f3xima fiesta.4 Square Volleyball\/Badminton Combo y Pickleball M\u00faltiples estilos disponibles.<\/p>","protected":false},"featured_media":1157,"template":"","meta":{"_gspb_post_css":""},"product_brand":[],"product_cat":[27],"product_tag":[],"class_list":{"0":"post-1154","1":"product","2":"type-product","3":"status-publish","4":"has-post-thumbnail","6":"product_cat-pickleball-net","8":"first","9":"instock","10":"shipping-taxable","11":"product-type-simple"},"_links":{"self":[{"href":"https:\/\/fsportsnet.com\/es\/wp-json\/wp\/v2\/product\/1154","targetHints":{"allow":["GET"]}}],"collection":[{"href":"https:\/\/fsportsnet.com\/es\/wp-json\/wp\/v2\/product"}],"about":[{"href":"https:\/\/fsportsnet.com\/es\/wp-json\/wp\/v2\/types\/product"}],"wp:featuredmedia":[{"embeddable":true,"href":"https:\/\/fsportsnet.com\/es\/wp-json\/wp\/v2\/media\/1157"}],"wp:attachment":[{"href":"https:\/\/fsportsnet.com\/es\/wp-json\/wp\/v2\/media?parent=1154"}],"wp:term":[{"taxonomy":"product_brand","embeddable":true,"href":"https:\/\/fsportsnet.com\/es\/wp-json\/wp\/v2\/product_brand?post=1154"},{"taxonomy":"product_cat","embeddable":true,"href":"https:\/\/fsportsnet.com\/es\/wp-json\/wp\/v2\/product_cat?post=1154"},{"taxonomy":"product_tag","embeddable":true,"href":"https:\/\/fsportsnet.com\/es\/wp-json\/wp\/v2\/product_tag?post=1154"}],"curies":[{"name":"wp","href":"https:\/\/api.w.org\/{rel}","templated":true}]}}