{"id":1164,"date":"2023-04-19T14:44:20","date_gmt":"2023-04-19T06:44:20","guid":{"rendered":"https:\/\/fsportsnet.com\/?post_type=product&#038;p=1164"},"modified":"2023-04-19T14:44:20","modified_gmt":"2023-04-19T06:44:20","slug":"portable-professional-outdoor-volleyball-net-set-with-adjustable-height-poles","status":"publish","type":"product","link":"https:\/\/fsportsnet.com\/es\/product\/portable-professional-outdoor-volleyball-net-set-with-adjustable-height-poles\/","title":{"rendered":"Set profesional port\u00e1til de red de voleibol para exteriores con postes de altura ajustable"},"content":{"rendered":"<p>1.Red: Red de PE de 9,75 x 0,91 m (32\u2032 x 3\u201d), malla de 10x10 cm.<br \/>\n2.Tubo de acero: \u03c632\u00d70,8mm<br \/>\n3.Manga: tejido oxford 420D<br \/>\n4.Bolsa: tejido oxford 600D<br \/>\n5.Accesorios: Estacas, bomba de bolas con aguja, l\u00edneas de demarcaci\u00f3n, voleibol<br \/>\n6. Embalaje: Cada uno en una caja de cart\u00f3n k=k 5lay<br \/>\n7..Tama\u00f1o de la caja: 91 x 26 x 22,5 cm<\/p>\n<p>Altura ajustable: Esta red est\u00e1 soportada por postes telesc\u00f3picos de 1,75 pulgadas de di\u00e1metro que est\u00e1n hechos de aluminio con recubrimiento en polvo, m\u00e1s resistentes a astillarse, rayarse y deste\u00f1irse. F\u00e1cil de elegir una altura con el sistema de bloqueo de bot\u00f3n. Tres opciones de altura: altura de juego para hombres (8\u2032), mujeres (7\u20194\u201d) y mixtos (7\u20198\u201d).<br \/>\nRed de alta visibilidad (32\u2019L x 3\u2019H): Esta red de voleibol est\u00e1 hecha de poli\u00e9ster de 32 capas, fuerte y resistente a la rotura para todos los niveles de juego. Tiene 5\u2033 mangas laterales y 3\u2033 cinta superior e inferior de la red con doble costura y esquinas reforzadas para incluso la tensi\u00f3n de la red y una mayor durabilidad.<br \/>\nSistema de cabrestante \u00fanico: El sistema de cabrestante de acero galvanizado de alta resistencia est\u00e1 dise\u00f1ado para ofrecer ajustes m\u00e1s precisos de la red, por lo que es f\u00e1cil y sin dolor para mantener la red tensa y reducir al m\u00ednimo la flacidez en el medio.<br \/>\nPelota de voleibol de PU y l\u00edmite de cincha: Este juego tambi\u00e9n incluye una pelota de voleibol de tacto suave con hilo enrollado en el interior y una l\u00ednea de l\u00edmite de PE muy visible. Es de color amarillo brillante y se puede fijar firmemente al suelo con los anclajes de esquina. Podr\u00e1 delimitar f\u00e1cilmente su campo de voleibol en el jard\u00edn, la playa o el parque.<br \/>\nEl juego completo incluye: El set incluye una bolsa de transporte resistente a la intemperie para guardar la red de voleibol de tama\u00f1o reglamentario, el sistema de cabrestante, los postes, el bal\u00f3n de voleibol de PU, las cuerdas gu\u00eda y la l\u00ednea de delimitaci\u00f3n, para que puedas llevarlo f\u00e1cilmente a donde quieras. Para prolongar la vida \u00fatil de su juego, aseg\u00farese de guardarlo en esta bolsa incluida despu\u00e9s de su uso.<\/p>","protected":false},"excerpt":{"rendered":"<ul class=\"a-unordered-list a-vertical a-spacing-mini\">\n<li><span class=\"a-list-item\">Set completo de voleibol y b\u00e1dminton para exterior<\/span><\/li>\n<li><span class=\"a-list-item\">Incluye red, postes, raquetas, birdies o volantes y pelota.<\/span><\/li>\n<li><span class=\"a-list-item\">Malet\u00edn de transporte duradero que permite llevar el set a cualquier parte<\/span><\/li>\n<li><span class=\"a-list-item\">Postes con recubrimiento en polvo de alta resistencia y red de PE de alta calidad<\/span><\/li>\n<li><span class=\"a-list-item\">Ideal para viajes de acampada, juegos en la playa, fiestas en el jard\u00edn y mucho m\u00e1s<\/span><\/li>\n<\/ul>","protected":false},"featured_media":1190,"template":"","meta":{"_gspb_post_css":""},"product_brand":[],"product_cat":[31],"product_tag":[],"class_list":{"0":"post-1164","1":"product","2":"type-product","3":"status-publish","4":"has-post-thumbnail","6":"product_cat-volleyball-net","8":"first","9":"instock","10":"shipping-taxable","11":"product-type-simple"},"_links":{"self":[{"href":"https:\/\/fsportsnet.com\/es\/wp-json\/wp\/v2\/product\/1164","targetHints":{"allow":["GET"]}}],"collection":[{"href":"https:\/\/fsportsnet.com\/es\/wp-json\/wp\/v2\/product"}],"about":[{"href":"https:\/\/fsportsnet.com\/es\/wp-json\/wp\/v2\/types\/product"}],"wp:featuredmedia":[{"embeddable":true,"href":"https:\/\/fsportsnet.com\/es\/wp-json\/wp\/v2\/media\/1190"}],"wp:attachment":[{"href":"https:\/\/fsportsnet.com\/es\/wp-json\/wp\/v2\/media?parent=1164"}],"wp:term":[{"taxonomy":"product_brand","embeddable":true,"href":"https:\/\/fsportsnet.com\/es\/wp-json\/wp\/v2\/product_brand?post=1164"},{"taxonomy":"product_cat","embeddable":true,"href":"https:\/\/fsportsnet.com\/es\/wp-json\/wp\/v2\/product_cat?post=1164"},{"taxonomy":"product_tag","embeddable":true,"href":"https:\/\/fsportsnet.com\/es\/wp-json\/wp\/v2\/product_tag?post=1164"}],"curies":[{"name":"wp","href":"https:\/\/api.w.org\/{rel}","templated":true}]}}