{"id":1191,"date":"2023-04-19T14:44:37","date_gmt":"2023-04-19T06:44:37","guid":{"rendered":"https:\/\/fsportsnet.com\/?post_type=product&#038;p=1191"},"modified":"2023-04-19T15:11:05","modified_gmt":"2023-04-19T07:11:05","slug":"outdoor-volleyball-net-set-training-equipment","status":"publish","type":"product","link":"https:\/\/fsportsnet.com\/es\/product\/outdoor-volleyball-net-set-training-equipment\/","title":{"rendered":"Set de red de voleibol para exteriores Equipo de entrenamiento"},"content":{"rendered":"<p>1. Tama\u00f1o: 3,81 m<br \/>\n2. Red: Red sin nudos de poli\u00e9ster de 8 capas y 4\u201d con tejido 420D<br \/>\n3. Poste: \u03a614mm fibra de vidrio negro s\u00f3lido.<br \/>\n4. Tubo de acero: \u03c625.4*1.0mm<br \/>\n5. Bolsa: tejido oxford 600D<br \/>\n6. N.W:6kg,G.W:6.57kg<\/p>\n<ul>\n<li class=\"p1\">Tanto si eres un entrenador que necesita espacio adicional para practicar como si eres un jugador dedicado que busca trabajar en su juego, la red de calentamiento de Fsports es la red ligera y duradera perfecta para la pista o el patio trasero.<\/li>\n<li class=\"p1\">Gestionar y mejorar el espacio compartido durante los ejercicios de pr\u00e1ctica del equipo con m\u00faltiples zonas de calentamiento.<\/li>\n<li class=\"p1\">Ideal para practicar tus saques o ejercicios de ajuste con un compa\u00f1ero de equipo.<\/li>\n<li class=\"p1\">Las patas de goma que no dejan marcas evitan da\u00f1os en el suelo y proporcionan estabilidad y tracci\u00f3n en interiores y exteriores.<\/li>\n<li class=\"p1\">No se necesitan herramientas. Se instala en segundos.&nbsp;<\/li>\n<\/ul>","protected":false},"excerpt":{"rendered":"<ul class=\"a-unordered-list a-vertical a-spacing-mini\">\n<li>La red de pr\u00e1ctica de voleibol es una soluci\u00f3n pr\u00e1ctica y de alta calidad para jugadores y entrenadores que quieren trabajar su juego. Esta peque\u00f1a red de voleibol tiene la altura reglamentaria, pero es mucho m\u00e1s estrecha que una red de juego. Esto la hace ideal para establecer estaciones de ejercicios en los entrenamientos o para realizar ejercicios de calentamiento de voleibol antes de un partido. Tambi\u00e9n se puede colocar en el patio de casa para practicar saques y voleas. Su tama\u00f1o facilita el transporte para llevarla de viaje a torneos y encontrar el gimnasio m\u00e1s cercano.\n<p>Nuestra red de voleibol port\u00e1til ayuda a que se mantenga en posici\u00f3n vertical incluso si recibe un fuerte golpe. La altura se puede cambiar entre la altura de voleibol de interior para hombres y mujeres, lo que es ideal para escuelas y organizaciones que tienen un presupuesto limitado. Los pies de goma que no dejan marcas a\u00f1aden estabilidad en cualquier superficie, lo que significa que puede utilizar su red de pr\u00e1ctica en interiores o exteriores. Esta red de calentamiento de voleibol ajustable s\u00f3lo tarda 75 segundos en montarse y viene con una bolsa de transporte para llevarla all\u00e1 donde se celebre el pr\u00f3ximo entrenamiento.<\/li>\n<\/ul>","protected":false},"featured_media":1186,"template":"","meta":{"_gspb_post_css":""},"product_brand":[],"product_cat":[31],"product_tag":[],"class_list":{"0":"post-1191","1":"product","2":"type-product","3":"status-publish","4":"has-post-thumbnail","6":"product_cat-volleyball-net","8":"first","9":"instock","10":"shipping-taxable","11":"product-type-simple"},"_links":{"self":[{"href":"https:\/\/fsportsnet.com\/es\/wp-json\/wp\/v2\/product\/1191","targetHints":{"allow":["GET"]}}],"collection":[{"href":"https:\/\/fsportsnet.com\/es\/wp-json\/wp\/v2\/product"}],"about":[{"href":"https:\/\/fsportsnet.com\/es\/wp-json\/wp\/v2\/types\/product"}],"wp:featuredmedia":[{"embeddable":true,"href":"https:\/\/fsportsnet.com\/es\/wp-json\/wp\/v2\/media\/1186"}],"wp:attachment":[{"href":"https:\/\/fsportsnet.com\/es\/wp-json\/wp\/v2\/media?parent=1191"}],"wp:term":[{"taxonomy":"product_brand","embeddable":true,"href":"https:\/\/fsportsnet.com\/es\/wp-json\/wp\/v2\/product_brand?post=1191"},{"taxonomy":"product_cat","embeddable":true,"href":"https:\/\/fsportsnet.com\/es\/wp-json\/wp\/v2\/product_cat?post=1191"},{"taxonomy":"product_tag","embeddable":true,"href":"https:\/\/fsportsnet.com\/es\/wp-json\/wp\/v2\/product_tag?post=1191"}],"curies":[{"name":"wp","href":"https:\/\/api.w.org\/{rel}","templated":true}]}}