{"id":1192,"date":"2023-04-19T15:11:33","date_gmt":"2023-04-19T07:11:33","guid":{"rendered":"https:\/\/fsportsnet.com\/?post_type=product&#038;p=1192"},"modified":"2023-04-19T15:28:31","modified_gmt":"2023-04-19T07:28:31","slug":"volleyball-warm-up-net","status":"publish","type":"product","link":"https:\/\/fsportsnet.com\/es\/product\/volleyball-warm-up-net\/","title":{"rendered":"RED DE CALENTAMIENTO PARA VOLEIBOL"},"content":{"rendered":"<ul>\n<li>Tanto si eres un entrenador que necesita espacio adicional para practicar como si eres un jugador dedicado que busca trabajar en su juego, la red de calentamiento de Fsports es la red ligera y duradera perfecta para la pista o el patio trasero.<\/li>\n<li class=\"p1\">Gestionar y mejorar el espacio compartido durante los ejercicios de pr\u00e1ctica del equipo con m\u00faltiples zonas de calentamiento.<\/li>\n<li class=\"p1\">Ideal para practicar tus saques o ejercicios de ajuste con un compa\u00f1ero de equipo.<\/li>\n<li class=\"p1\">Las patas de goma que no dejan marcas evitan da\u00f1os en el suelo y proporcionan estabilidad y tracci\u00f3n en interiores y exteriores.<\/li>\n<li class=\"p1\">No se necesitan herramientas. Se instala en segundos.<\/li>\n<\/ul>","protected":false},"excerpt":{"rendered":"<p>Nuestra red de voleibol port\u00e1til le ayuda a mantenerse erguida incluso si recibe un golpe fuerte. Los pies de goma que no dejan marcas a\u00f1aden estabilidad en cualquier superficie, lo que significa que puede utilizar su red de pr\u00e1ctica en interiores o exteriores. Esta red de calentamiento de voleibol ajustable s\u00f3lo tarda 75 segundos en montarse y viene con una bolsa de transporte para llevarla dondequiera que se celebre tu pr\u00f3ximo entrenamiento.<\/p>","protected":false},"featured_media":1172,"template":"","meta":{"_gspb_post_css":""},"product_brand":[],"product_cat":[31],"product_tag":[],"class_list":{"0":"post-1192","1":"product","2":"type-product","3":"status-publish","4":"has-post-thumbnail","6":"product_cat-volleyball-net","8":"first","9":"instock","10":"shipping-taxable","11":"product-type-simple"},"_links":{"self":[{"href":"https:\/\/fsportsnet.com\/es\/wp-json\/wp\/v2\/product\/1192","targetHints":{"allow":["GET"]}}],"collection":[{"href":"https:\/\/fsportsnet.com\/es\/wp-json\/wp\/v2\/product"}],"about":[{"href":"https:\/\/fsportsnet.com\/es\/wp-json\/wp\/v2\/types\/product"}],"wp:featuredmedia":[{"embeddable":true,"href":"https:\/\/fsportsnet.com\/es\/wp-json\/wp\/v2\/media\/1172"}],"wp:attachment":[{"href":"https:\/\/fsportsnet.com\/es\/wp-json\/wp\/v2\/media?parent=1192"}],"wp:term":[{"taxonomy":"product_brand","embeddable":true,"href":"https:\/\/fsportsnet.com\/es\/wp-json\/wp\/v2\/product_brand?post=1192"},{"taxonomy":"product_cat","embeddable":true,"href":"https:\/\/fsportsnet.com\/es\/wp-json\/wp\/v2\/product_cat?post=1192"},{"taxonomy":"product_tag","embeddable":true,"href":"https:\/\/fsportsnet.com\/es\/wp-json\/wp\/v2\/product_tag?post=1192"}],"curies":[{"name":"wp","href":"https:\/\/api.w.org\/{rel}","templated":true}]}}