{"id":1194,"date":"2023-04-19T15:29:10","date_gmt":"2023-04-19T07:29:10","guid":{"rendered":"https:\/\/fsportsnet.com\/?post_type=product&#038;p=1194"},"modified":"2023-04-19T15:40:09","modified_gmt":"2023-04-19T07:40:09","slug":"portable-beach-volleyball-net-recreational-set","status":"publish","type":"product","link":"https:\/\/fsportsnet.com\/es\/product\/portable-beach-volleyball-net-recreational-set\/","title":{"rendered":"Set recreativo de red de voley playa port\u00e1til"},"content":{"rendered":"<p><strong>Este juego contiene<\/strong><\/p>\n<ul>\n<li>2 postes de aluminio (equipados con un sistema de ajuste de altura)<\/li>\n<li>Red de 26\u20193\u2033 de ancho.<\/li>\n<li>4 tensores simples y 4 clavijas.<\/li>\n<li>4 tensores con discos para fijar en la arena.<\/li>\n<li>Marcadores de paso (26\u20193\u2033 x 52\u20196\u2033) con 4 clavijas. Las marcas de la l\u00ednea le permiten marcar a cabo.<\/li>\n<li>1 bolsa peque\u00f1a para guardar accesorios.<\/li>\n<li>1 mazo.<\/li>\n<li>1 bolsa de transporte.<\/li>\n<li>1 instrucciones de montaje.<\/li>\n<\/ul>\n<p><strong>Dimensiones y peso<\/strong><\/p>\n<ul>\n<li>Dos postes de altura ajustable para elegir entre 3 alturas de red (\u20184\u2033 - 7\u20199\u2033 - 8\u2019).<\/li>\n<li>La malla de la red tiene unas dimensiones est\u00e1ndar de 3,9\u2033 x 3,9\u2033.<\/li>\n<li>Una vez plegada, la bolsa de transporte mide 46,1\u2033 x 7,5\u2033 x 4,3\u2033.<\/li>\n<li>Peso: 11 lbs.<\/li>\n<\/ul>\n<p><strong>Instrucciones de uso<\/strong><\/p>\n<ul>\n<li>Antes de utilizarlo, compruebe que las piezas del juego est\u00e1n correctamente apretadas y fijadas. El uso de este producto por ni\u00f1os debe hacerse bajo la supervisi\u00f3n constante de un adulto.<\/li>\n<li>No se recomienda utilizar este set con vientos muy fuertes. \u00a1Posponga su partido de voley playa!\n<ul>\n<li>Se tarda menos de 15 minutos en montar y desmontar (se recomiendan 2 adultos).<\/li>\n<li>Tiene 2 correas de tensi\u00f3n de red a cada lado de la red para estabilizar el conjunto.<\/li>\n<\/ul>\n<\/li>\n<\/ul>","protected":false},"excerpt":{"rendered":"<p>Est\u00e1 buscando un set de v\u00f3ley playa que pueda montarse r\u00e1pidamente para un partido de competici\u00f3n. Nuestro set port\u00e1til de v\u00f3ley playa para uso recreativo, alturas ajustables, montaje r\u00e1pido, amarillo \u00a1Es perfecto para construir su campo de v\u00f3ley playa y disfrutar de grandes partidos en la arena! Dise\u00f1ado para jugadores, por jugadores, nuestra gama de balones, conjuntos, redes y accesorios est\u00e1 especialmente adaptada a sus necesidades de v\u00f3ley playa, sea cual sea su nivel. R\u00e1pido y f\u00e1cil de instalar y desinstalar \u00a1en menos de 15 minutos! El conjunto de voleibol se guarda en una bolsa con asa, \u00a1para que te resulte m\u00e1s f\u00e1cil transportarlo! Para disfrutar al m\u00e1ximo del v\u00f3ley playa, recomendamos un m\u00e1ximo de 10 personas (5 contra 5).<\/p>","protected":false},"featured_media":1179,"template":"","meta":{"_gspb_post_css":""},"product_brand":[],"product_cat":[31],"product_tag":[],"class_list":{"0":"post-1194","1":"product","2":"type-product","3":"status-publish","4":"has-post-thumbnail","6":"product_cat-volleyball-net","8":"first","9":"instock","10":"shipping-taxable","11":"product-type-simple"},"_links":{"self":[{"href":"https:\/\/fsportsnet.com\/es\/wp-json\/wp\/v2\/product\/1194","targetHints":{"allow":["GET"]}}],"collection":[{"href":"https:\/\/fsportsnet.com\/es\/wp-json\/wp\/v2\/product"}],"about":[{"href":"https:\/\/fsportsnet.com\/es\/wp-json\/wp\/v2\/types\/product"}],"wp:featuredmedia":[{"embeddable":true,"href":"https:\/\/fsportsnet.com\/es\/wp-json\/wp\/v2\/media\/1179"}],"wp:attachment":[{"href":"https:\/\/fsportsnet.com\/es\/wp-json\/wp\/v2\/media?parent=1194"}],"wp:term":[{"taxonomy":"product_brand","embeddable":true,"href":"https:\/\/fsportsnet.com\/es\/wp-json\/wp\/v2\/product_brand?post=1194"},{"taxonomy":"product_cat","embeddable":true,"href":"https:\/\/fsportsnet.com\/es\/wp-json\/wp\/v2\/product_cat?post=1194"},{"taxonomy":"product_tag","embeddable":true,"href":"https:\/\/fsportsnet.com\/es\/wp-json\/wp\/v2\/product_tag?post=1194"}],"curies":[{"name":"wp","href":"https:\/\/api.w.org\/{rel}","templated":true}]}}