{"id":1197,"date":"2023-04-19T15:52:12","date_gmt":"2023-04-19T07:52:12","guid":{"rendered":"https:\/\/fsportsnet.com\/?post_type=product&#038;p=1197"},"modified":"2023-04-19T16:10:30","modified_gmt":"2023-04-19T08:10:30","slug":"spike-ball-game-set-outdoor-lawn-beach-tailgating-roundnet-game-for-kids-teens-adults","status":"publish","type":"product","link":"https:\/\/fsportsnet.com\/es\/product\/spike-ball-game-set-outdoor-lawn-beach-tailgating-roundnet-game-for-kids-teens-adults\/","title":{"rendered":"Juego de pelota de pinchos Juego de red redonda para c\u00e9sped, playa y fiestas al aire libre para ni\u00f1os, adolescentes y adultos"},"content":{"rendered":"<p><strong>Dimensiones y peso<\/strong><\/p>\n<ul>\n<li>Set de voley playa<br \/>\n1. Tama\u00f1o: 36\u201d<br \/>\n2. Material de PVC de 2 bolas de 3,54<br \/>\n3. 1Elasticidad Neta<br \/>\n4. Tama\u00f1o del marco: 35.43\u00d77.87\u201d ABS<br \/>\n5. Tama\u00f1o de la caja: 56X18X10cm GW1.5kg<br \/>\n6. Embalaje\uff1a10 conjuntos en una caja de cart\u00f3n\uff0c58x53x39cm, GW 16,3kg.<\/li>\n<li>\n<div id=\"featurebullets_feature_div\" class=\"celwidget\" data-feature-name=\"featurebullets\" data-csa-c-type=\"widget\" data-csa-c-content-id=\"featurebullets\" data-csa-c-slot-id=\"featurebullets_feature_div\" data-csa-c-asin=\"B01M0XJYVO\" data-csa-c-is-in-initial-active-row=\"false\" data-csa-c-id=\"rlkrf7-nkx9ny-d7h2vj-g8sarh\" data-cel-widget=\"featurebullets_feature_div\">\n<div id=\"feature-bullets\" class=\"a-section a-spacing-medium a-spacing-top-small\">\n<ul class=\"a-unordered-list a-vertical a-spacing-mini\">\n<li><span class=\"a-list-item\">ACCI\u00d3N DE CUATRO JUGADORES - Spike ball es un juego divertido, activo y competitivo (si quieres que lo sea) 2 contra 2 jugado con reglas parecidas a las del voleibol; Disfr\u00fatalo al aire libre, en interiores, en el c\u00e9sped, en el patio, en la playa, en el gimnasio, en reuniones familiares, en vacaciones, pr\u00e1cticamente en cualquier lugar y para cualquier evento.<\/span><\/li>\n<li><span class=\"a-list-item\">33% LLANTAS Y PATAS M\u00c1S FUERTES - Menos propensas a romperse por una ca\u00edda o clavada errante. Superficie de juego m\u00e1s estable.<\/span><\/li>\n<li><span class=\"a-list-item\">MEJORES BOLAS - La textura a\u00f1adida en las bolas Pro permite m\u00e1s efecto y control en los golpes.<\/span><\/li>\n<li><span class=\"a-list-item\">\u00a1SE ENV\u00cdA EN UNA CAJA CON LA MARCA SPIKE BALL! \u00a1Elija \u201cEnviar en embalaje de Amazon\u201d en la caja si se trata de una sorpresa!<\/span><\/li>\n<li><span class=\"a-list-item\">PARA TODAS LAS EDADES - Spike ball puede modificarse de muchas maneras para que participe todo el equipo. Siempre hay una forma de jugar.<\/span><\/li>\n<\/ul>\n<\/div>\n<\/div>\n<div id=\"provenanceCertifications_feature_div\" class=\"celwidget\" data-feature-name=\"provenanceCertifications\" data-csa-c-type=\"widget\" data-csa-c-content-id=\"provenanceCertifications\" data-csa-c-slot-id=\"provenanceCertifications_feature_div\" data-csa-c-asin=\"B01M0XJYVO\" data-csa-c-is-in-initial-active-row=\"false\" data-csa-c-id=\"hz44ly-5iges3-ngvab4-ye1uuw\" data-cel-widget=\"provenanceCertifications_feature_div\">\n<div id=\"provenance-certifications\" class=\"a-section a-spacing-medium a-spacing-top-micro\"><\/div>\n<\/div>\n<\/li>\n<\/ul>","protected":false},"excerpt":{"rendered":"<p class=\"a-size-small\"><span class=\"a-text-bold\">Una carrocer\u00eda m\u00e1s robusta<\/span>\u00a0mejora el juego manteniendo el conjunto estable y la red ense\u00f1ada durante las jugadas m\u00e1s duras.<\/p>\n<ul class=\"a-unordered-list a-vertical a-spacing-mini\">\n<li><span class=\"a-list-item\">Bola de pinchos: Un emocionante juego de c\u00e9sped al aire libre para ni\u00f1os y adultos. El juego incluye 1 diana, 2 pelotas de competici\u00f3n de 9 cm, 1 pelota de entrenamiento de 12 cm, estuche de viaje y reglas del juego.<\/span><\/li>\n<li><span class=\"a-list-item\">QU\u00c9 ES Spike ball: Spike ball es un juego de voleibol 2 contra 2 lleno de acci\u00f3n en el que los equipos tienen 3 golpes para devolver o rematar la pelota a la red circular - \u00a1divertido para todos en la playa, barbacoas, camping y mucho m\u00e1s!<\/span><\/li>\n<li><span class=\"a-list-item\">DIVERSI\u00d3N ATL\u00c9TICA: Spike ball es un juego activo que funciona muy bien como entrenamiento cruzado para muchos otros deportes o simplemente para romper a sudar. (recomendado a partir de 12 a\u00f1os)<\/span><\/li>\n<\/ul>","protected":false},"featured_media":1187,"template":"","meta":{"_gspb_post_css":""},"product_brand":[],"product_cat":[31],"product_tag":[],"class_list":{"0":"post-1197","1":"product","2":"type-product","3":"status-publish","4":"has-post-thumbnail","6":"product_cat-volleyball-net","8":"first","9":"instock","10":"shipping-taxable","11":"product-type-simple"},"_links":{"self":[{"href":"https:\/\/fsportsnet.com\/es\/wp-json\/wp\/v2\/product\/1197","targetHints":{"allow":["GET"]}}],"collection":[{"href":"https:\/\/fsportsnet.com\/es\/wp-json\/wp\/v2\/product"}],"about":[{"href":"https:\/\/fsportsnet.com\/es\/wp-json\/wp\/v2\/types\/product"}],"wp:featuredmedia":[{"embeddable":true,"href":"https:\/\/fsportsnet.com\/es\/wp-json\/wp\/v2\/media\/1187"}],"wp:attachment":[{"href":"https:\/\/fsportsnet.com\/es\/wp-json\/wp\/v2\/media?parent=1197"}],"wp:term":[{"taxonomy":"product_brand","embeddable":true,"href":"https:\/\/fsportsnet.com\/es\/wp-json\/wp\/v2\/product_brand?post=1197"},{"taxonomy":"product_cat","embeddable":true,"href":"https:\/\/fsportsnet.com\/es\/wp-json\/wp\/v2\/product_cat?post=1197"},{"taxonomy":"product_tag","embeddable":true,"href":"https:\/\/fsportsnet.com\/es\/wp-json\/wp\/v2\/product_tag?post=1197"}],"curies":[{"name":"wp","href":"https:\/\/api.w.org\/{rel}","templated":true}]}}