{"id":1199,"date":"2023-04-19T16:12:02","date_gmt":"2023-04-19T08:12:02","guid":{"rendered":"https:\/\/fsportsnet.com\/?post_type=product&#038;p=1199"},"modified":"2023-04-19T16:13:03","modified_gmt":"2023-04-19T08:13:03","slug":"3-way-volleyball-net-game-set-for-adults-and-kids","status":"publish","type":"product","link":"https:\/\/fsportsnet.com\/es\/product\/3-way-volleyball-net-game-set-for-adults-and-kids\/","title":{"rendered":"Juego de red de voleibol de 3 v\u00edas para adultos y ni\u00f1os"},"content":{"rendered":"<p><strong>Dimensiones y peso<\/strong><\/p>\n<ul>\n<li>1. Tama\u00f1o: 4*2,43*2,26m<br \/>\n2.Red: 1.5 \u201dPE red con tela oxford 420D<br \/>\n3.Frame: Acero Hierro Dia 22*0.8mm<br \/>\n4.Fibra de vidrio: 7*3.0*33cm<br \/>\n5.bolsa de transporte: 420DPU<br \/>\n6.Tama\u00f1o de la caja: Lx62,9xAn18,4xF20,3cmInstrucciones de uso<\/li>\n<li>Voleibol FSports: Totalmente ajustable, red de voleibol de 3 v\u00edas y el juego perfecto para todas las ocasiones. Un esencial para fiestas, barbacoas y eventos tailgating, y el regalo perfecto para su anfitri\u00f3n al aire libre, FSports es un juego activo de cuatro cuadrados se re\u00fane voleibol. Con un tama\u00f1o perfecto para cuatro jugadores por ronda, FSports le ofrece a usted y a su equipo una diversi\u00f3n segura, sencilla e infalible.<br \/>\nPERFECTA PARA TODAS LAS AVENTURAS: Fabricada para durar y perfecta para su pr\u00f3xima excursi\u00f3n, esta red de alta calidad se convertir\u00e1 en un elemento b\u00e1sico de su diversi\u00f3n veraniega. Ya sea en la playa, en el parque o en el lago, FSports es el catalizador perfecto para divertirse en familia y competir amistosamente.<br \/>\nMONTAJE F\u00c1CIL Y R\u00c1PIDO: Con un dise\u00f1o \u00fanico en su clase, tan intuitivo como compacto, el montaje y desmontaje es muy sencillo. Disfruta de una diversi\u00f3n llena de acci\u00f3n en cuesti\u00f3n de minutos y vuelve a guardarlo todo en la mochila de tama\u00f1o perfecto de FSports en el mismo tiempo para estar listo para tu pr\u00f3xima aventura.<br \/>\nPARA JUGADORES DE TODAS LAS EDADES: \u00a1El regalo perfecto! \u00a1Tanto a los peque\u00f1os como a los mayores les encantar\u00e1 FSports! Con todo lo que se incluye para modificar la altura de la red, combinado con las reglas y objetivos del juego, sencillos y f\u00e1ciles de entender, toda la familia puede participar en la diversi\u00f3n.<\/li>\n<\/ul>","protected":false},"excerpt":{"rendered":"<p>3 Way Volleyball Net with Carrying Backpack &amp; Ball - 4 Square Volleyball Game Set for Adults and Kids - Quick Assemble Outdoor Game - Backyard Yard Games<\/p>","protected":false},"featured_media":1180,"template":"","meta":{"_gspb_post_css":""},"product_brand":[],"product_cat":[31],"product_tag":[],"class_list":{"0":"post-1199","1":"product","2":"type-product","3":"status-publish","4":"has-post-thumbnail","6":"product_cat-volleyball-net","8":"first","9":"instock","10":"shipping-taxable","11":"product-type-simple"},"_links":{"self":[{"href":"https:\/\/fsportsnet.com\/es\/wp-json\/wp\/v2\/product\/1199","targetHints":{"allow":["GET"]}}],"collection":[{"href":"https:\/\/fsportsnet.com\/es\/wp-json\/wp\/v2\/product"}],"about":[{"href":"https:\/\/fsportsnet.com\/es\/wp-json\/wp\/v2\/types\/product"}],"wp:featuredmedia":[{"embeddable":true,"href":"https:\/\/fsportsnet.com\/es\/wp-json\/wp\/v2\/media\/1180"}],"wp:attachment":[{"href":"https:\/\/fsportsnet.com\/es\/wp-json\/wp\/v2\/media?parent=1199"}],"wp:term":[{"taxonomy":"product_brand","embeddable":true,"href":"https:\/\/fsportsnet.com\/es\/wp-json\/wp\/v2\/product_brand?post=1199"},{"taxonomy":"product_cat","embeddable":true,"href":"https:\/\/fsportsnet.com\/es\/wp-json\/wp\/v2\/product_cat?post=1199"},{"taxonomy":"product_tag","embeddable":true,"href":"https:\/\/fsportsnet.com\/es\/wp-json\/wp\/v2\/product_tag?post=1199"}],"curies":[{"name":"wp","href":"https:\/\/api.w.org\/{rel}","templated":true}]}}