{"id":1419,"date":"2023-04-25T11:13:14","date_gmt":"2023-04-25T03:13:14","guid":{"rendered":"https:\/\/fsportsnet.com\/?post_type=product&#038;p=1419"},"modified":"2023-04-25T11:19:29","modified_gmt":"2023-04-25T03:19:29","slug":"7x7-baseball-net-softball-net-practice-net-baseball-practice-net","status":"publish","type":"product","link":"https:\/\/fsportsnet.com\/es\/product\/7x7-baseball-net-softball-net-practice-net-baseball-practice-net\/","title":{"rendered":"Red de b\u00e9isbol 7\u2019\u00d77\u2032 Red de pr\u00e1ctica de softball Red de pr\u00e1ctica de b\u00e9isbol"},"content":{"rendered":"<p>Red de b\u00e9isbol de bolsillo de una pieza de nuevo dise\u00f1o<\/p>\n<p>1. Tama\u00f1o total: 7 x 7\u2032<br \/>\n2. Marco: Tubo de hierro con pintura negra de 1\u2033 de di\u00e1metro y 1,0 mm de grosor.<br \/>\n3. Poste: \u03a612,7mm fibra de vidrio negro s\u00f3lido.<br \/>\n4. Red: Red sin nudos de poli\u00e9ster negro de 7 capas de 1,75\u2033 con ribete de tejido 420D.<br \/>\n5. Material de la funda de transporte: Tejido oxford 600D<br \/>\n6. Embalaje: Cada juego en una caja de cart\u00f3n K=K, 114\u00d714,8\u00d714,8 cm.<br \/>\n7. G.W6.2kg, N.W 5.5kg<br \/>\n8. Paquete: 1 x red, 4 x tubos de metal, 4 x postes, 1 x bolsa de transporte, 4 x estacas en forma de U, 1 x instrucciones A4<\/p>\n<p>ALTA RESISTENCIA Y DURABILIDAD PROBADA<br \/>\nDoble costura reforzada en el punto de tensi\u00f3n de la red para una durabilidad probada y costuras resistentes, y red resistente de 7 capas sin nudos que a\u00f1ade rigidez y peso para una mayor estabilidad al batear y lanzar a la red.<\/p>\n<p>Marco perfecto<br \/>\nDise\u00f1o arqueado perfecto Mayor dise\u00f1o arqueado para el orificio de la tuber\u00eda y mejor mecanizado de acabado superficial para reducir las rebabas, hacer que la tuber\u00eda sea suave y segura.<br \/>\nPerfecto 1 \u201dde di\u00e1metro, 1,0 mm de espesor despu\u00e9s de recubierto, base de acero de enclavamiento con postes superiores de fibra de vidrio para una r\u00e1pida instalaci\u00f3n \/ desmontaje. Lazos de nailon superior e inferior reforzados y cierres de gancho y bucle de alta resistencia.<\/p>\n<p>Postes de fibra de vidrio<br \/>\nLos postes de fibra de vidrio de 12,7 mm ofrecen una resistencia y flexibilidad incre\u00edbles<br \/>\nDoble embalaje<br \/>\nEmbalaje doble y dise\u00f1o de apertura intermedia que a\u00f1ade robustez y ahorra espacio<\/p>","protected":false},"excerpt":{"rendered":"<p>Ventajas\uff1a<br \/>\nALTA RESISTENCIA Y DURABILIDAD PROBADA<br \/>\nDoble costura reforzada en el punto de tensi\u00f3n de la red para una durabilidad probada y costuras resistentes, y red resistente de 7 capas sin nudos que a\u00f1ade rigidez y peso para una mayor estabilidad al batear y lanzar a la red.<\/p>","protected":false},"featured_media":1424,"template":"","meta":{"_gspb_post_css":""},"product_brand":[],"product_cat":[25],"product_tag":[28],"class_list":{"0":"post-1419","1":"product","2":"type-product","3":"status-publish","4":"has-post-thumbnail","6":"product_cat-baseball-net","7":"product_tag-baseball-net","9":"first","10":"instock","11":"shipping-taxable","12":"product-type-simple"},"_links":{"self":[{"href":"https:\/\/fsportsnet.com\/es\/wp-json\/wp\/v2\/product\/1419","targetHints":{"allow":["GET"]}}],"collection":[{"href":"https:\/\/fsportsnet.com\/es\/wp-json\/wp\/v2\/product"}],"about":[{"href":"https:\/\/fsportsnet.com\/es\/wp-json\/wp\/v2\/types\/product"}],"wp:featuredmedia":[{"embeddable":true,"href":"https:\/\/fsportsnet.com\/es\/wp-json\/wp\/v2\/media\/1424"}],"wp:attachment":[{"href":"https:\/\/fsportsnet.com\/es\/wp-json\/wp\/v2\/media?parent=1419"}],"wp:term":[{"taxonomy":"product_brand","embeddable":true,"href":"https:\/\/fsportsnet.com\/es\/wp-json\/wp\/v2\/product_brand?post=1419"},{"taxonomy":"product_cat","embeddable":true,"href":"https:\/\/fsportsnet.com\/es\/wp-json\/wp\/v2\/product_cat?post=1419"},{"taxonomy":"product_tag","embeddable":true,"href":"https:\/\/fsportsnet.com\/es\/wp-json\/wp\/v2\/product_tag?post=1419"}],"curies":[{"name":"wp","href":"https:\/\/api.w.org\/{rel}","templated":true}]}}