{"id":1431,"date":"2023-04-25T13:47:54","date_gmt":"2023-04-25T05:47:54","guid":{"rendered":"https:\/\/fsportsnet.com\/?post_type=product&#038;p=1431"},"modified":"2023-04-25T13:47:54","modified_gmt":"2023-04-25T05:47:54","slug":"mini-portable-tennis-net-for-driveway-kids-soccer-tennis-net","status":"publish","type":"product","link":"https:\/\/fsportsnet.com\/es\/product\/mini-portable-tennis-net-for-driveway-kids-soccer-tennis-net\/","title":{"rendered":"Mini red de tenis port\u00e1til para el camino de entrada Red de tenis de f\u00fatbol para ni\u00f1os"},"content":{"rendered":"<ul class=\"a-unordered-list a-vertical a-spacing-mini\">\n<li><span class=\"a-list-item\">Longitud de la red: 10 pies\/ 18 pies, altura de la red: 33 pulgadas<\/span><\/li>\n<li><span class=\"a-list-item\">Adecuado para jugar al tenis, f\u00fatbol, voleibol de piscina, pickleball<\/span><\/li>\n<li><span class=\"a-list-item\">F\u00e1cil montaje y desmontaje<\/span><\/li>\n<li><span class=\"a-list-item\">10ft utilizado para la red de tenis, red de tenis de f\u00fatbol, red de pickleball<\/span><\/li>\n<li><span class=\"a-list-item\">18ft utilizado para red de tenis, red de tenis de f\u00fatbol, red de pickleball, red de voleibol de piscina<\/span><\/li>\n<\/ul>","protected":false},"excerpt":{"rendered":"<p>Las redes y los sistemas de redes de alt\u00edsima calidad de Fsports son una soluci\u00f3n rentable del l\u00edder del sector de redes y accesorios de tenis.<\/p>","protected":false},"featured_media":1445,"template":"","meta":{"_gspb_post_css":""},"product_brand":[],"product_cat":[33],"product_tag":[],"class_list":{"0":"post-1431","1":"product","2":"type-product","3":"status-publish","4":"has-post-thumbnail","6":"product_cat-tennis-net","8":"first","9":"instock","10":"shipping-taxable","11":"product-type-simple"},"_links":{"self":[{"href":"https:\/\/fsportsnet.com\/es\/wp-json\/wp\/v2\/product\/1431","targetHints":{"allow":["GET"]}}],"collection":[{"href":"https:\/\/fsportsnet.com\/es\/wp-json\/wp\/v2\/product"}],"about":[{"href":"https:\/\/fsportsnet.com\/es\/wp-json\/wp\/v2\/types\/product"}],"wp:featuredmedia":[{"embeddable":true,"href":"https:\/\/fsportsnet.com\/es\/wp-json\/wp\/v2\/media\/1445"}],"wp:attachment":[{"href":"https:\/\/fsportsnet.com\/es\/wp-json\/wp\/v2\/media?parent=1431"}],"wp:term":[{"taxonomy":"product_brand","embeddable":true,"href":"https:\/\/fsportsnet.com\/es\/wp-json\/wp\/v2\/product_brand?post=1431"},{"taxonomy":"product_cat","embeddable":true,"href":"https:\/\/fsportsnet.com\/es\/wp-json\/wp\/v2\/product_cat?post=1431"},{"taxonomy":"product_tag","embeddable":true,"href":"https:\/\/fsportsnet.com\/es\/wp-json\/wp\/v2\/product_tag?post=1431"}],"curies":[{"name":"wp","href":"https:\/\/api.w.org\/{rel}","templated":true}]}}