{"id":1474,"date":"2023-04-25T15:54:00","date_gmt":"2023-04-25T07:54:00","guid":{"rendered":"https:\/\/fsportsnet.com\/?post_type=product&#038;p=1474"},"modified":"2023-04-25T15:57:54","modified_gmt":"2023-04-25T07:57:54","slug":"portable-badminton-net-indoor-outdoor","status":"publish","type":"product","link":"https:\/\/fsportsnet.com\/es\/product\/portable-badminton-net-indoor-outdoor\/","title":{"rendered":"Red de b\u00e1dminton port\u00e1til para interior y exterior"},"content":{"rendered":"<ul class=\"a-unordered-list a-vertical a-spacing-mini\">\n<li><span class=\"a-list-item\">Red multideporte de alta calidad: La red de b\u00e1dminton duradera de Fsport est\u00e1 hecha de materiales de primera calidad, incluida la red de PE y los postes de acero resistentes, por lo que es ideal para uso en interiores y exteriores. Con un tama\u00f1o de 10 pies de largo, esta red deportiva es perfecta para el b\u00e1dminton, voleibol.<\/span><\/li>\n<li><span class=\"a-list-item\">Red de tenis estable y fiable: Nuestra red deportiva ha sido dise\u00f1ada para ser estable y fiable, con un robusto marco de acero que proporciona soporte y durabilidad extra. Tanto si juegas en casa como si est\u00e1s fuera, esta red se mantendr\u00e1 en su sitio, permiti\u00e9ndote centrarte en tu juego y disfrutar de la competici\u00f3n.<\/span><\/li>\n<li><span class=\"a-list-item\">F\u00e1cil de guardar y transportar: Con una pr\u00e1ctica bolsa de transporte incluida, esta red deportiva se puede guardar y transportar f\u00e1cilmente. Tanto si vas a la playa como al jard\u00edn de un amigo, s\u00f3lo tienes que guardar la red en la bolsa y llev\u00e1rtela contigo. As\u00ed de f\u00e1cil.<\/span><\/li>\n<li><span class=\"a-list-item\">Perfecta para todas las edades: Tanto si eres un profesional experimentado como si acabas de empezar, la red de b\u00e1dminton de Fsports es adecuada para jugadores de todas las edades. Con sus materiales de alta calidad y su construcci\u00f3n robusta, esta red puede soportar incluso los partidos m\u00e1s intensos y proporcionar\u00e1 horas de diversi\u00f3n para toda la familia.<\/span><\/li>\n<li><span class=\"a-list-item\">Regalo ideal: Esta red deportiva es un regalo ideal para cumplea\u00f1os, Navidad o cualquier otra fiesta. Con su construcci\u00f3n de alta calidad y uso vers\u00e1til, es seguro que traer\u00e1 alegr\u00eda a cualquier persona que ama los deportes y el aire libre. Adem\u00e1s, con la entrega r\u00e1pida de EE.UU. y una empresa con sede en EE.UU., puede confiar en nosotros para entregar su red de deportes de forma r\u00e1pida y fiable.<\/span><\/li>\n<\/ul>","protected":false},"excerpt":{"rendered":"<p>Apto para jugadores ocasionales y competitivos de todos los niveles y edades, tanto ni\u00f1os como adultos. Empiece una nueva tradici\u00f3n -o rivalidad- y mant\u00e9ngase activo en familia en su propio jard\u00edn.<br \/>\nLas raquetas de color a juego y tama\u00f1o oficial cuentan con un tejido de pol\u00edmero reforzado y marcos met\u00e1licos resistentes. Son ligeras y maniobrables: el equipamiento perfecto para el jugador novato o el ambicioso futuro profesional.<\/p>","protected":false},"featured_media":1466,"template":"","meta":{"_gspb_post_css":""},"product_brand":[],"product_cat":[34],"product_tag":[],"class_list":{"0":"post-1474","1":"product","2":"type-product","3":"status-publish","4":"has-post-thumbnail","6":"product_cat-badminton-net","8":"first","9":"instock","10":"shipping-taxable","11":"product-type-simple"},"_links":{"self":[{"href":"https:\/\/fsportsnet.com\/es\/wp-json\/wp\/v2\/product\/1474","targetHints":{"allow":["GET"]}}],"collection":[{"href":"https:\/\/fsportsnet.com\/es\/wp-json\/wp\/v2\/product"}],"about":[{"href":"https:\/\/fsportsnet.com\/es\/wp-json\/wp\/v2\/types\/product"}],"wp:featuredmedia":[{"embeddable":true,"href":"https:\/\/fsportsnet.com\/es\/wp-json\/wp\/v2\/media\/1466"}],"wp:attachment":[{"href":"https:\/\/fsportsnet.com\/es\/wp-json\/wp\/v2\/media?parent=1474"}],"wp:term":[{"taxonomy":"product_brand","embeddable":true,"href":"https:\/\/fsportsnet.com\/es\/wp-json\/wp\/v2\/product_brand?post=1474"},{"taxonomy":"product_cat","embeddable":true,"href":"https:\/\/fsportsnet.com\/es\/wp-json\/wp\/v2\/product_cat?post=1474"},{"taxonomy":"product_tag","embeddable":true,"href":"https:\/\/fsportsnet.com\/es\/wp-json\/wp\/v2\/product_tag?post=1474"}],"curies":[{"name":"wp","href":"https:\/\/api.w.org\/{rel}","templated":true}]}}