{"id":1476,"date":"2023-04-25T16:01:34","date_gmt":"2023-04-25T08:01:34","guid":{"rendered":"https:\/\/fsportsnet.com\/?post_type=product&#038;p=1476"},"modified":"2023-04-25T16:09:05","modified_gmt":"2023-04-25T08:09:05","slug":"multi-sports-net-volleyball-net-tennis-net-set-badminton-net-set-for-pickleball-volleyball-soccer-tennis","status":"publish","type":"product","link":"https:\/\/fsportsnet.com\/es\/product\/multi-sports-net-volleyball-net-tennis-net-set-badminton-net-set-for-pickleball-volleyball-soccer-tennis\/","title":{"rendered":"Red Multideporte Red de Voleibol Juego de Red de Tenis Juego de Red de B\u00e1dminton para Pickleball Voleibol F\u00fatbol Tenis"},"content":{"rendered":"<ul class=\"a-unordered-list a-vertical a-spacing-mini\">\n<li>RED AJUSTABLE PARA USO MULTIDEPORTE: Elija entre TRES ajustes de altura para diferentes opciones de juego o pr\u00e1ctica. Utilice la red en el ajuste m\u00e1s bajo como barrera de seguridad o barricada para evitar que las pelotas rueden hacia la calle; una gran elecci\u00f3n para los padres.<br \/>\nRED DISE\u00d1ADA PARA PISTAS CUBIERTAS O AL AIRE LIBRE (NO NECESITA ESTACAS): Ya sea para b\u00e1dminton, f\u00fatbol tenis, tenis sobre hierba o pickleball, esta red es una gran elecci\u00f3n para su familia y amigos. Juegue en cualquier lugar: en el c\u00e9sped, en la playa, en el patio trasero o en el gimnasio del colegio.<br \/>\nF\u00c1CIL DE MONTAR Y DESMONTAR: \u00a1se monta en menos de 5 minutos! El desmontaje del soporte de red resistente al \u00f3xido tambi\u00e9n es r\u00e1pido y sencillo. Hilo de nylon de alta calidad se utiliza para la red para asegurar a\u00f1os de diversi\u00f3n y disfrute sin la preocupaci\u00f3n de la rotura de la red.<br \/>\nF\u00c1CIL TRANSPORTE Y C\u00d3MODO ALMACENAMIENTO: El duradero conjunto de red deportiva es ligero, plegable, port\u00e1til y pr\u00e1ctico. INCLUYE bolsa de transporte para guardar los bastones y la red y llev\u00e1rtelos al gimnasio, al parque, de acampada, a reuniones o a fiestas de cumplea\u00f1os.<br \/>\nART\u00cdCULOS DE BONIFICACI\u00d3N: \u00bfQu\u00e9 clase de cancha de juego es oficial sin las l\u00edneas? Se incluyen cuatro estacas de tierra y l\u00edneas de borde fuera de los l\u00edmites para crear su propia cancha para el juego competitivo.<\/li>\n<\/ul>","protected":false},"excerpt":{"rendered":"<p>Nuestra red deportiva ha sido dise\u00f1ada para ser estable y fiable, con un robusto marco de acero que proporciona soporte y durabilidad adicionales. Tanto si juegas en casa como si te desplazas, esta red se mantendr\u00e1 en su sitio, lo que te permitir\u00e1 centrarte en tu juego y disfrutar de la competici\u00f3n.<\/p>","protected":false},"featured_media":1463,"template":"","meta":{"_gspb_post_css":""},"product_brand":[],"product_cat":[35],"product_tag":[],"class_list":{"0":"post-1476","1":"product","2":"type-product","3":"status-publish","4":"has-post-thumbnail","6":"product_cat-multi-sports-net","8":"first","9":"instock","10":"shipping-taxable","11":"product-type-simple"},"_links":{"self":[{"href":"https:\/\/fsportsnet.com\/es\/wp-json\/wp\/v2\/product\/1476","targetHints":{"allow":["GET"]}}],"collection":[{"href":"https:\/\/fsportsnet.com\/es\/wp-json\/wp\/v2\/product"}],"about":[{"href":"https:\/\/fsportsnet.com\/es\/wp-json\/wp\/v2\/types\/product"}],"wp:featuredmedia":[{"embeddable":true,"href":"https:\/\/fsportsnet.com\/es\/wp-json\/wp\/v2\/media\/1463"}],"wp:attachment":[{"href":"https:\/\/fsportsnet.com\/es\/wp-json\/wp\/v2\/media?parent=1476"}],"wp:term":[{"taxonomy":"product_brand","embeddable":true,"href":"https:\/\/fsportsnet.com\/es\/wp-json\/wp\/v2\/product_brand?post=1476"},{"taxonomy":"product_cat","embeddable":true,"href":"https:\/\/fsportsnet.com\/es\/wp-json\/wp\/v2\/product_cat?post=1476"},{"taxonomy":"product_tag","embeddable":true,"href":"https:\/\/fsportsnet.com\/es\/wp-json\/wp\/v2\/product_tag?post=1476"}],"curies":[{"name":"wp","href":"https:\/\/api.w.org\/{rel}","templated":true}]}}