{"id":1489,"date":"2023-04-25T17:01:12","date_gmt":"2023-04-25T09:01:12","guid":{"rendered":"https:\/\/fsportsnet.com\/?post_type=product&#038;p=1489"},"modified":"2023-04-25T17:02:19","modified_gmt":"2023-04-25T09:02:19","slug":"youth-street-hockey-net-steel-hockey-goal-for-kids-roller-junior-goal-54","status":"publish","type":"product","link":"https:\/\/fsportsnet.com\/es\/product\/youth-street-hockey-net-steel-hockey-goal-for-kids-roller-junior-goal-54\/","title":{"rendered":"Red de hockey calle juvenil porter\u00eda de hockey de acero para ni\u00f1os Roller Junior Goal 54\u2033."},"content":{"rendered":"<ul class=\"a-unordered-list a-vertical a-spacing-mini\">\n<li><span class=\"a-list-item\">RESISTENTE: Esta porter\u00eda de hockey callejero est\u00e1 construida con tubos de acero de 1\u2033 de di\u00e1metro dise\u00f1ados para durar temporada tras temporada.<\/span><\/li>\n<li><span class=\"a-list-item\">ESTILO PROFESIONAL: La porter\u00eda est\u00e1 dise\u00f1ada con un estante superior de estilo profesional y un soporte para la espalda para que puedas jugar como los profesionales.<\/span><\/li>\n<li><span class=\"a-list-item\">RED DURADERA: Esta porter\u00eda cuenta con una red de peso ultrapesado para que pueda soportar incluso los tiros de bofetada m\u00e1s duros.<\/span><\/li>\n<li><span class=\"a-list-item\">TODO TEMPO: Esta porter\u00eda est\u00e1 fabricada con materiales resistentes a todo tipo de clima para que puedas seguir jugando llueva o truene.<\/span><\/li>\n<li><span class=\"a-list-item\">TAMA\u00d1O PARA J\u00d3VENES: Con 54\u2033 x 44\u2033, esta porter\u00eda tiene el tama\u00f1o perfecto para que los jugadores de hockey juveniles jueguen y perfeccionen sus habilidades.<\/span><\/li>\n<\/ul>","protected":false},"excerpt":{"rendered":"<p>Fsports es un fabricante l\u00edder de redes de hockey de alta calidad para instalaciones de hockey en l\u00ednea y sobre hielo. Fabricamos redes de porter\u00eda personalizadas (porter\u00eda con red) y redes de protecci\u00f3n (juego completo) para estadios, pistas e instalaciones de entrenamiento, incluidas las de la NHL.<\/p>","protected":false},"featured_media":1492,"template":"","meta":{"_gspb_post_css":""},"product_brand":[],"product_cat":[37],"product_tag":[],"class_list":{"0":"post-1489","1":"product","2":"type-product","3":"status-publish","4":"has-post-thumbnail","6":"product_cat-hockey-goal","8":"first","9":"instock","10":"shipping-taxable","11":"product-type-simple"},"_links":{"self":[{"href":"https:\/\/fsportsnet.com\/es\/wp-json\/wp\/v2\/product\/1489","targetHints":{"allow":["GET"]}}],"collection":[{"href":"https:\/\/fsportsnet.com\/es\/wp-json\/wp\/v2\/product"}],"about":[{"href":"https:\/\/fsportsnet.com\/es\/wp-json\/wp\/v2\/types\/product"}],"wp:featuredmedia":[{"embeddable":true,"href":"https:\/\/fsportsnet.com\/es\/wp-json\/wp\/v2\/media\/1492"}],"wp:attachment":[{"href":"https:\/\/fsportsnet.com\/es\/wp-json\/wp\/v2\/media?parent=1489"}],"wp:term":[{"taxonomy":"product_brand","embeddable":true,"href":"https:\/\/fsportsnet.com\/es\/wp-json\/wp\/v2\/product_brand?post=1489"},{"taxonomy":"product_cat","embeddable":true,"href":"https:\/\/fsportsnet.com\/es\/wp-json\/wp\/v2\/product_cat?post=1489"},{"taxonomy":"product_tag","embeddable":true,"href":"https:\/\/fsportsnet.com\/es\/wp-json\/wp\/v2\/product_tag?post=1489"}],"curies":[{"name":"wp","href":"https:\/\/api.w.org\/{rel}","templated":true}]}}