{"id":1497,"date":"2023-04-25T17:02:32","date_gmt":"2023-04-25T09:02:32","guid":{"rendered":"https:\/\/fsportsnet.com\/?post_type=product&#038;p=1497"},"modified":"2023-04-26T08:32:29","modified_gmt":"2023-04-26T00:32:29","slug":"ezgoal-hockey-folding-pro-goal","status":"publish","type":"product","link":"https:\/\/fsportsnet.com\/es\/product\/ezgoal-hockey-folding-pro-goal\/","title":{"rendered":"Porter\u00eda de hockey callejero para ni\u00f1os NHL Porter\u00eda de hockey sobre patines de PVC port\u00e1til y ligera para j\u00f3venes con red 46\u2033."},"content":{"rendered":"<ul class=\"a-unordered-list a-vertical a-spacing-mini\">\n<li><span class=\"a-list-item\">PVC<\/span><\/li>\n<li><span class=\"a-list-item\">Importado<\/span><\/li>\n<li><span class=\"a-list-item\">JUEGUE DONDE QUIERA: Nuestras porter\u00edas de hockey ligeras est\u00e1n dise\u00f1adas para jugar donde quieras, ya sea en la entrada de casa, en la terraza o en el gimnasio.<\/span><\/li>\n<li><span class=\"a-list-item\">MONTAJE R\u00c1PIDO: La red de poli\u00e9ster preajustada y la fijaci\u00f3n de la red con funda de nailon permiten una larga durabilidad con un montaje sin esfuerzo.<\/span><\/li>\n<li><span class=\"a-list-item\">LIGERO Y PORT\u00c1TIL: Este set est\u00e1 fabricado en PVC ligero para montarlo f\u00e1cilmente o desmontarlo en segundos para guardarlo con facilidad<\/span><\/li>\n<li><span class=\"a-list-item\">IDEAL PARA NI\u00d1OS: Dise\u00f1ada para jugadores de hockey principiantes y juveniles, con esta porter\u00eda de 46\u2033 x 40\u2033 de tama\u00f1o la diversi\u00f3n nunca tiene que parar.<\/span><\/li>\n<li><span class=\"a-list-item\">OFICIAL DE HOCKEY DE CALLE DE LA NHL: Esta porter\u00eda de hockey tiene licencia oficial de la Liga Nacional de Hockey, s\u00f3lo para uso con bola oficial de hockey de calle de 2 5\/8\u2033.<\/span><\/li>\n<li><\/li>\n<\/ul>","protected":false},"excerpt":{"rendered":"<p>\u00a1Fsports 46\u2033 Sleeve Net Hockey Goal es perfecta para todos los principiantes que buscan jugar en las calles! La porter\u00eda cuenta con tubos de PVC de 1,5\u2033 de alto impacto y una red resistente de poli\u00e9ster 2.400D para todo tipo de clima. Se monta r\u00e1pidamente con su f\u00e1cil fijaci\u00f3n de red de manga y acoplamientos de ajuste de precisi\u00f3n. Este dise\u00f1o proporciona una construcci\u00f3n r\u00edgida. \u00a1Que empiece el juego! Tama\u00f1o de la porter\u00eda: 46\u2033 (ancho) X 40\u2033 (alto) X 22\u2033 (fondo).<\/p>","protected":false},"featured_media":1500,"template":"","meta":{"_gspb_post_css":""},"product_brand":[],"product_cat":[37],"product_tag":[],"class_list":{"0":"post-1497","1":"product","2":"type-product","3":"status-publish","4":"has-post-thumbnail","6":"product_cat-hockey-goal","8":"first","9":"instock","10":"shipping-taxable","11":"product-type-simple"},"_links":{"self":[{"href":"https:\/\/fsportsnet.com\/es\/wp-json\/wp\/v2\/product\/1497","targetHints":{"allow":["GET"]}}],"collection":[{"href":"https:\/\/fsportsnet.com\/es\/wp-json\/wp\/v2\/product"}],"about":[{"href":"https:\/\/fsportsnet.com\/es\/wp-json\/wp\/v2\/types\/product"}],"wp:featuredmedia":[{"embeddable":true,"href":"https:\/\/fsportsnet.com\/es\/wp-json\/wp\/v2\/media\/1500"}],"wp:attachment":[{"href":"https:\/\/fsportsnet.com\/es\/wp-json\/wp\/v2\/media?parent=1497"}],"wp:term":[{"taxonomy":"product_brand","embeddable":true,"href":"https:\/\/fsportsnet.com\/es\/wp-json\/wp\/v2\/product_brand?post=1497"},{"taxonomy":"product_cat","embeddable":true,"href":"https:\/\/fsportsnet.com\/es\/wp-json\/wp\/v2\/product_cat?post=1497"},{"taxonomy":"product_tag","embeddable":true,"href":"https:\/\/fsportsnet.com\/es\/wp-json\/wp\/v2\/product_tag?post=1497"}],"curies":[{"name":"wp","href":"https:\/\/api.w.org\/{rel}","templated":true}]}}