{"id":1502,"date":"2023-04-26T08:32:46","date_gmt":"2023-04-26T00:32:46","guid":{"rendered":"https:\/\/fsportsnet.com\/?post_type=product&#038;p=1502"},"modified":"2023-04-26T08:41:47","modified_gmt":"2023-04-26T00:41:47","slug":"better-hockey-extreme-goal-targets-sharp-shooting-training-aid","status":"publish","type":"product","link":"https:\/\/fsportsnet.com\/es\/product\/better-hockey-extreme-goal-targets-sharp-shooting-training-aid\/","title":{"rendered":"Better Hockey Extreme Goal Targets Ayuda para el entrenamiento de tiro preciso"},"content":{"rendered":"<ul class=\"a-unordered-list a-vertical a-spacing-mini\">\n<li><span class=\"a-list-item\">AY\u00daDATE A MARCAR M\u00c1S GOLES - estas ayudas inteligentes para el entrenamiento de hockey te ayudar\u00e1n a mejorar tu precisi\u00f3n de tiro<\/span><\/li>\n<li><span class=\"a-list-item\">PRACTICA COMO LOS PROS - estas innovadoras porter\u00edas de hockey son utilizadas por m\u00e1s de 100 jugadores de la NHL.<\/span><\/li>\n<li><span class=\"a-list-item\">TE PERMITE PROBAR M\u00daLTIPLES \u00c1NGULOS - viene en un juego de tres dianas para que puedas crear ejercicios que mejoren tu precisi\u00f3n<\/span><\/li>\n<li><span class=\"a-list-item\">HECHO DE LA MEJOR CALIDAD - material ligero extremadamente duradero. Despu\u00e9s de golpear los objetivos vuelven a su posici\u00f3n original<\/span><\/li>\n<li><span class=\"a-list-item\">SE ADAPTA A CUALQUIER RED DE HOCKEY DE TAMA\u00d1O REGULABLE - f\u00e1cil de instalar en segundos. La porter\u00eda de las fotos no est\u00e1 incluida<\/span><\/li>\n<\/ul>","protected":false},"excerpt":{"rendered":"<p>\u00a1Fsports Hockey Goal Target es perfecta para todos los principiantes que buscan jugar en la calle! La porter\u00eda cuenta con tubos de PVC de 1,5\u2033 de alto impacto y red preajustada de poli\u00e9ster 2.400D resistente a todo tipo de clima. Se monta r\u00e1pidamente con su f\u00e1cil fijaci\u00f3n de red de manga y acoplamientos de ajuste de precisi\u00f3n. Este dise\u00f1o proporciona una construcci\u00f3n r\u00edgida. \u00a1Que empiece el juego! Tama\u00f1o de la porter\u00eda: 46\u2033 (ancho) X 40\u2033 (alto) X 22\u2033 (fondo).<\/p>","protected":false},"featured_media":1494,"template":"","meta":{"_gspb_post_css":""},"product_brand":[],"product_cat":[37],"product_tag":[],"class_list":{"0":"post-1502","1":"product","2":"type-product","3":"status-publish","4":"has-post-thumbnail","6":"product_cat-hockey-goal","8":"first","9":"instock","10":"shipping-taxable","11":"product-type-simple"},"_links":{"self":[{"href":"https:\/\/fsportsnet.com\/es\/wp-json\/wp\/v2\/product\/1502","targetHints":{"allow":["GET"]}}],"collection":[{"href":"https:\/\/fsportsnet.com\/es\/wp-json\/wp\/v2\/product"}],"about":[{"href":"https:\/\/fsportsnet.com\/es\/wp-json\/wp\/v2\/types\/product"}],"wp:featuredmedia":[{"embeddable":true,"href":"https:\/\/fsportsnet.com\/es\/wp-json\/wp\/v2\/media\/1494"}],"wp:attachment":[{"href":"https:\/\/fsportsnet.com\/es\/wp-json\/wp\/v2\/media?parent=1502"}],"wp:term":[{"taxonomy":"product_brand","embeddable":true,"href":"https:\/\/fsportsnet.com\/es\/wp-json\/wp\/v2\/product_brand?post=1502"},{"taxonomy":"product_cat","embeddable":true,"href":"https:\/\/fsportsnet.com\/es\/wp-json\/wp\/v2\/product_cat?post=1502"},{"taxonomy":"product_tag","embeddable":true,"href":"https:\/\/fsportsnet.com\/es\/wp-json\/wp\/v2\/product_tag?post=1502"}],"curies":[{"name":"wp","href":"https:\/\/api.w.org\/{rel}","templated":true}]}}