{"id":1503,"date":"2023-04-26T08:33:01","date_gmt":"2023-04-26T00:33:01","guid":{"rendered":"https:\/\/fsportsnet.com\/?post_type=product&#038;p=1503"},"modified":"2023-04-26T08:36:11","modified_gmt":"2023-04-26T00:36:11","slug":"ezgoal-hockey-folding-pro-goal-2","status":"publish","type":"product","link":"https:\/\/fsportsnet.com\/es\/product\/ezgoal-hockey-folding-pro-goal-2\/","title":{"rendered":"Porter\u00eda profesional plegable de hockey EZGoal"},"content":{"rendered":"<ul class=\"a-unordered-list a-vertical a-spacing-mini\">\n<li><span class=\"a-list-item\">Marco curvado de calibre 18 de estilo profesional y estante superior<\/span><\/li>\n<li><span class=\"a-list-item\">2\u2033 Marco de acero con recubrimiento en polvo de construcci\u00f3n r\u00edgida<\/span><\/li>\n<li><span class=\"a-list-item\">Mecanismo de plegado Rock Solid pendiente de patente para guardarlo plano<\/span><\/li>\n<li><span class=\"a-list-item\">Red de polipropileno resistente con tratamiento UV y fald\u00f3n inferior reforzado con nailon Garant\u00eda de por vida en la red de la porter\u00eda<\/span><\/li>\n<li><span class=\"a-list-item\">Tama\u00f1o reglamentario: 72\u2033 de ancho x 48\u2033 de alto.<\/span><\/li>\n<li><span class=\"a-list-item\">Tipo de deporte: F\u00fatbol, Hockey<\/span><\/li>\n<\/ul>","protected":false},"excerpt":{"rendered":"<p>\u00a1Fsports 72\u2033 Sleeve Net Hockey Goal es perfecta para todos los principiantes que buscan jugar en la calle! Se monta r\u00e1pidamente con su f\u00e1cil fijaci\u00f3n de red de manga y acoplamientos de ajuste de precisi\u00f3n. Este dise\u00f1o proporciona una construcci\u00f3n r\u00edgida. \u00a1Que empiecen los partidos! Tama\u00f1o de la porter\u00eda: <span class=\"a-list-item\">72\u2033 de ancho x 48\u2033 de alto.<\/span><\/p>","protected":false},"featured_media":1495,"template":"","meta":{"_gspb_post_css":""},"product_brand":[],"product_cat":[37],"product_tag":[],"class_list":{"0":"post-1503","1":"product","2":"type-product","3":"status-publish","4":"has-post-thumbnail","6":"product_cat-hockey-goal","8":"first","9":"instock","10":"shipping-taxable","11":"product-type-simple"},"_links":{"self":[{"href":"https:\/\/fsportsnet.com\/es\/wp-json\/wp\/v2\/product\/1503","targetHints":{"allow":["GET"]}}],"collection":[{"href":"https:\/\/fsportsnet.com\/es\/wp-json\/wp\/v2\/product"}],"about":[{"href":"https:\/\/fsportsnet.com\/es\/wp-json\/wp\/v2\/types\/product"}],"wp:featuredmedia":[{"embeddable":true,"href":"https:\/\/fsportsnet.com\/es\/wp-json\/wp\/v2\/media\/1495"}],"wp:attachment":[{"href":"https:\/\/fsportsnet.com\/es\/wp-json\/wp\/v2\/media?parent=1503"}],"wp:term":[{"taxonomy":"product_brand","embeddable":true,"href":"https:\/\/fsportsnet.com\/es\/wp-json\/wp\/v2\/product_brand?post=1503"},{"taxonomy":"product_cat","embeddable":true,"href":"https:\/\/fsportsnet.com\/es\/wp-json\/wp\/v2\/product_cat?post=1503"},{"taxonomy":"product_tag","embeddable":true,"href":"https:\/\/fsportsnet.com\/es\/wp-json\/wp\/v2\/product_tag?post=1503"}],"curies":[{"name":"wp","href":"https:\/\/api.w.org\/{rel}","templated":true}]}}