{"id":1547,"date":"2023-04-26T09:23:42","date_gmt":"2023-04-26T01:23:42","guid":{"rendered":"https:\/\/fsportsnet.com\/?post_type=product&#038;p=1547"},"modified":"2023-04-26T09:36:52","modified_gmt":"2023-04-26T01:36:52","slug":"mini-kids-lacrosse-net-with-steel-frame-4-x-4","status":"publish","type":"product","link":"https:\/\/fsportsnet.com\/es\/product\/mini-kids-lacrosse-net-with-steel-frame-4-x-4\/","title":{"rendered":"Mini red de lacrosse para ni\u00f1os con marco de acero 4\u2032 x 4\u2032"},"content":{"rendered":"<p>MONTAJE Y DESMONTAJE INSTANT\u00c1NEOS: f\u00e1cil de montar y desmontar en menos de 3 minutos para que puedas jugar o practicar en cualquier parte<br \/>\nLO \u00daLTIMO EN AYUDA AL ENTRENAMIENTO: Red de entrenamiento perfecta para jugadores de lacrosse de todos los niveles de Small Kids para partidos, escaramuzas o sesiones de entrenamiento.<br \/>\nTAMA\u00d1O REGULABLE: La abertura de la porter\u00eda mide 4 pies de ancho x 4 pies de alto. El juego completo incluye red de lacrosse, marco y funda de transporte port\u00e1til.<br \/>\nIMPRESCINDIBLE PARA ENTRENADORES Y JUGADORES: Muy adecuado para los programas de LAX y organizaciones que exigen rendimiento y calidad sin romper el banco.<br \/>\nCONSTRUCCI\u00d3N DURADERA: El armaz\u00f3n reforzado plegable tipo arco viene con red de poli\u00e9ster de alta densidad y bolsa de transporte port\u00e1til; ideal para jugadores de lacrosse, entrenadores y campamentos.<\/p>\n<p>1.Tama\u00f1o: 4 X 4\u2032<br \/>\n2.Frame: \u03a625 x 1.0mm tubo de acero &amp; \u03a612.7mm postes de fibra de vidrio.<br \/>\n3.Red: 5 capas de poli\u00e9ster de 1,5\u201d sin nudos y tejido oxford 420\/600D<br \/>\nTama\u00f1o del envase individual: 64X10X18 cm<\/p>","protected":false},"excerpt":{"rendered":"<ul class=\"a-unordered-list a-vertical a-spacing-mini\">\n<li><span class=\"a-list-item\">APRENDE A JUGAR: \u00a1esta porter\u00eda juvenil es perfecta para que los ni\u00f1os peque\u00f1os practiquen sus habilidades de lacrosse y desarrollen el amor por el juego!<\/span><\/li>\n<li><span class=\"a-list-item\">MONTAJE R\u00c1PIDO Y F\u00c1CIL: Esta porter\u00eda es extremadamente f\u00e1cil de montar. Basta con deslizar los tubos a trav\u00e9s de la red y conectar cada esquina. Incluye hoja de instrucciones<\/span><\/li>\n<li><span class=\"a-list-item\">MEJORA LA COORDINACI\u00d3N: \u00a1Esta porter\u00eda de color naranja brillante ayudar\u00e1 a los ni\u00f1os a centrarse en su objetivo y a mejorar su lanzamiento y punter\u00eda!<\/span><\/li>\n<li><span class=\"a-list-item\">TAMA\u00d1O JUVENIL: La red de 4x4 pies tiene el tama\u00f1o perfecto para que los jugadores j\u00f3venes practiquen sus habilidades de tiro y de portero.<\/span><\/li>\n<li><span class=\"a-list-item\">PORTATIL: Hemos dise\u00f1ado esta porter\u00eda para que sea ligera y port\u00e1til, de modo que puedas llevarla f\u00e1cilmente al patio, a la playa, al parque o a cualquier otro lugar al que te lleve el juego.<\/span><\/li>\n<\/ul>","protected":false},"featured_media":1515,"template":"","meta":{"_gspb_post_css":""},"product_brand":[],"product_cat":[38],"product_tag":[],"class_list":{"0":"post-1547","1":"product","2":"type-product","3":"status-publish","4":"has-post-thumbnail","6":"product_cat-lacrosse-goal","8":"first","9":"instock","10":"shipping-taxable","11":"product-type-simple"},"_links":{"self":[{"href":"https:\/\/fsportsnet.com\/es\/wp-json\/wp\/v2\/product\/1547","targetHints":{"allow":["GET"]}}],"collection":[{"href":"https:\/\/fsportsnet.com\/es\/wp-json\/wp\/v2\/product"}],"about":[{"href":"https:\/\/fsportsnet.com\/es\/wp-json\/wp\/v2\/types\/product"}],"wp:featuredmedia":[{"embeddable":true,"href":"https:\/\/fsportsnet.com\/es\/wp-json\/wp\/v2\/media\/1515"}],"wp:attachment":[{"href":"https:\/\/fsportsnet.com\/es\/wp-json\/wp\/v2\/media?parent=1547"}],"wp:term":[{"taxonomy":"product_brand","embeddable":true,"href":"https:\/\/fsportsnet.com\/es\/wp-json\/wp\/v2\/product_brand?post=1547"},{"taxonomy":"product_cat","embeddable":true,"href":"https:\/\/fsportsnet.com\/es\/wp-json\/wp\/v2\/product_cat?post=1547"},{"taxonomy":"product_tag","embeddable":true,"href":"https:\/\/fsportsnet.com\/es\/wp-json\/wp\/v2\/product_tag?post=1547"}],"curies":[{"name":"wp","href":"https:\/\/api.w.org\/{rel}","templated":true}]}}