{"id":1549,"date":"2023-04-26T09:40:57","date_gmt":"2023-04-26T01:40:57","guid":{"rendered":"https:\/\/fsportsnet.com\/?post_type=product&#038;p=1549"},"modified":"2023-04-26T09:47:27","modified_gmt":"2023-04-26T01:47:27","slug":"6-x-6-lacrosse-goal-with-steel-frame-backyard-goal-for-youth-lacrosse","status":"publish","type":"product","link":"https:\/\/fsportsnet.com\/es\/product\/6-x-6-lacrosse-goal-with-steel-frame-backyard-goal-for-youth-lacrosse\/","title":{"rendered":"Porter\u00eda de lacrosse de 6\u2032 x 6\u2032 con marco de acero porter\u00eda de patio para lacrosse juvenil"},"content":{"rendered":"<p>MONTAJE Y DESMONTAJE INSTANT\u00c1NEOS: f\u00e1cil de montar y desmontar en menos de 3 minutos para que puedas jugar o practicar en cualquier parte<br \/>\nLO \u00daLTIMO EN AYUDA AL ENTRENAMIENTO: Red de entrenamiento perfecta para jugadores de lacrosse de todos los niveles para partidos, escaramuzas o sesiones de entrenamiento.<br \/>\nTAMA\u00d1O DE LA PORTER\u00cdA: La abertura de la porter\u00eda mide 6 pies de ancho x 6 pies de alto x 6.5 pies de profundidad. El juego completo incluye red de lacrosse, marco y funda de transporte port\u00e1til.<br \/>\nIMPRESCINDIBLE PARA ENTRENADORES Y JUGADORES: Muy adecuado para los programas de LAX y organizaciones que exigen rendimiento y calidad sin romper el banco.<br \/>\nCONSTRUCCI\u00d3N DURADERA: El armaz\u00f3n reforzado plegable tipo arco viene con red de poli\u00e9ster de alta densidad y bolsa de transporte port\u00e1til; ideal para jugadores de lacrosse, entrenadores y campamentos.<\/p>\n<p>1.Tama\u00f1o: 4 X 4\u2032, 6 x 6\u2032.<br \/>\n2.Frame: \u03a625 x 1.0mm tubo de acero &amp; \u03a612.7mm postes de fibra de vidrio.<br \/>\n3.Red: 5 capas de poli\u00e9ster de 1,5\u201d sin nudos y tejido oxford 420\/600D<br \/>\nTama\u00f1o del envase individual: 64X10X18 cm<\/p>","protected":false},"excerpt":{"rendered":"<p>Red de lacrosse reglamentaria de 6\u2032 x 6\u2032 con marco de acero Porter\u00eda de lacrosse port\u00e1til Porter\u00edas de lacrosse colegial<br \/>\nPorter\u00eda de lacrosse port\u00e1til<\/p>","protected":false},"featured_media":1514,"template":"","meta":{"_gspb_post_css":""},"product_brand":[],"product_cat":[38],"product_tag":[],"class_list":{"0":"post-1549","1":"product","2":"type-product","3":"status-publish","4":"has-post-thumbnail","6":"product_cat-lacrosse-goal","8":"first","9":"instock","10":"shipping-taxable","11":"product-type-simple"},"_links":{"self":[{"href":"https:\/\/fsportsnet.com\/es\/wp-json\/wp\/v2\/product\/1549","targetHints":{"allow":["GET"]}}],"collection":[{"href":"https:\/\/fsportsnet.com\/es\/wp-json\/wp\/v2\/product"}],"about":[{"href":"https:\/\/fsportsnet.com\/es\/wp-json\/wp\/v2\/types\/product"}],"wp:featuredmedia":[{"embeddable":true,"href":"https:\/\/fsportsnet.com\/es\/wp-json\/wp\/v2\/media\/1514"}],"wp:attachment":[{"href":"https:\/\/fsportsnet.com\/es\/wp-json\/wp\/v2\/media?parent=1549"}],"wp:term":[{"taxonomy":"product_brand","embeddable":true,"href":"https:\/\/fsportsnet.com\/es\/wp-json\/wp\/v2\/product_brand?post=1549"},{"taxonomy":"product_cat","embeddable":true,"href":"https:\/\/fsportsnet.com\/es\/wp-json\/wp\/v2\/product_cat?post=1549"},{"taxonomy":"product_tag","embeddable":true,"href":"https:\/\/fsportsnet.com\/es\/wp-json\/wp\/v2\/product_tag?post=1549"}],"curies":[{"name":"wp","href":"https:\/\/api.w.org\/{rel}","templated":true}]}}