{"id":1553,"date":"2023-04-26T09:58:07","date_gmt":"2023-04-26T01:58:07","guid":{"rendered":"https:\/\/fsportsnet.com\/?post_type=product&#038;p=1553"},"modified":"2023-04-26T10:03:27","modified_gmt":"2023-04-26T02:03:27","slug":"4ft-kids-lacrosse-goal-backyard-training-exercise-lacrosse-net","status":"publish","type":"product","link":"https:\/\/fsportsnet.com\/es\/product\/4ft-kids-lacrosse-goal-backyard-training-exercise-lacrosse-net\/","title":{"rendered":"4ft Kids Lacrosse Goal Backyard Training Exercise Lacrosse Net"},"content":{"rendered":"<ul class=\"a-unordered-list a-vertical a-spacing-mini\">\n<li><span class=\"a-list-item\">El mejor equipo de entrenamiento de lacrosse - Es mucho m\u00e1s port\u00e1til que las redes de acero normales, incluso cabe en la parte trasera de su todoterreno o simplemente puede llevarla al hombro, \u00a1cogerla e irse a practicar a cualquier parte!<\/span><\/li>\n<li><span class=\"a-list-item\">F\u00e1cil de abrir y plegar - Es muy f\u00e1cil de abrir y plegar en pocos minutos. Basta con plegar la porter\u00eda para reducir su tama\u00f1o y guardarla en la bolsa de transporte suministrada. Incluso un ni\u00f1o puede abrirla y desmontarla f\u00e1cilmente por s\u00ed solo.<\/span><\/li>\n<li><span class=\"a-list-item\">\u00a1Marco de fibra de vidrio duradero - Nuestro objetivo es todo tiempo dise\u00f1ado por la tecnolog\u00eda de bobinado de filamentos, es resistente y lo suficientemente flexible como para contra el viento fuerte repentino! No dejes que el tiempo arruine tu d\u00eda.<\/span><\/li>\n<li><span class=\"a-list-item\">Los mejores regalos de lacrosse para ni\u00f1os - Es port\u00e1til, f\u00e1cil de abrir y plegar que incluso un ni\u00f1o puede configurar por s\u00ed mismo. \u00a1Absolutamente el regalo m\u00e1s exclusivo para los ni\u00f1os y adolescentes que aman lacrosse!<\/span><\/li>\n<li><span class=\"a-list-item\">Para todos los amantes del lacrosse - Encontrar el equipo de entrenamiento adecuado es una parte importante para completar su paquete de equipamiento de lacrosse. La mejor opci\u00f3n para los entusiastas del lacrosse, nuestra porter\u00eda de lacrosse.<\/span><\/li>\n<\/ul>","protected":false},"excerpt":{"rendered":"<h4 class=\"a-spacing-mini\">Instalaci\u00f3n r\u00e1pida y sencilla<\/h4>\n<p>La porter\u00eda tiene un dise\u00f1o de plegado r\u00e1pido que permite montarla en segundos sin esfuerzo. Es f\u00e1cil y sencillo montar la porter\u00eda sin necesidad de herramientas ni tornillos. Incluso un ni\u00f1o puede montarla f\u00e1cilmente por s\u00ed solo. Empiece a practicar de inmediato y ya no tendr\u00e1 que perder el tiempo montando la porter\u00eda.<\/p>","protected":false},"featured_media":1525,"template":"","meta":{"_gspb_post_css":""},"product_brand":[],"product_cat":[38],"product_tag":[],"class_list":{"0":"post-1553","1":"product","2":"type-product","3":"status-publish","4":"has-post-thumbnail","6":"product_cat-lacrosse-goal","8":"first","9":"instock","10":"shipping-taxable","11":"product-type-simple"},"_links":{"self":[{"href":"https:\/\/fsportsnet.com\/es\/wp-json\/wp\/v2\/product\/1553","targetHints":{"allow":["GET"]}}],"collection":[{"href":"https:\/\/fsportsnet.com\/es\/wp-json\/wp\/v2\/product"}],"about":[{"href":"https:\/\/fsportsnet.com\/es\/wp-json\/wp\/v2\/types\/product"}],"wp:featuredmedia":[{"embeddable":true,"href":"https:\/\/fsportsnet.com\/es\/wp-json\/wp\/v2\/media\/1525"}],"wp:attachment":[{"href":"https:\/\/fsportsnet.com\/es\/wp-json\/wp\/v2\/media?parent=1553"}],"wp:term":[{"taxonomy":"product_brand","embeddable":true,"href":"https:\/\/fsportsnet.com\/es\/wp-json\/wp\/v2\/product_brand?post=1553"},{"taxonomy":"product_cat","embeddable":true,"href":"https:\/\/fsportsnet.com\/es\/wp-json\/wp\/v2\/product_cat?post=1553"},{"taxonomy":"product_tag","embeddable":true,"href":"https:\/\/fsportsnet.com\/es\/wp-json\/wp\/v2\/product_tag?post=1553"}],"curies":[{"name":"wp","href":"https:\/\/api.w.org\/{rel}","templated":true}]}}