{"id":1554,"date":"2023-04-26T10:04:07","date_gmt":"2023-04-26T02:04:07","guid":{"rendered":"https:\/\/fsportsnet.com\/?post_type=product&#038;p=1554"},"modified":"2023-04-26T10:27:10","modified_gmt":"2023-04-26T02:27:10","slug":"ezgoal-lacrosse-folding-goal-with-steel-frame","status":"publish","type":"product","link":"https:\/\/fsportsnet.com\/es\/product\/ezgoal-lacrosse-folding-goal-with-steel-frame\/","title":{"rendered":"Blancos de tiro de porter\u00eda de lacrosse Blancos de esquina para pr\u00e1cticas de tiro"},"content":{"rendered":"<ul class=\"a-unordered-list a-vertical a-spacing-mini\">\n<li><span class=\"a-list-item\">Objetivo de tiro Premium: Este objetivo de tiro impermeable de peso pesado est\u00e1 hecho de tela de nylon de calidad, el objetivo de lacrosse de tela es port\u00e1til y f\u00e1cil de plegar No se romper\u00e1 o se desvanecer\u00e1 f\u00e1cilmente y puede soportar la mayor\u00eda de las condiciones clim\u00e1ticas<\/span><\/li>\n<li><span class=\"a-list-item\">Porter\u00edas de lacrosse de tama\u00f1o oficial: 6\u2032 x 6\u2032 Dise\u00f1ado para su uso en porter\u00edas de lacrosse de tama\u00f1o oficial para jugadores adultos y juveniles.<\/span><\/li>\n<li><span class=\"a-list-item\">9 Zonas de Tiro:Esta diana de tiro de primera calidad cuenta con 9 zonas de tiro realistas para ayudar a los jugadores a practicar su precisi\u00f3n de tiro sin necesidad de un portero, desde ni\u00f1os hasta experimentados, nuestras porter\u00edas de lacrosse son para principiantes, intermedios y jugadores avanzados.<\/span><\/li>\n<li><span class=\"a-list-item\">F\u00e1ciles de instalar y transportar: equipados con 16 hebillas de cord\u00f3n el\u00e1stico que se pueden instalar y ajustar f\u00e1cilmente seg\u00fan tus necesidades, y puedes plegar f\u00e1cilmente los accesorios de lacrosse y guardarlos en una bolsa, ligeros para que los lleves donde necesites, sin ocupar demasiado espacio ni energ\u00eda<\/span><\/li>\n<\/ul>\n<ul class=\"a-unordered-list a-vertical a-spacing-mini\">\n<li>\u00a01. Dimensiones: 6x6x7ft<br \/>\n2. Marco: 31.8\u00d70.8mm con 50pcs bungees<br \/>\n3. Red: Red sin nudos de poli\u00e9ster 7ply 1,5<br \/>\n4. Peso: 11,35 kilogramos<br \/>\n5. Tama\u00f1o del embalaje: 39,4 x 16,4 x 4,8 pulgadas<\/li>\n<\/ul>","protected":false},"excerpt":{"rendered":"<h4 class=\"a-spacing-mini\">Construir para jugar en el jard\u00edn y al aire libre<\/h4>\n<p>Nuestra porter\u00eda de lacrosse est\u00e1 dise\u00f1ada para juegos en el patio trasero y pr\u00e1cticas al aire libre. Con el marco de acero duradero y clavijas de tierra para asegurar la meta al suelo, ayudarle contra el clima impredecible. Porter\u00eda robusta y estable le proporciona una experiencia de entrenamiento sin parar que nunca has tenido.<\/p>","protected":false},"featured_media":1529,"template":"","meta":{"_gspb_post_css":""},"product_brand":[],"product_cat":[38],"product_tag":[],"class_list":{"0":"post-1554","1":"product","2":"type-product","3":"status-publish","4":"has-post-thumbnail","6":"product_cat-lacrosse-goal","8":"first","9":"instock","10":"shipping-taxable","11":"product-type-simple"},"_links":{"self":[{"href":"https:\/\/fsportsnet.com\/es\/wp-json\/wp\/v2\/product\/1554","targetHints":{"allow":["GET"]}}],"collection":[{"href":"https:\/\/fsportsnet.com\/es\/wp-json\/wp\/v2\/product"}],"about":[{"href":"https:\/\/fsportsnet.com\/es\/wp-json\/wp\/v2\/types\/product"}],"wp:featuredmedia":[{"embeddable":true,"href":"https:\/\/fsportsnet.com\/es\/wp-json\/wp\/v2\/media\/1529"}],"wp:attachment":[{"href":"https:\/\/fsportsnet.com\/es\/wp-json\/wp\/v2\/media?parent=1554"}],"wp:term":[{"taxonomy":"product_brand","embeddable":true,"href":"https:\/\/fsportsnet.com\/es\/wp-json\/wp\/v2\/product_brand?post=1554"},{"taxonomy":"product_cat","embeddable":true,"href":"https:\/\/fsportsnet.com\/es\/wp-json\/wp\/v2\/product_cat?post=1554"},{"taxonomy":"product_tag","embeddable":true,"href":"https:\/\/fsportsnet.com\/es\/wp-json\/wp\/v2\/product_tag?post=1554"}],"curies":[{"name":"wp","href":"https:\/\/api.w.org\/{rel}","templated":true}]}}